{"id":559,"date":"2024-05-14T18:30:48","date_gmt":"2024-05-14T18:30:48","guid":{"rendered":"https:\/\/oztravel.hr\/homepage\/"},"modified":"2025-05-20T14:17:19","modified_gmt":"2025-05-20T14:17:19","slug":"homepage","status":"publish","type":"page","link":"https:\/\/oztravel.hr\/de\/","title":{"rendered":"Startseite"},"content":{"rendered":"<p>[et_pb_section fb_built=&#8220;1&#8243; fullwidth=&#8220;on&#8220; _builder_version=&#8220;4.24.0&#8243; _module_preset=&#8220;default&#8220; global_colors_info=&#8220;{}&#8220;][et_pb_fullwidth_header title=&#8220;Taxi- und Personen transport auf der Insel Krk und in ganz Kroatien&#8220; subhead=&#8220;Zuverl\u00e4ssiger, komfortabler und sicherer Transport&#8220; text_orientation=&#8220;center&#8220; button_one_url=&#8220;#kontakt&#8220; _builder_version=&#8220;4.27.3&#8243; _module_preset=&#8220;default&#8220; background_color=&#8220;#d6d6d6&#8243; background_image=&#8220;https:\/\/oztravel.hr\/wp-content\/uploads\/2024\/06\/oz-travel-homepage.webp&#8220; background_blend=&#8220;multiply&#8220; custom_css_header_container=&#8220;min-height: 40svh;&#8220; text_shadow_style=&#8220;preset4&#8243; global_colors_info=&#8220;{}&#8220;][\/et_pb_fullwidth_header][\/et_pb_section][et_pb_section fb_built=&#8220;1&#8243; _builder_version=&#8220;4.24.0&#8243; _module_preset=&#8220;default&#8220; background_color=&#8220;#000000&#8243; global_colors_info=&#8220;{}&#8220;][et_pb_row use_custom_gutter=&#8220;on&#8220; gutter_width=&#8220;2&#8243; _builder_version=&#8220;4.24.0&#8243; _module_preset=&#8220;default&#8220; global_colors_info=&#8220;{}&#8220;][et_pb_column type=&#8220;4_4&#8243; _builder_version=&#8220;4.24.0&#8243; _module_preset=&#8220;default&#8220; global_colors_info=&#8220;{}&#8220;][et_pb_text _builder_version=&#8220;4.27.3&#8243; _module_preset=&#8220;default&#8220; text_font_size=&#8220;19px&#8220; background_layout=&#8220;dark&#8220; custom_margin=&#8220;||||false|false&#8220; global_colors_info=&#8220;{}&#8220;]<\/p>\n<p>Suchen Sie einen zuverl\u00e4ssigen Taxidienst auf der Insel Krk oder einen komfortablen Transfer zu Flugh\u00e4fen und anderen Zielen in Kroatien und den Nachbarl\u00e4ndern? Travel &amp; Taxi Oz Krk bietet Ihnen einen erstklassigen Transportservice mit Fokus auf Sauberkeit, P\u00fcnktlichkeit und Komfort.<\/p>\n<p>&nbsp;<\/p>\n<h2>Unsere Dienstleistungen:<\/h2>\n<ul>\n<li><strong>Taxi transport auf der Insel Krk<\/strong> \u2013 schnell und sicher zu allen Zielen<\/li>\n<li><strong>Flughafentransfers <\/strong>\u2013 Rijeka, Zagreb, Ljubljana, Zadar, Pula\u2026<\/li>\n<li><strong>Privat- und Gesch\u00e4fts transport<\/strong> \u2013 Luxusfahrzeuge f\u00fcr Ihre Bed\u00fcrfnisse<\/li>\n<li><strong>Ausfl\u00fcge und Tagesreisen<\/strong> \u2013 besuchen Sie die Plitvicer Seen, Istrien, Dubrovnik und andere Orte<\/li>\n<li><strong>Gruppen transport<\/strong> \u2013 Minivan f\u00fcr Familien und gr\u00f6\u00dfere Gruppen<\/li>\n<\/ul>\n<p>[\/et_pb_text][dsm_button button_one_text=&#8220;Anfrage senden&#8220; button_one_url=&#8220;#kontakt&#8220; button_two_text=&#8220;Rufen Sie uns an&#8220; button_two_url_type=&#8220;phone&#8220; button_two_phone_number=&#8220;+385993406329&#8243; button_alignment=&#8220;center&#8220; _builder_version=&#8220;4.25.2&#8243; _module_preset=&#8220;default&#8220; locked=&#8220;off&#8220; global_colors_info=&#8220;{}&#8220;][\/dsm_button][dsm_icon_list _builder_version=&#8220;4.27.3&#8243; _module_preset=&#8220;default&#8220; global_colors_info=&#8220;{}&#8220;][\/dsm_icon_list][\/et_pb_column][\/et_pb_row][\/et_pb_section][et_pb_section fb_built=&#8220;1&#8243; _builder_version=&#8220;4.24.0&#8243; _module_preset=&#8220;default&#8220; global_colors_info=&#8220;{}&#8220;][et_pb_row column_structure=&#8220;1_3,1_3,1_3&#8243; _builder_version=&#8220;4.24.0&#8243; _module_preset=&#8220;default&#8220; width=&#8220;95%&#8220; max_width=&#8220;1920px&#8220; global_colors_info=&#8220;{}&#8220;][et_pb_column type=&#8220;1_3&#8243; _builder_version=&#8220;4.24.0&#8243; _module_preset=&#8220;default&#8220; background_color=&#8220;#efefef&#8220; custom_padding=&#8220;10px|10px|10px|10px|true|true&#8220; global_colors_info=&#8220;{}&#8220;][et_pb_blurb title=&#8220;Schneller und zuverl\u00e4ssiger Taxidienst&#8220; image=&#8220;https:\/\/oztravel.hr\/wp-content\/uploads\/2024\/06\/taxi-znak.webp&#8220; _builder_version=&#8220;4.24.0&#8243; _module_preset=&#8220;default&#8220; header_font=&#8220;|700|||||||&#8220; header_font_size=&#8220;28px&#8220; text_orientation=&#8220;center&#8220; custom_css_blurb_content=&#8220;p {||  max-width:90%;||  margin-inline:auto;||}&#8220; global_colors_info=&#8220;{}&#8220;]<\/p>\n<p><span>Unsere modernen und sauberen Taxis sind die beste Wahl f\u00fcr schnelle und effiziente Fahrten innerhalb von Krk und Umgebung. Ob Sie Tourist oder Einheimischer sind, unser Service ist auf Ihre Bed\u00fcrfnisse zugeschnitten. <\/span><\/p>\n<p>[\/et_pb_blurb][et_pb_button button_url=&#8220;@ET-DC@eyJkeW5hbWljIjp0cnVlLCJjb250ZW50IjoicG9zdF9saW5rX3VybF9wYWdlIiwic2V0dGluZ3MiOnsicG9zdF9pZCI6IjMxIn19@&#8220; button_text=&#8220;Mehr erfahren&#8220; button_alignment=&#8220;center&#8220; _builder_version=&#8220;4.25.2&#8243; _dynamic_attributes=&#8220;button_url&#8220; _module_preset=&#8220;default&#8220; custom_css_main_element=&#8220;width: 100%;&#8220; global_colors_info=&#8220;{}&#8220;][\/et_pb_button][\/et_pb_column][et_pb_column type=&#8220;1_3&#8243; _builder_version=&#8220;4.24.0&#8243; _module_preset=&#8220;default&#8220; background_color=&#8220;#efefef&#8220; custom_padding=&#8220;10px|10px|10px|10px|false|false&#8220; global_colors_info=&#8220;{}&#8220;][et_pb_blurb title=&#8220;Bequemer Transport f\u00fcr Ihre Gruppen&#8220; image=&#8220;https:\/\/oztravel.hr\/wp-content\/uploads\/2024\/06\/kombi-thumb.webp&#8220; _builder_version=&#8220;4.24.0&#8243; _module_preset=&#8220;default&#8220; header_font=&#8220;|700|||||||&#8220; header_font_size=&#8220;28px&#8220; text_orientation=&#8220;center&#8220; custom_css_blurb_content=&#8220;p {||  max-width:90%;||  margin-inline:auto;||}&#8220; global_colors_info=&#8220;{}&#8220;]<\/p>\n<p><span>Die ideale L\u00f6sung f\u00fcr organisierte Ausfl\u00fcge, Gesch\u00e4ftsreisen und Schulausfl\u00fcge. Unsere Minibusse und Busse bieten Komfort, Sicherheit und Flexibilit\u00e4t f\u00fcr jede Gruppe und Gelegenheit. <\/span><\/p>\n<p>[\/et_pb_blurb][et_pb_button button_url=&#8220;@ET-DC@eyJkeW5hbWljIjp0cnVlLCJjb250ZW50IjoicG9zdF9saW5rX3VybF9wYWdlIiwic2V0dGluZ3MiOnsicG9zdF9pZCI6IjQ0In19@&#8220; button_text=&#8220;Mehr erfahren&#8220; button_alignment=&#8220;center&#8220; _builder_version=&#8220;4.24.0&#8243; _dynamic_attributes=&#8220;button_url&#8220; _module_preset=&#8220;default&#8220; custom_css_main_element=&#8220;width: 100%;&#8220; global_colors_info=&#8220;{}&#8220;][\/et_pb_button][\/et_pb_column][et_pb_column type=&#8220;1_3&#8243; _builder_version=&#8220;4.24.0&#8243; _module_preset=&#8220;default&#8220; background_color=&#8220;#efefef&#8220; custom_padding=&#8220;10px|10px|10px|10px|false|false&#8220; global_colors_info=&#8220;{}&#8220;][et_pb_blurb title=&#8220;Exklusivit\u00e4t auf R\u00e4dern&#8220; image=&#8220;https:\/\/oztravel.hr\/wp-content\/uploads\/2024\/06\/audi-thumb-2.webp&#8220; _builder_version=&#8220;4.24.0&#8243; _module_preset=&#8220;default&#8220; header_font=&#8220;|700|||||||&#8220; header_font_size=&#8220;28px&#8220; text_orientation=&#8220;center&#8220; custom_css_blurb_content=&#8220;p {||  max-width:90%;||  margin-inline:auto;||}&#8220; global_colors_info=&#8220;{}&#8220;]<\/p>\n<p><span>Wir bieten diskreten und stilvollen Transport in unserer Audi A6 Limousine, ideal f\u00fcr Firmenkunden, Veranstaltungen und besondere Anl\u00e4sse. Erleben Sie erstklassigen Luxus und professionellen Service. <\/span><\/p>\n<p>[\/et_pb_blurb][et_pb_button button_url=&#8220;@ET-DC@eyJkeW5hbWljIjp0cnVlLCJjb250ZW50IjoicG9zdF9saW5rX3VybF9wYWdlIiwic2V0dGluZ3MiOnsicG9zdF9pZCI6IjYyIn19@&#8220; button_text=&#8220;Mehr erfahren&#8220; button_alignment=&#8220;center&#8220; _builder_version=&#8220;4.24.0&#8243; _dynamic_attributes=&#8220;button_url&#8220; _module_preset=&#8220;default&#8220; custom_css_main_element=&#8220;width: 100%;&#8220; global_colors_info=&#8220;{}&#8220;][\/et_pb_button][\/et_pb_column][\/et_pb_row][\/et_pb_section][et_pb_section fb_built=&#8220;1&#8243; _builder_version=&#8220;4.24.0&#8243; _module_preset=&#8220;default&#8220; background_color=&#8220;#e5e5e5&#8243; background_image=&#8220;https:\/\/oztravel.hr\/wp-content\/uploads\/2024\/06\/wide-mercedes.webp&#8220; border_width_top=&#8220;2px&#8220; border_color_top=&#8220;#D4AF37&#8243; border_width_bottom=&#8220;2px&#8220; border_color_bottom=&#8220;#D4AF37&#8243; global_module=&#8220;126&#8243; saved_tabs=&#8220;all&#8220; locked=&#8220;off&#8220; global_colors_info=&#8220;{}&#8220;][et_pb_row _builder_version=&#8220;4.24.0&#8243; _module_preset=&#8220;default&#8220; locked=&#8220;off&#8220; global_colors_info=&#8220;{}&#8220;][et_pb_column type=&#8220;4_4&#8243; _builder_version=&#8220;4.24.0&#8243; _module_preset=&#8220;default&#8220; global_colors_info=&#8220;{}&#8220;][et_pb_text _builder_version=&#8220;4.24.0&#8243; _module_preset=&#8220;default&#8220; text_font=&#8220;|700|||||||&#8220; background_layout=&#8220;dark&#8220; global_colors_info=&#8220;{}&#8220;]<\/p>\n<h2 style=\"text-align: center;\"><span>Schneller und einfacher Transport &#8211; Jetzt buchen!<\/span><\/h2>\n<p>[\/et_pb_text][dsm_button button_one_text=&#8220;Anfrage senden&#8220; button_one_url=&#8220;#kontakt&#8220; button_two_text=&#8220;Rufen Sie uns an&#8220; button_two_url_type=&#8220;phone&#8220; button_two_phone_number=&#8220;+385993406329&#8243; button_alignment=&#8220;center&#8220; _builder_version=&#8220;4.25.2&#8243; _module_preset=&#8220;default&#8220; global_colors_info=&#8220;{}&#8220;][\/dsm_button][\/et_pb_column][\/et_pb_row][\/et_pb_section][et_pb_section fb_built=&#8220;1&#8243; _builder_version=&#8220;4.24.0&#8243; _module_preset=&#8220;default&#8220; global_colors_info=&#8220;{}&#8220;][et_pb_row _builder_version=&#8220;4.24.0&#8243; _module_preset=&#8220;default&#8220; global_colors_info=&#8220;{}&#8220;][et_pb_column type=&#8220;4_4&#8243; _builder_version=&#8220;4.24.0&#8243; _module_preset=&#8220;default&#8220; global_colors_info=&#8220;{}&#8220;][et_pb_text _builder_version=&#8220;4.24.0&#8243; _module_preset=&#8220;default&#8220; global_colors_info=&#8220;{}&#8220;]<\/p>\n<h2>H\u00e4ufig gestellte Fragen<\/h2>\n<p>[\/et_pb_text][et_pb_accordion open_toggle_text_color=&#8220;#D4AF37&#8243; open_toggle_background_color=&#8220;#EFEFEF&#8220; closed_toggle_text_color=&#8220;#000000&#8243; closed_toggle_background_color=&#8220;rgba(212,175,55,0.12)&#8220; toggle_icon=&#8220;&#x43;||divi||400&#8243; icon_color=&#8220;#D4AF37&#8243; _builder_version=&#8220;4.25.2&#8243; _module_preset=&#8220;default&#8220; toggle_font=&#8220;|700|||||||&#8220; body_text_color=&#8220;#000000&#8243; body_link_text_color=&#8220;#224400&#8243; border_width_all=&#8220;0px&#8220; global_colors_info=&#8220;{}&#8220;][et_pb_accordion_item title=&#8220;Wie kann ich ein Taxi bei OZ Taxi &amp; Travel buchen?&#8220; open=&#8220;on&#8220; _builder_version=&#8220;4.25.2&#8243; _module_preset=&#8220;default&#8220; global_colors_info=&#8220;{}&#8220;]<\/p>\n<p>Sie k\u00f6nnen einen Taxidienst \u00fcber unsere Website, telefonisch unter <a href=\"tel:00385993406329\">+385 99 340 6329<\/a> oder per E-Mail an <a href=\"mailto:oz.prijevoz@gmail.com\">oz.prijevoz@gmail.com<\/a>.<\/p>\n<p>[\/et_pb_accordion_item][et_pb_accordion_item title=&#8220;Welche Fahrzeugtypen stehen in Ihrer Flotte zur Verf\u00fcgung?&#8220; _builder_version=&#8220;4.25.2&#8243; _module_preset=&#8220;default&#8220; global_colors_info=&#8220;{}&#8220; open=&#8220;off&#8220;]Unsere Flotte umfasst derzeit 6 verschiedene Fahrzeuge, die alle Bed\u00fcrfnisse abdecken, von Autos und Vans bis hin zu Limousinen.[\/et_pb_accordion_item][et_pb_accordion_item title=&#8220;Wie kann ich f\u00fcr Ihren Service bezahlen &#8211; akzeptieren Sie Karten?&#8220; _builder_version=&#8220;4.25.2&#8243; _module_preset=&#8220;default&#8220; global_colors_info=&#8220;{}&#8220; open=&#8220;off&#8220;]Ja, wir akzeptieren Zahlungen per Kreditkarte, Debitkarte und Bargeld.[\/et_pb_accordion_item][\/et_pb_accordion][\/et_pb_column][\/et_pb_row][\/et_pb_section]<\/p>\n","protected":false},"excerpt":{"rendered":"<p>Suchen Sie einen zuverl\u00e4ssigen Taxidienst auf der Insel Krk oder einen komfortablen Transfer zu Flugh\u00e4fen und anderen Zielen in Kroatien und den Nachbarl\u00e4ndern? Travel &amp; Taxi Oz Krk bietet Ihnen einen erstklassigen Transportservice mit Fokus auf Sauberkeit, P\u00fcnktlichkeit und Komfort. &nbsp; Unsere Dienstleistungen: Taxi transport auf der Insel Krk \u2013 schnell und sicher zu allen Zielen Flughafentransfers \u2013 Rijeka, Zagreb, Ljubljana, Zadar, Pula\u2026 Privat- und Gesch\u00e4fts transport \u2013 Luxusfahrzeuge f\u00fcr Ihre Bed\u00fcrfnisse Ausfl\u00fcge und Tagesreisen \u2013 besuchen Sie die Plitvicer Seen, Istrien, Dubrovnik und andere Orte Gruppen transport \u2013 Minivan f\u00fcr Familien und gr\u00f6\u00dfere Gruppen <div class=\"et_pb_module dsm_button dsm_button_0 et_pb_bg_layout_light\">\n\t\t\t\t\n\t\t\t\t\n\t\t\t\t\n\t\t\t\t\n\t\t\t\t\n\t\t\t\t\n\t\t\t\t<div class=\"et_pb_module_inner\">\n\t\t\t\t\t<div class=\"et_pb_button_module_wrappers dsm_button_0_wrapper et_pb_button_alignment_center et_pb_module\">\n\t\t\t\t<a class=\"et_pb_button et_pb_button_one et_pb_bg_layout_light dsm-none \"  href=#kontakt data-dsm-lightbox-id=\"dsm_button_one_lightbox dsm_button_0\"><span>Anfrage senden<\/span><\/a><a class=\"et_pb_button et_pb_button_two et_pb_bg_layout_light dsm-none \"  href=tel:+385993406329 data-dsm-lightbox-id=\"dsm_button_two_lightbox dsm_button_0\"><span>Rufen Sie uns an<\/span><\/a>\n\t\t\t<\/div>\n\t\t\t\t<\/div>\n\t\t\t<\/div><div class=\"et_pb_module dsm_icon_list dsm_icon_list_0\">\n\t\t\t\t\n\t\t\t\t\n\t\t\t\t\n\t\t\t\t\n\t\t\t\t\n\t\t\t\t\n\t\t\t\t<div class=\"et_pb_module_inner\">\n\t\t\t\t\t<ul class=\"dsm_icon_list_items dsm_icon_list_ltr_direction dsm_icon_list_layout_vertical\"><\/ul>\n\t\t\t\t<\/div>\n\t\t\t<\/div>Unsere modernen und sauberen Taxis sind die beste Wahl f\u00fcr schnelle und effiziente Fahrten innerhalb von Krk und Umgebung. Ob Sie Tourist oder Einheimischer sind, unser Service ist auf Ihre Bed\u00fcrfnisse zugeschnitten. Die ideale L\u00f6sung f\u00fcr organisierte Ausfl\u00fcge, Gesch\u00e4ftsreisen und Schulausfl\u00fcge. Unsere Minibusse und Busse bieten Komfort, Sicherheit und Flexibilit\u00e4t f\u00fcr jede Gruppe und Gelegenheit. Wir bieten diskreten und stilvollen Transport in unserer Audi A6 Limousine, ideal f\u00fcr Firmenkunden, Veranstaltungen und besondere Anl\u00e4sse. Erleben Sie erstklassigen Luxus und professionellen Service. Schneller und einfacher Transport &#8211; Jetzt buchen!<div class=\"et_pb_module dsm_button dsm_button_1 et_pb_bg_layout_light\">\n\t\t\t\t\n\t\t\t\t\n\t\t\t\t\n\t\t\t\t\n\t\t\t\t\n\t\t\t\t\n\t\t\t\t<div class=\"et_pb_module_inner\">\n\t\t\t\t\t<div class=\"et_pb_button_module_wrappers dsm_button_1_wrapper  et_pb_module\">\n\t\t\t\t<a class=\"et_pb_button et_pb_button_one et_pb_bg_layout_light dsm-none \"  data-dsm-lightbox-id=\"dsm_button_one_lightbox dsm_button_1\"><span>&#8220;Anfrage<\/span><\/a>\n\t\t\t<\/div>\n\t\t\t\t<\/div>\n\t\t\t<\/div><\/p>\n","protected":false},"author":1,"featured_media":0,"parent":0,"menu_order":0,"comment_status":"closed","ping_status":"closed","template":"","meta":{"_et_pb_use_builder":"on","_et_pb_old_content":"","_et_gb_content_width":"","footnotes":""},"class_list":["post-559","page","type-page","status-publish","hentry"],"_links":{"self":[{"href":"https:\/\/oztravel.hr\/de\/wp-json\/wp\/v2\/pages\/559","targetHints":{"allow":["GET"]}}],"collection":[{"href":"https:\/\/oztravel.hr\/de\/wp-json\/wp\/v2\/pages"}],"about":[{"href":"https:\/\/oztravel.hr\/de\/wp-json\/wp\/v2\/types\/page"}],"author":[{"embeddable":true,"href":"https:\/\/oztravel.hr\/de\/wp-json\/wp\/v2\/users\/1"}],"replies":[{"embeddable":true,"href":"https:\/\/oztravel.hr\/de\/wp-json\/wp\/v2\/comments?post=559"}],"version-history":[{"count":12,"href":"https:\/\/oztravel.hr\/de\/wp-json\/wp\/v2\/pages\/559\/revisions"}],"predecessor-version":[{"id":815,"href":"https:\/\/oztravel.hr\/de\/wp-json\/wp\/v2\/pages\/559\/revisions\/815"}],"wp:attachment":[{"href":"https:\/\/oztravel.hr\/de\/wp-json\/wp\/v2\/media?parent=559"}],"curies":[{"name":"wp","href":"https:\/\/api.w.org\/{rel}","templated":true}]}}