{"id":561,"date":"2024-05-15T17:49:48","date_gmt":"2024-05-15T17:49:48","guid":{"rendered":"https:\/\/oztravel.hr\/taxidienste\/"},"modified":"2025-03-17T07:54:36","modified_gmt":"2025-03-17T07:54:36","slug":"taxidienste","status":"publish","type":"page","link":"https:\/\/oztravel.hr\/de\/taxidienste\/","title":{"rendered":"Taxitransport"},"content":{"rendered":"<p>[et_pb_section fb_built=&#8220;1&#8243; fullwidth=&#8220;on&#8220; _builder_version=&#8220;4.24.0&#8243; _module_preset=&#8220;default&#8220; global_colors_info=&#8220;{}&#8220;][et_pb_fullwidth_header title=&#8220;Brauchen Sie schnellen Transport? Oz Taxi Krk ist f\u00fcr Sie da!&#8220; text_orientation=&#8220;center&#8220; button_one_text=&#8220;Jetzt buchen&#8220; button_one_url=&#8220;#kontakt&#8220; button_two_text=&#8220;Rufen Sie uns an&#8220; button_two_url=&#8220;tel:00385993406329&#8243; _builder_version=&#8220;4.27.3&#8243; _module_preset=&#8220;default&#8220; background_color=&#8220;rgba(0,0,0,0.5)&#8220; background_image=&#8220;https:\/\/oztravel.hr\/wp-content\/uploads\/2024\/06\/taxi-prijevoz.webp&#8220; background_blend=&#8220;multiply&#8220; custom_button_one=&#8220;on&#8220; button_one_icon=&#8220;&#xf1d8;||fa||900&#8243; button_one_on_hover=&#8220;off&#8220; custom_button_two=&#8220;on&#8220; button_two_icon=&#8220;&#xf095;||fa||900&#8243; button_two_on_hover=&#8220;off&#8220; custom_css_header_container=&#8220;min-height: 40svh;&#8220; global_colors_info=&#8220;{}&#8220;]<\/p>\n<p>Erleben Sie den Unterschied mit unserem personalisierten Service, der stets bereit ist, Ihre Bed\u00fcrfnisse zu erf\u00fcllen \u2013 sei es f\u00fcr eine Last-Minute-Fahrt oder eine geplante Reise. Unsere Flotte moderner Fahrzeuge und erfahrene Fahrer gew\u00e4hrleisten eine schnelle, sichere und komfortable Ankunft an Ihrem Wunschziel.<\/p>\n<p>[\/et_pb_fullwidth_header][\/et_pb_section][et_pb_section fb_built=&#8220;1&#8243; _builder_version=&#8220;4.25.2&#8243; _module_preset=&#8220;default&#8220; background_enable_mask_style=&#8220;on&#8220; background_mask_style=&#8220;triangles&#8220; background_mask_color=&#8220;rgba(229,229,229,0.16)&#8220; background_mask_transform=&#8220;invert&#8220; background_mask_size=&#8220;cover&#8220; global_colors_info=&#8220;{}&#8220;][et_pb_row column_structure=&#8220;1_2,1_2&#8243; _builder_version=&#8220;4.25.2&#8243; _module_preset=&#8220;default&#8220; global_colors_info=&#8220;{}&#8220;][et_pb_column type=&#8220;1_2&#8243; _builder_version=&#8220;4.25.2&#8243; _module_preset=&#8220;default&#8220; animation_style=&#8220;slide&#8220; animation_direction=&#8220;left&#8220; global_colors_info=&#8220;{}&#8220;][et_pb_image src=&#8220;https:\/\/oztravel.hr\/wp-content\/uploads\/2024\/06\/taxi-peugeot.webp&#8220; title_text=&#8220;taxi-peugeot&#8220; _builder_version=&#8220;4.24.0&#8243; _module_preset=&#8220;default&#8220; global_colors_info=&#8220;{}&#8220;][\/et_pb_image][\/et_pb_column][et_pb_column type=&#8220;1_2&#8243; _builder_version=&#8220;4.25.2&#8243; _module_preset=&#8220;f77b605c-0ab1-494b-87e0-f3406ef7f7db&#8220; background_enable_color=&#8220;off&#8220; custom_padding=&#8220;20px|20px|20px|20px|false|false&#8220; animation_style=&#8220;slide&#8220; animation_direction=&#8220;right&#8220; global_colors_info=&#8220;{}&#8220;][et_pb_text _builder_version=&#8220;4.27.3&#8243; _module_preset=&#8220;default&#8220; global_colors_info=&#8220;{}&#8220;]<\/p>\n<h2>Taxitransport &#8211; Krk &#8211; Risika &#8211; Malinska &#8211; Omi\u0161alj<\/h2>\n<p>Unser individueller Taxidienst bietet zuverl\u00e4ssigen und komfortablen Transport auf der gesamten Insel Krk und in den umliegenden Gebieten. Ob gesch\u00e4ftlich, touristisch oder privat unterwegs \u2013 unser Service stellt sicher, dass Sie p\u00fcnktlich und sicher an Ihrem Hotel, Restaurant oder jeder Sehensw\u00fcrdigkeit ankommen. Unsere erfahrenen Fahrer und unsere gut gewartete Flotte garantieren erstklassigen Service, sodass Sie sich entspannen k\u00f6nnen, in dem Wissen, dass Ihr Transport in sicheren H\u00e4nden ist.<\/p>\n<p>[\/et_pb_text][\/et_pb_column][\/et_pb_row][et_pb_row column_structure=&#8220;1_2,1_2&#8243; _builder_version=&#8220;4.25.2&#8243; _module_preset=&#8220;default&#8220; global_colors_info=&#8220;{}&#8220;][et_pb_column type=&#8220;1_2&#8243; _builder_version=&#8220;4.25.2&#8243; _module_preset=&#8220;f77b605c-0ab1-494b-87e0-f3406ef7f7db&#8220; background_enable_color=&#8220;off&#8220; custom_padding=&#8220;20px|20px|20px|20px|false|false&#8220; animation_style=&#8220;slide&#8220; animation_direction=&#8220;left&#8220; global_colors_info=&#8220;{}&#8220;][et_pb_text _builder_version=&#8220;4.27.3&#8243; _module_preset=&#8220;default&#8220; global_colors_info=&#8220;{}&#8220;]<\/p>\n<h2>Typische Ziele<\/h2>\n<p>Unser Taxidienst deckt alle beliebten Ziele auf der Insel ab und sorgt f\u00fcr schnellen und sicheren Transport zu den gefragtesten Orten. Zu den beliebtesten Zielen auf Krk geh\u00f6ren:<\/p>\n<ul>\n<li><strong>Altstadt Krk<\/strong>: Ein historisches Zentrum mit engen Gassen, malerischer Architektur und zahlreichen Museen \u2013 ein idealer Ort f\u00fcr Spazierg\u00e4nge und zum Entdecken der lokalen Kultur.<\/li>\n<li><strong>Ba\u0161ka<\/strong>: Bekannt f\u00fcr seine goldenen Str\u00e4nde und das kristallklare Meer \u2013 der perfekte Ort zur Entspannung.<\/li>\n<li><strong>Malinska und Punat<\/strong>: Beliebte Reiseziele f\u00fcr Familienurlaube mit zahlreichen Restaurants, Caf\u00e9s und Sport- sowie Freizeitm\u00f6glichkeiten.<\/li>\n<li><strong>Omi\u0161alj und Njivice<\/strong>: Ideal f\u00fcr Kurztrips, diese Reiseziele bieten nat\u00fcrliche Sch\u00f6nheit und kulturelle Attraktionen \u2013 perfekt zum Erkunden.<\/li>\n<li><strong>Vrbnik<\/strong>: Bekannt f\u00fcr seine traditionelle Architektur und hervorragenden Weine \u2013 ein Reiseziel f\u00fcr Liebhaber von Geschichte und Gastronomie.<\/li>\n<\/ul>\n<p>Zudem kennen unsere Fahrer die schnellsten Routen und lokale Veranstaltungen, sodass Sie alle Reize der Insel Krk stressfrei und ohne unn\u00f6tige Verz\u00f6gerungen entdecken k\u00f6nnen.<\/p>\n<p>[\/et_pb_text][\/et_pb_column][et_pb_column type=&#8220;1_2&#8243; _builder_version=&#8220;4.25.2&#8243; _module_preset=&#8220;default&#8220; animation_style=&#8220;slide&#8220; animation_direction=&#8220;right&#8220; global_colors_info=&#8220;{}&#8220;][et_pb_image src=&#8220;https:\/\/oztravel.hr\/wp-content\/uploads\/2024\/06\/stara-baska.webp&#8220; title_text=&#8220;stara-baska&#8220; _builder_version=&#8220;4.24.0&#8243; _module_preset=&#8220;default&#8220; global_colors_info=&#8220;{}&#8220;][\/et_pb_image][\/et_pb_column][\/et_pb_row][et_pb_row column_structure=&#8220;1_2,1_2&#8243; _builder_version=&#8220;4.25.2&#8243; _module_preset=&#8220;default&#8220; global_colors_info=&#8220;{}&#8220;][et_pb_column type=&#8220;1_2&#8243; _builder_version=&#8220;4.25.2&#8243; _module_preset=&#8220;default&#8220; animation_style=&#8220;slide&#8220; animation_direction=&#8220;left&#8220; global_colors_info=&#8220;{}&#8220;][et_pb_image src=&#8220;https:\/\/oztravel.hr\/wp-content\/uploads\/2024\/06\/airplane.webp&#8220; title_text=&#8220;airplane&#8220; _builder_version=&#8220;4.24.0&#8243; _module_preset=&#8220;default&#8220; global_colors_info=&#8220;{}&#8220;][\/et_pb_image][\/et_pb_column][et_pb_column type=&#8220;1_2&#8243; _builder_version=&#8220;4.25.2&#8243; _module_preset=&#8220;f77b605c-0ab1-494b-87e0-f3406ef7f7db&#8220; background_enable_color=&#8220;off&#8220; custom_padding=&#8220;20px|20px|20px|20px|false|false&#8220; animation_style=&#8220;slide&#8220; animation_direction=&#8220;right&#8220; global_colors_info=&#8220;{}&#8220;][et_pb_text _builder_version=&#8220;4.27.3&#8243; _module_preset=&#8220;default&#8220; global_colors_info=&#8220;{}&#8220;]<\/p>\n<h2>Flughafentransfer<\/h2>\n<p>Wir bieten Taxi-Krk-Flughafentransfers mit Fokus auf P\u00fcnktlichkeit und Sicherheit. Unser Service garantiert:<\/p>\n<ul>\n<li><strong>Garantierte Ankunftszeit<\/strong>: Kein Stress und keine unn\u00f6tigen Wartezeiten.<\/li>\n<li><strong>Personalisierte Routen<\/strong>: Optimierte Strecken f\u00fcr die k\u00fcrzeste Reisezeit.<\/li>\n<li><strong>Gep\u00e4ckhilfe<\/strong>: Unsere Fahrer helfen Ihnen mit Ihrem Gep\u00e4ck, um Ihre Reise so angenehm wie m\u00f6glich zu gestalten.<\/li>\n<\/ul>\n<p>Egal, ob Sie auf Krk ankommen oder die Insel verlassen \u2013 unser Team steht bereit, Ihnen einen professionellen Flughafentransfer zu bieten.<\/p>\n<p>[\/et_pb_text][\/et_pb_column][\/et_pb_row][et_pb_row _builder_version=&#8220;4.24.0&#8243; _module_preset=&#8220;default&#8220; global_colors_info=&#8220;{}&#8220;][et_pb_column type=&#8220;4_4&#8243; _builder_version=&#8220;4.24.0&#8243; _module_preset=&#8220;default&#8220; global_colors_info=&#8220;{}&#8220;][et_pb_text _builder_version=&#8220;4.24.0&#8243; _module_preset=&#8220;default&#8220; global_colors_info=&#8220;{}&#8220;]<\/p>\n<h2 style=\"text-align: center;\">Erfahrungen und Empfehlungen<\/h2>\n<p>[\/et_pb_text][et_pb_testimonial author=&#8220;Ivan M.&#8220; portrait_url=&#8220;https:\/\/oztravel.hr\/wp-content\/uploads\/2024\/06\/man-3.png&#8220; quote_icon_color=&#8220;#D4AF37&#8243; _builder_version=&#8220;4.25.2&#8243; _module_preset=&#8220;default&#8220; background_color=&#8220;#EFEFEF&#8220; global_colors_info=&#8220;{}&#8220;]<\/p>\n<p>Die Nutzung von OZ Taxi &amp; Travel war eine au\u00dfergew\u00f6hnliche Erfahrung. Der Fahrer war p\u00fcnktlich und das Fahrzeug war bequem und sauber. Ich w\u00fcrde diesen Service definitiv jedem empfehlen, der einen zuverl\u00e4ssigen Transport auf Krk sucht.  <\/p>\n<p>[\/et_pb_testimonial][\/et_pb_column][\/et_pb_row][et_pb_row _builder_version=&#8220;4.24.0&#8243; _module_preset=&#8220;default&#8220; custom_padding=&#8220;||0px|||&#8220; global_colors_info=&#8220;{}&#8220;][et_pb_column type=&#8220;4_4&#8243; _builder_version=&#8220;4.24.0&#8243; _module_preset=&#8220;default&#8220; global_colors_info=&#8220;{}&#8220;][et_pb_text _builder_version=&#8220;4.27.3&#8243; _module_preset=&#8220;default&#8220; global_colors_info=&#8220;{}&#8220;]<\/p>\n<h2 style=\"text-align: center;\">Preisliste<\/h2>\n<p>[\/et_pb_text][\/et_pb_column][\/et_pb_row][et_pb_row column_structure=&#8220;1_2,1_2&#8243; _builder_version=&#8220;4.27.3&#8243; _module_preset=&#8220;default&#8220; max_width=&#8220;740px&#8220; global_colors_info=&#8220;{}&#8220;][et_pb_column type=&#8220;1_2&#8243; _builder_version=&#8220;4.27.3&#8243; _module_preset=&#8220;default&#8220; global_colors_info=&#8220;{}&#8220;][et_pb_blurb title=&#8220;Start (beinhaltet die ersten 3 km)&#8220; use_icon=&#8220;on&#8220; font_icon=&#8220;&#xf11e;||fa||900&#8243; icon_color=&#8220;#D4AF37&#8243; icon_placement=&#8220;left&#8220; _builder_version=&#8220;4.27.3&#8243; _module_preset=&#8220;default&#8220; global_colors_info=&#8220;{}&#8220;]<\/p>\n<p>15.00 EUR<\/p>\n<p>[\/et_pb_blurb][et_pb_blurb title=&#8220;Tarif 1 (von 1 bis 2 Personen)&#8220; use_icon=&#8220;on&#8220; font_icon=&#8220;&#xf1ba;||fa||900&#8243; icon_color=&#8220;#D4AF37&#8243; icon_placement=&#8220;left&#8220; _builder_version=&#8220;4.27.3&#8243; _module_preset=&#8220;default&#8220; global_colors_info=&#8220;{}&#8220;]<\/p>\n<p>1,80 EUR\/km (0,25 EUR\/min)<\/p>\n<p>[\/et_pb_blurb][et_pb_blurb title=&#8220;Tarif 2 (ab 3 bis 5 Personen)&#8220; use_icon=&#8220;on&#8220; font_icon=&#8220;&#xf1ba;||fa||900&#8243; icon_color=&#8220;#D4AF37&#8243; icon_placement=&#8220;left&#8220; _builder_version=&#8220;4.27.3&#8243; _module_preset=&#8220;default&#8220; global_colors_info=&#8220;{}&#8220;]<\/p>\n<p>2,50 EUR\/km (0,25 EUR\/min)<\/p>\n<p>[\/et_pb_blurb][et_pb_blurb title=&#8220;Tarif 3 (ab 6 bis 8 Personen)&#8220; use_icon=&#8220;on&#8220; font_icon=&#8220;&#xf1ba;||fa||900&#8243; icon_color=&#8220;#D4AF37&#8243; icon_placement=&#8220;left&#8220; _builder_version=&#8220;4.27.3&#8243; _module_preset=&#8220;default&#8220; global_colors_info=&#8220;{}&#8220;]<\/p>\n<p>3,50 EUR\/km (0,25 EUR\/min)<\/p>\n<p>[\/et_pb_blurb][\/et_pb_column][et_pb_column type=&#8220;1_2&#8243; _builder_version=&#8220;4.27.3&#8243; _module_preset=&#8220;default&#8220; global_colors_info=&#8220;{}&#8220;][et_pb_blurb title=&#8220;Warten&#8220; use_icon=&#8220;on&#8220; font_icon=&#8220;&#xe06b;||divi||400&#8243; icon_color=&#8220;#D4AF37&#8243; icon_placement=&#8220;left&#8220; _builder_version=&#8220;4.27.3&#8243; _module_preset=&#8220;default&#8220; global_colors_info=&#8220;{}&#8220;]<\/p>\n<p>15,00 EUR\/Stunde<\/p>\n<p>[\/et_pb_blurb][et_pb_blurb title=&#8220;Gep\u00e4cktransport&#8220; use_icon=&#8220;on&#8220; font_icon=&#8220;&#xf0f2;||fa||900&#8243; icon_color=&#8220;#D4AF37&#8243; icon_placement=&#8220;left&#8220; _builder_version=&#8220;4.27.3&#8243; _module_preset=&#8220;default&#8220; global_colors_info=&#8220;{}&#8220;]<\/p>\n<p>Im Preis inbegriffen<\/p>\n<p>[\/et_pb_blurb][et_pb_blurb title=&#8220;Fahrradtransport&#8220; use_icon=&#8220;on&#8220; font_icon=&#8220;&#xf206;||fa||900&#8243; icon_color=&#8220;#D4AF37&#8243; icon_placement=&#8220;left&#8220; _builder_version=&#8220;4.27.3&#8243; _module_preset=&#8220;default&#8220; global_colors_info=&#8220;{}&#8220;]<\/p>\n<p>15,00 EUR\/St\u00fcck<\/p>\n<p>[\/et_pb_blurb][et_pb_blurb title=&#8220;Hundetransport&#8220; use_icon=&#8220;on&#8220; font_icon=&#8220;&#xf1b0;||fa||900&#8243; icon_color=&#8220;#D4AF37&#8243; icon_placement=&#8220;left&#8220; _builder_version=&#8220;4.27.3&#8243; _module_preset=&#8220;default&#8220; global_colors_info=&#8220;{}&#8220;]<\/p>\n<p>15,00 EUR\/St\u00fcck<\/p>\n<p>[\/et_pb_blurb][\/et_pb_column][\/et_pb_row][et_pb_row _builder_version=&#8220;4.24.0&#8243; _module_preset=&#8220;default&#8220; custom_padding=&#8220;0px||0px|||&#8220; global_colors_info=&#8220;{}&#8220;][et_pb_column type=&#8220;4_4&#8243; _builder_version=&#8220;4.24.0&#8243; _module_preset=&#8220;default&#8220; global_colors_info=&#8220;{}&#8220;][et_pb_text _builder_version=&#8220;4.27.3&#8243; _module_preset=&#8220;default&#8220; hover_enabled=&#8220;0&#8243; global_colors_info=&#8220;{}&#8220; sticky_enabled=&#8220;0&#8243;]<\/p>\n<p style=\"text-align: center;\"><strong>Wir bieten 20 % Rabatt auf alle Online-Reservierungen.<\/strong><\/p>\n<p>[\/et_pb_text][\/et_pb_column][\/et_pb_row][\/et_pb_section][et_pb_section fb_built=&#8220;1&#8243; _builder_version=&#8220;4.27.3&#8243; _module_preset=&#8220;default&#8220; background_color=&#8220;rgba(51,51,51,0.62)&#8220; background_image=&#8220;https:\/\/oztravel.hr\/wp-content\/uploads\/2024\/06\/wide-mercedes.webp&#8220; background_blend=&#8220;multiply&#8220; border_width_top=&#8220;2px&#8220; border_color_top=&#8220;#D4AF37&#8243; border_width_bottom=&#8220;2px&#8220; border_color_bottom=&#8220;#D4AF37&#8243; saved_tabs=&#8220;all&#8220; locked=&#8220;off&#8220; global_colors_info=&#8220;{}&#8220;][et_pb_row _builder_version=&#8220;4.24.0&#8243; _module_preset=&#8220;default&#8220; locked=&#8220;off&#8220; global_colors_info=&#8220;{}&#8220;][et_pb_column type=&#8220;4_4&#8243; _builder_version=&#8220;4.24.0&#8243; _module_preset=&#8220;default&#8220; global_colors_info=&#8220;{}&#8220;][et_pb_text _builder_version=&#8220;4.27.3&#8243; _module_preset=&#8220;default&#8220; text_font=&#8220;|&#8211;et_global_body_font_weight|||||||&#8220; background_layout=&#8220;dark&#8220; width=&#8220;70%&#8220; module_alignment=&#8220;center&#8220; global_colors_info=&#8220;{}&#8220;]<\/p>\n<h2 style=\"text-align: center;\"><span>Buchen Sie Ihre Fahrt schnell und einfach!<\/span><\/h2>\n<p style=\"text-align: center;\"><span>Sie k\u00f6nnen Ihre Fahrt in wenigen Minuten buchen, indem Sie das Formular ausf\u00fcllen (und 30 % Rabatt erhalten), oder uns einfach anrufen, indem Sie unten auf die Schaltfl\u00e4che klicken.<\/span><\/p>\n<p>[\/et_pb_text][dsm_button button_one_text=&#8220;F\u00fcllen Sie das Formular aus.&#8220; button_one_url=&#8220;#kontakt&#8220; button_two_text=&#8220;Rufen Sie uns an&#8220; button_two_url_type=&#8220;phone&#8220; button_two_phone_number=&#8220;+385993406329&#8243; button_alignment=&#8220;center&#8220; _builder_version=&#8220;4.27.3&#8243; _module_preset=&#8220;default&#8220; custom_button_one=&#8220;on&#8220; button_one_icon=&#8220;&#xf1d8;||fa||900&#8243; button_one_on_hover=&#8220;off&#8220; custom_button_two=&#8220;on&#8220; button_two_icon=&#8220;&#xf095;||fa||900&#8243; button_two_on_hover=&#8220;off&#8220; global_colors_info=&#8220;{}&#8220;][\/dsm_button][\/et_pb_column][\/et_pb_row][\/et_pb_section][et_pb_section fb_built=&#8220;1&#8243; _builder_version=&#8220;4.24.0&#8243; _module_preset=&#8220;default&#8220; global_colors_info=&#8220;{}&#8220;][et_pb_row _builder_version=&#8220;4.24.0&#8243; _module_preset=&#8220;default&#8220; global_colors_info=&#8220;{}&#8220;][et_pb_column type=&#8220;4_4&#8243; _builder_version=&#8220;4.24.0&#8243; _module_preset=&#8220;default&#8220; global_colors_info=&#8220;{}&#8220;][et_pb_text _builder_version=&#8220;4.24.0&#8243; _module_preset=&#8220;default&#8220; global_colors_info=&#8220;{}&#8220;]<\/p>\n<h2>H\u00e4ufig gestellte Fragen<\/h2>\n<p>[\/et_pb_text][et_pb_accordion open_toggle_text_color=&#8220;#D4AF37&#8243; open_toggle_background_color=&#8220;#EFEFEF&#8220; closed_toggle_text_color=&#8220;#000000&#8243; closed_toggle_background_color=&#8220;rgba(212,175,55,0.12)&#8220; toggle_icon=&#8220;&#x43;||divi||400&#8243; icon_color=&#8220;#D4AF37&#8243; _builder_version=&#8220;4.25.2&#8243; _module_preset=&#8220;default&#8220; toggle_font=&#8220;|700|||||||&#8220; body_text_color=&#8220;#000000&#8243; body_link_text_color=&#8220;#224400&#8243; border_width_all=&#8220;0px&#8220; locked=&#8220;off&#8220; global_colors_info=&#8220;{}&#8220;][et_pb_accordion_item title=&#8220;Wie kann ich ein Taxi bei OZ Taxi &amp; Travel buchen?&#8220; open=&#8220;on&#8220; _builder_version=&#8220;4.25.2&#8243; _module_preset=&#8220;default&#8220; global_colors_info=&#8220;{}&#8220;]<\/p>\n<p>Sie k\u00f6nnen einen Taxidienst \u00fcber unsere Website, telefonisch unter <a href=\"tel:00385993406329\">+385 99 340 6329<\/a> oder per E-Mail an <a href=\"mailto:oz.prijevoz@gmail.com\">oz.prijevoz@gmail.com<\/a>.<\/p>\n<p>[\/et_pb_accordion_item][et_pb_accordion_item title=&#8220;Welche Fahrzeugtypen stehen in Ihrer Flotte zur Verf\u00fcgung?&#8220; _builder_version=&#8220;4.25.2&#8243; _module_preset=&#8220;default&#8220; global_colors_info=&#8220;{}&#8220; open=&#8220;off&#8220;]Unsere Flotte umfasst derzeit 6 verschiedene Fahrzeuge, die alle Bed\u00fcrfnisse abdecken, von Autos und Vans bis hin zu Limousinen.[\/et_pb_accordion_item][et_pb_accordion_item title=&#8220;Wie kann ich f\u00fcr Ihren Service bezahlen &#8211; akzeptieren Sie Karten?&#8220; _builder_version=&#8220;4.25.2&#8243; _module_preset=&#8220;default&#8220; global_colors_info=&#8220;{}&#8220; open=&#8220;off&#8220;]Ja, wir akzeptieren Zahlungen per Kreditkarte, Debitkarte und Bargeld.[\/et_pb_accordion_item][et_pb_accordion_item title=&#8220;Welche typischen Ziele deckt Ihr Taxidienst ab?&#8220; _builder_version=&#8220;4.25.2&#8243; _module_preset=&#8220;default&#8220; global_colors_info=&#8220;{}&#8220; open=&#8220;off&#8220;]<\/p>\n<p>Wir decken beliebte Orte wie Str\u00e4nde, historische St\u00e4tten und verschiedene kulturelle und Unterhaltungsziele auf Krk ab.<\/p>\n<p>[\/et_pb_accordion_item][et_pb_accordion_item title=&#8220;Bieten Sie Transport zu und von Flugh\u00e4fen an (Flughafentransfers)?&#8220; _builder_version=&#8220;4.25.2&#8243; _module_preset=&#8220;default&#8220; global_colors_info=&#8220;{}&#8220; open=&#8220;off&#8220;]Ja, wir bieten Transferdienste zu und von Flugh\u00e4fen an. Ob es sich um den Flughafen Rijeka oder ein weiter entferntes Ziel handelt, wir haben Sie abgedeckt.[\/et_pb_accordion_item][et_pb_accordion_item title=&#8220;Gibt es zus\u00e4tzliche Kosten f\u00fcr Gep\u00e4ck?&#8220; _builder_version=&#8220;4.25.2&#8243; _module_preset=&#8220;default&#8220; global_colors_info=&#8220;{}&#8220; open=&#8220;off&#8220;]Standardgep\u00e4ck ist im Transportpreis inbegriffen. Zus\u00e4tzliche Geb\u00fchren k\u00f6nnen f\u00fcr den Transport von Haustieren (Hunden) und Fahrr\u00e4dern anfallen.[\/et_pb_accordion_item][et_pb_accordion_item title=&#8220;Kann ich meine Reservierung \u00e4ndern oder stornieren, und unter welchen Bedingungen?&#8220; _builder_version=&#8220;4.25.2&#8243; _module_preset=&#8220;default&#8220; global_colors_info=&#8220;{}&#8220; open=&#8220;off&#8220;]<\/p>\n<p><span style=\"font-weight: 400;\">Ja, Sie k\u00f6nnen Ihre Reservierung \u00e4ndern oder stornieren. Vorab gebuchte Fahrten k\u00f6nnen bis zu 2 Stunden vor dem geplanten Termin storniert werden.<\/span><\/p>\n<p>[\/et_pb_accordion_item][\/et_pb_accordion][\/et_pb_column][\/et_pb_row][\/et_pb_section]<\/p>\n","protected":false},"excerpt":{"rendered":"<p>Erleben Sie den Unterschied mit unserem personalisierten Service, der stets bereit ist, Ihre Bed\u00fcrfnisse zu erf\u00fcllen \u2013 sei es f\u00fcr eine Last-Minute-Fahrt oder eine geplante Reise. Unsere Flotte moderner Fahrzeuge und erfahrene Fahrer gew\u00e4hrleisten eine schnelle, sichere und komfortable Ankunft an Ihrem Wunschziel.Taxitransport &#8211; Krk &#8211; Risika &#8211; Malinska &#8211; Omi\u0161alj Unser individueller Taxidienst bietet zuverl\u00e4ssigen und komfortablen Transport auf der gesamten Insel Krk und in den umliegenden Gebieten. Ob gesch\u00e4ftlich, touristisch oder privat unterwegs \u2013 unser Service stellt sicher, dass Sie p\u00fcnktlich und sicher an Ihrem Hotel, Restaurant oder jeder Sehensw\u00fcrdigkeit ankommen. Unsere erfahrenen Fahrer und unsere gut gewartete Flotte garantieren erstklassigen Service, sodass Sie sich entspannen k\u00f6nnen, in dem Wissen, dass Ihr Transport in sicheren H\u00e4nden ist.Typische Ziele Unser Taxidienst deckt alle beliebten Ziele auf der Insel ab und sorgt f\u00fcr schnellen und sicheren Transport zu den gefragtesten Orten. Zu den beliebtesten Zielen auf Krk geh\u00f6ren: Altstadt Krk: Ein historisches Zentrum mit engen Gassen, malerischer Architektur und zahlreichen Museen \u2013 ein idealer Ort f\u00fcr Spazierg\u00e4nge und zum Entdecken der lokalen Kultur. Ba\u0161ka: Bekannt f\u00fcr seine goldenen Str\u00e4nde und das kristallklare Meer \u2013 der perfekte Ort zur Entspannung. Malinska und Punat: Beliebte Reiseziele f\u00fcr Familienurlaube mit zahlreichen Restaurants, Caf\u00e9s [&hellip;]<\/p>\n","protected":false},"author":1,"featured_media":0,"parent":0,"menu_order":0,"comment_status":"closed","ping_status":"closed","template":"","meta":{"_et_pb_use_builder":"on","_et_pb_old_content":"","_et_gb_content_width":"","footnotes":""},"class_list":["post-561","page","type-page","status-publish","hentry"],"_links":{"self":[{"href":"https:\/\/oztravel.hr\/de\/wp-json\/wp\/v2\/pages\/561","targetHints":{"allow":["GET"]}}],"collection":[{"href":"https:\/\/oztravel.hr\/de\/wp-json\/wp\/v2\/pages"}],"about":[{"href":"https:\/\/oztravel.hr\/de\/wp-json\/wp\/v2\/types\/page"}],"author":[{"embeddable":true,"href":"https:\/\/oztravel.hr\/de\/wp-json\/wp\/v2\/users\/1"}],"replies":[{"embeddable":true,"href":"https:\/\/oztravel.hr\/de\/wp-json\/wp\/v2\/comments?post=561"}],"version-history":[{"count":10,"href":"https:\/\/oztravel.hr\/de\/wp-json\/wp\/v2\/pages\/561\/revisions"}],"predecessor-version":[{"id":805,"href":"https:\/\/oztravel.hr\/de\/wp-json\/wp\/v2\/pages\/561\/revisions\/805"}],"wp:attachment":[{"href":"https:\/\/oztravel.hr\/de\/wp-json\/wp\/v2\/media?parent=561"}],"curies":[{"name":"wp","href":"https:\/\/api.w.org\/{rel}","templated":true}]}}