{"id":563,"date":"2024-05-15T18:14:24","date_gmt":"2024-05-15T18:14:24","guid":{"rendered":"https:\/\/oztravel.hr\/gruppentransport\/"},"modified":"2025-02-28T16:02:52","modified_gmt":"2025-02-28T16:02:52","slug":"gruppentransport","status":"publish","type":"page","link":"https:\/\/oztravel.hr\/de\/gruppentransport\/","title":{"rendered":"Busvermietung"},"content":{"rendered":"<p>[et_pb_section fb_built=&#8220;1&#8243; fullwidth=&#8220;on&#8220; _builder_version=&#8220;4.25.2&#8243; _module_preset=&#8220;default&#8220; background_enable_image=&#8220;off&#8220; global_colors_info=&#8220;{}&#8220;][et_pb_fullwidth_header title=&#8220;Busvermietung&#8220; subhead=&#8220;Busvermietung f\u00fcr eine ein- oder mehrt\u00e4gige Reise&#8220; text_orientation=&#8220;center&#8220; button_one_text=&#8220;Jetzt buchen&#8220; button_one_url=&#8220;#kontakt&#8220; _builder_version=&#8220;4.27.3&#8243; _module_preset=&#8220;default&#8220; background_color=&#8220;rgba(0,0,0,0.49)&#8220; background_image=&#8220;https:\/\/oztravel.hr\/wp-content\/uploads\/2024\/06\/grupni-prijevoz.webp&#8220; background_blend=&#8220;multiply&#8220; custom_css_header_container=&#8220;min-height: 40svh;&#8220; global_colors_info=&#8220;{}&#8220;][\/et_pb_fullwidth_header][\/et_pb_section][et_pb_section fb_built=&#8220;1&#8243; _builder_version=&#8220;4.24.0&#8243; _module_preset=&#8220;default&#8220; global_colors_info=&#8220;{}&#8220;][et_pb_row column_structure=&#8220;1_2,1_2&#8243; _builder_version=&#8220;4.24.0&#8243; _module_preset=&#8220;default&#8220; global_colors_info=&#8220;{}&#8220;][et_pb_column type=&#8220;1_2&#8243; _builder_version=&#8220;4.24.0&#8243; _module_preset=&#8220;default&#8220; global_colors_info=&#8220;{}&#8220;][et_pb_image src=&#8220;https:\/\/oztravel.hr\/wp-content\/uploads\/2024\/06\/mercedes-519-0.webp&#8220; title_text=&#8220;mercedes-519-0&#8243; _builder_version=&#8220;4.25.2&#8243; _module_preset=&#8220;default&#8220; global_colors_info=&#8220;{}&#8220;][\/et_pb_image][et_pb_text _builder_version=&#8220;4.27.3&#8243; _module_preset=&#8220;default&#8220; hover_enabled=&#8220;0&#8243; global_colors_info=&#8220;{}&#8220; sticky_enabled=&#8220;0&#8243;]<\/p>\n<h2>Minibusvermietung<\/h2>\n<p>Unsere modernen und komfortablen Minibusse sind ideal f\u00fcr verschiedene Arten von Gruppenreisen, einschlie\u00dflich Schulausfl\u00fcgen, Gesch\u00e4ftsreisen und privaten Touren. Die Flexibilit\u00e4t und Anpassungsf\u00e4higkeit unserer Dienstleistungen erm\u00f6glichen Ihnen die perfekte Planung jeder Reise.<\/p>\n<p>Verf\u00fcgbar sind der Peugeot Traveler, Volkswagen Transporter T6 und Mercedes Sprinter 515, jeder mit unterschiedlichen Kapazit\u00e4ten und auf Ihre Bed\u00fcrfnisse zugeschnittene Ausstattung.<\/p>\n<p>Hervorragend geeignet f\u00fcr alles, von Schulausfl\u00fcgen \u00fcber Gesch\u00e4ftskonferenzen bis hin zu Hochzeiten und Familientreffen. Mieten Sie einen Kleinbus mit Fahrer und reisen Sie zu Ihrem n\u00e4chsten Abenteuer.<\/p>\n<p>[\/et_pb_text][\/et_pb_column][et_pb_column type=&#8220;1_2&#8243; _builder_version=&#8220;4.24.0&#8243; _module_preset=&#8220;default&#8220; global_colors_info=&#8220;{}&#8220;][et_pb_image src=&#8220;https:\/\/oztravel.hr\/wp-content\/uploads\/2024\/06\/bus-setra-0.webp&#8220; title_text=&#8220;bus-setra-0&#8243; _builder_version=&#8220;4.25.2&#8243; _module_preset=&#8220;default&#8220; global_colors_info=&#8220;{}&#8220;][\/et_pb_image][et_pb_text _builder_version=&#8220;4.27.3&#8243; _module_preset=&#8220;default&#8220; hover_enabled=&#8220;0&#8243; global_colors_info=&#8220;{}&#8220; sticky_enabled=&#8220;0&#8243;]<\/p>\n<h2>Busvermietung<\/h2>\n<p>F\u00fcr gr\u00f6\u00dfere Gruppen bieten unsere Busse au\u00dfergew\u00f6hnlichen Komfort und Platz. Sie sind mit den neuesten Annehmlichkeiten ausgestattet, um lange Reisen so angenehm wie m\u00f6glich zu gestalten.<\/p>\n<p>Mercedes Sprinter 519 und Setra 415 HD k\u00f6nnen gr\u00f6\u00dfere Gruppen aufnehmen, jeweils mit klimatisierten R\u00e4umen, individueller Bel\u00fcftung und Soundsystemen f\u00fcr jeden Sitz.<\/p>\n<p>Sie sind ideal f\u00fcr l\u00e4ngere und internationale Reisen und bieten Komfort und Sicherheit unabh\u00e4ngig vom Ziel. Mieten Sie bei uns einen Bus mit Fahrer und reisen Sie wohin Sie wollen.<\/p>\n<p>[\/et_pb_text][\/et_pb_column][\/et_pb_row][et_pb_row _builder_version=&#8220;4.24.0&#8243; _module_preset=&#8220;default&#8220; global_colors_info=&#8220;{}&#8220;][et_pb_column type=&#8220;4_4&#8243; _builder_version=&#8220;4.24.0&#8243; _module_preset=&#8220;default&#8220; global_colors_info=&#8220;{}&#8220;][et_pb_text _builder_version=&#8220;4.24.0&#8243; _module_preset=&#8220;default&#8220; global_colors_info=&#8220;{}&#8220;]<\/p>\n<h2 style=\"text-align: center;\">Erfahrungen und Empfehlungen<\/h2>\n<p>[\/et_pb_text][et_pb_testimonial author=&#8220;Maja L.&#8220; portrait_url=&#8220;https:\/\/oztravel.hr\/wp-content\/uploads\/2024\/06\/lady-1.webp&#8220; _builder_version=&#8220;4.25.2&#8243; _module_preset=&#8220;default&#8220; hover_enabled=&#8220;0&#8243; global_colors_info=&#8220;{}&#8220; sticky_enabled=&#8220;0&#8243;]<\/p>\n<p>Wir haben einen Gruppenausflug organisiert und OZ Taxi &amp; Travel hat den Transport f\u00fcr uns zehn bereitgestellt. Der Van war komfortabel und klimatisiert, und der Fahrer war \u00e4u\u00dferst professionell. Vielen Dank f\u00fcr den ausgezeichneten Service!<\/p>\n<p>[\/et_pb_testimonial][\/et_pb_column][\/et_pb_row][et_pb_row _builder_version=&#8220;4.25.2&#8243; _module_preset=&#8220;default&#8220; global_colors_info=&#8220;{}&#8220;][et_pb_column type=&#8220;4_4&#8243; _builder_version=&#8220;4.25.2&#8243; _module_preset=&#8220;default&#8220; global_colors_info=&#8220;{}&#8220;][et_pb_text _builder_version=&#8220;4.25.2&#8243; _module_preset=&#8220;default&#8220; global_colors_info=&#8220;{}&#8220;]<\/p>\n<h2 style=\"text-align: center;\">Unsere Kunden und Partner<\/h2>\n<p>[\/et_pb_text][dsm_card_carousel slide_to_show=&#8220;5&#8243; equal_height=&#8220;on&#8220; badge_background_color=&#8220;#D4AF37&#8243; slide_to_show_tablet=&#8220;2&#8243; slide_to_show_phone=&#8220;2&#8243; slide_to_show_last_edited=&#8220;on|phone&#8220; _builder_version=&#8220;4.25.2&#8243; _module_preset=&#8220;default&#8220; badge_text_color=&#8220;#FFFFFF&#8220; custom_css_free_form=&#8220;selector figure {||  display: flex;||  height: 100%;||}&#8220; global_colors_info=&#8220;{}&#8220;][dsm_card_carousel_child image=&#8220;https:\/\/oztravel.hr\/wp-content\/uploads\/2024\/06\/srednja-skola-krk.jpg&#8220; image_as_background=&#8220;off&#8220; badge_text=&#8220;Institution&#8220; button_url_new_window=&#8220;1&#8243; _builder_version=&#8220;4.25.2&#8243; _module_preset=&#8220;default&#8220; global_colors_info=&#8220;{}&#8220; parent_button=&#8220;off&#8220; parent_header_level=&#8220;h4&#8243;][\/dsm_card_carousel_child][dsm_card_carousel_child image=&#8220;https:\/\/oztravel.hr\/wp-content\/uploads\/2024\/06\/A.N.A.B.A.R.-tours-logo.jpg&#8220; image_as_background=&#8220;off&#8220; badge_text=&#8220;Agentur&#8220; button_url_new_window=&#8220;1&#8243; _builder_version=&#8220;4.25.2&#8243; _module_preset=&#8220;default&#8220; global_colors_info=&#8220;{}&#8220; parent_button=&#8220;off&#8220; parent_header_level=&#8220;h4&#8243;][\/dsm_card_carousel_child][dsm_card_carousel_child image=&#8220;https:\/\/oztravel.hr\/wp-content\/uploads\/2024\/06\/aurea-krk.svg&#8220; image_as_background=&#8220;off&#8220; badge_text=&#8220;Agentur&#8220; button_url_new_window=&#8220;1&#8243; _builder_version=&#8220;4.25.2&#8243; _module_preset=&#8220;default&#8220; global_colors_info=&#8220;{}&#8220; parent_button=&#8220;off&#8220; parent_header_level=&#8220;h4&#8243;][\/dsm_card_carousel_child][dsm_card_carousel_child image=&#8220;https:\/\/oztravel.hr\/wp-content\/uploads\/2024\/06\/da-riva-logo.png&#8220; image_as_background=&#8220;off&#8220; badge_text=&#8220;Agentur&#8220; button_url_new_window=&#8220;1&#8243; _builder_version=&#8220;4.25.2&#8243; _module_preset=&#8220;default&#8220; global_colors_info=&#8220;{}&#8220; parent_button=&#8220;off&#8220; parent_header_level=&#8220;h4&#8243;][\/dsm_card_carousel_child][dsm_card_carousel_child image=&#8220;https:\/\/oztravel.hr\/wp-content\/uploads\/2024\/06\/diamond-krk-1.png&#8220; image_as_background=&#8220;off&#8220; badge_text=&#8220;Nachtclub&#8220; button_url_new_window=&#8220;1&#8243; _builder_version=&#8220;4.25.2&#8243; _module_preset=&#8220;default&#8220; global_colors_info=&#8220;{}&#8220; parent_button=&#8220;off&#8220; parent_header_level=&#8220;h4&#8243;][\/dsm_card_carousel_child][dsm_card_carousel_child image=&#8220;https:\/\/oztravel.hr\/wp-content\/uploads\/2024\/06\/idriva-logo-23.png&#8220; image_as_background=&#8220;off&#8220; badge_text=&#8220;Agentur&#8220; button_url_new_window=&#8220;1&#8243; _builder_version=&#8220;4.25.2&#8243; _module_preset=&#8220;default&#8220; global_colors_info=&#8220;{}&#8220; parent_button=&#8220;off&#8220; parent_header_level=&#8220;h4&#8243;][\/dsm_card_carousel_child][dsm_card_carousel_child image=&#8220;https:\/\/oztravel.hr\/wp-content\/uploads\/2024\/06\/katarina-line-2.png&#8220; image_as_background=&#8220;off&#8220; badge_text=&#8220;Agentur&#8220; button_url_new_window=&#8220;1&#8243; _builder_version=&#8220;4.25.2&#8243; _module_preset=&#8220;default&#8220; global_colors_info=&#8220;{}&#8220; parent_button=&#8220;off&#8220; parent_header_level=&#8220;h4&#8243;][\/dsm_card_carousel_child][dsm_card_carousel_child image=&#8220;https:\/\/oztravel.hr\/wp-content\/uploads\/2024\/06\/logo-cromatours-transformed.png&#8220; image_as_background=&#8220;off&#8220; badge_text=&#8220;Agentur&#8220; button_url_new_window=&#8220;1&#8243; _builder_version=&#8220;4.25.2&#8243; _module_preset=&#8220;default&#8220; global_colors_info=&#8220;{}&#8220; parent_button=&#8220;off&#8220; parent_header_level=&#8220;h4&#8243;][\/dsm_card_carousel_child][dsm_card_carousel_child image=&#8220;https:\/\/oztravel.hr\/wp-content\/uploads\/2024\/06\/olivari-travel.png&#8220; image_as_background=&#8220;off&#8220; badge_text=&#8220;Agentur&#8220; button_url_new_window=&#8220;1&#8243; _builder_version=&#8220;4.25.2&#8243; _module_preset=&#8220;default&#8220; global_colors_info=&#8220;{}&#8220; parent_button=&#8220;off&#8220; parent_header_level=&#8220;h4&#8243;][\/dsm_card_carousel_child][dsm_card_carousel_child image=&#8220;https:\/\/oztravel.hr\/wp-content\/uploads\/2024\/06\/primo-tours.png&#8220; image_as_background=&#8220;off&#8220; badge_text=&#8220;Agentur&#8220; button_url_new_window=&#8220;1&#8243; _builder_version=&#8220;4.25.2&#8243; _module_preset=&#8220;default&#8220; global_colors_info=&#8220;{}&#8220; parent_button=&#8220;off&#8220; parent_header_level=&#8220;h4&#8243;][\/dsm_card_carousel_child][\/dsm_card_carousel][\/et_pb_column][\/et_pb_row][\/et_pb_section][et_pb_section fb_built=&#8220;1&#8243; _builder_version=&#8220;4.25.2&#8243; _module_preset=&#8220;default&#8220; background_image=&#8220;https:\/\/oztravel.hr\/wp-content\/uploads\/2024\/06\/wide-mercedes.webp&#8220; parallax=&#8220;on&#8220; border_width_top=&#8220;2px&#8220; border_color_top=&#8220;#0C71C3&#8243; border_width_bottom=&#8220;2px&#8220; border_color_bottom=&#8220;#0C71C3&#8243; global_colors_info=&#8220;{}&#8220;][et_pb_row _builder_version=&#8220;4.24.0&#8243; _module_preset=&#8220;default&#8220; locked=&#8220;off&#8220; global_colors_info=&#8220;{}&#8220;][et_pb_column type=&#8220;4_4&#8243; _builder_version=&#8220;4.24.0&#8243; _module_preset=&#8220;default&#8220; global_colors_info=&#8220;{}&#8220;][et_pb_text _builder_version=&#8220;4.25.2&#8243; _module_preset=&#8220;default&#8220; background_layout=&#8220;dark&#8220; global_colors_info=&#8220;{}&#8220;]<\/p>\n<h2 style=\"text-align: center;\"><span>Organisieren Sie schnell und einfach den Transport f\u00fcr Ihre n\u00e4chste Reise!<\/span><\/h2>\n<p>[\/et_pb_text][dsm_button button_one_text=&#8220;Anfrage senden&#8220; button_one_url=&#8220;#kontakt&#8220; button_two_text=&#8220;Rufen Sie uns an&#8220; button_two_url_type=&#8220;phone&#8220; button_two_phone_number=&#8220;+385993406329&#8243; button_alignment=&#8220;center&#8220; _builder_version=&#8220;4.25.2&#8243; _module_preset=&#8220;default&#8220; global_colors_info=&#8220;{}&#8220;][\/dsm_button][\/et_pb_column][\/et_pb_row][\/et_pb_section][et_pb_section fb_built=&#8220;1&#8243; _builder_version=&#8220;4.24.0&#8243; _module_preset=&#8220;default&#8220; global_colors_info=&#8220;{}&#8220;][et_pb_row _builder_version=&#8220;4.24.0&#8243; _module_preset=&#8220;default&#8220; global_colors_info=&#8220;{}&#8220;][et_pb_column type=&#8220;4_4&#8243; _builder_version=&#8220;4.24.0&#8243; _module_preset=&#8220;default&#8220; global_colors_info=&#8220;{}&#8220;][et_pb_text _builder_version=&#8220;4.24.0&#8243; _module_preset=&#8220;default&#8220; global_colors_info=&#8220;{}&#8220;]<\/p>\n<h2>H\u00e4ufig gestellte Fragen<\/h2>\n<p>[\/et_pb_text][et_pb_accordion open_toggle_text_color=&#8220;#D4AF37&#8243; open_toggle_background_color=&#8220;#EFEFEF&#8220; closed_toggle_text_color=&#8220;#000000&#8243; closed_toggle_background_color=&#8220;rgba(212,175,55,0.12)&#8220; toggle_icon=&#8220;&#x43;||divi||400&#8243; icon_color=&#8220;#D4AF37&#8243; _builder_version=&#8220;4.25.2&#8243; _module_preset=&#8220;default&#8220; toggle_font=&#8220;|700|||||||&#8220; body_text_color=&#8220;#000000&#8243; body_link_text_color=&#8220;#224400&#8243; border_width_all=&#8220;0px&#8220; locked=&#8220;off&#8220; global_colors_info=&#8220;{}&#8220;][et_pb_accordion_item title=&#8220;Wie kann ich Gruppentransport mit OZ Taxi &amp; Travel buchen?&#8220; open=&#8220;on&#8220; _builder_version=&#8220;4.25.2&#8243; _module_preset=&#8220;default&#8220; global_colors_info=&#8220;{}&#8220;]<\/p>\n<p>Sie k\u00f6nnen Gruppentransportdienste \u00fcber unsere Website, telefonisch unter <a href=\"tel:00385993406329\">+385 99 340 6329<\/a> oder per E-Mail an <a href=\"mailto:oz.prijevoz@gmail.com\">oz.prijevoz@gmail.com<\/a>.<\/p>\n<p>[\/et_pb_accordion_item][et_pb_accordion_item title=&#8220;Welche Fahrzeugtypen bieten Sie f\u00fcr Gruppenreisen an?&#8220; _builder_version=&#8220;4.25.2&#8243; _module_preset=&#8220;default&#8220; global_colors_info=&#8220;{}&#8220; open=&#8220;off&#8220;]Wir bieten Minibusse und Busse f\u00fcr Gruppenreisen, darunter Peugeot Traveler, Volkswagen Transporter T6, Mercedes Sprinter 515, Mercedes Sprinter 519 und Setra 415 HD.[\/et_pb_accordion_item][et_pb_accordion_item title=&#8220;Wie kann ich f\u00fcr Ihren Service bezahlen &#8211; akzeptieren Sie Karten?&#8220; _builder_version=&#8220;4.25.2&#8243; _module_preset=&#8220;default&#8220; global_colors_info=&#8220;{}&#8220; open=&#8220;off&#8220;]Ja, wir akzeptieren Zahlungen per Kreditkarte, Debitkarte und Bargeld.[\/et_pb_accordion_item][et_pb_accordion_item title=&#8220;Bieten Sie Transportdienste f\u00fcr Schulausfl\u00fcge an?&#8220; _builder_version=&#8220;4.25.2&#8243; _module_preset=&#8220;default&#8220; global_colors_info=&#8220;{}&#8220; open=&#8220;off&#8220;]Ja, wir bieten Transportdienste f\u00fcr Schulausfl\u00fcge an. Wir haben auch die Erlaubnis, Kinder zu transportieren.[\/et_pb_accordion_item][et_pb_accordion_item title=&#8220;Sind Ihre Fahrzeuge f\u00fcr Gesch\u00e4ftsreisen geeignet?&#8220; _builder_version=&#8220;4.25.2&#8243; _module_preset=&#8220;default&#8220; global_colors_info=&#8220;{}&#8220; open=&#8220;off&#8220;]Ja, unsere Fahrzeuge sind f\u00fcr Gesch\u00e4ftsreisen geeignet mit bequemen Sitzen und zus\u00e4tzlicher Ausstattung.[\/et_pb_accordion_item][et_pb_accordion_item title=&#8220;Was sind die Vorteile der Nutzung von Minibussen f\u00fcr Hochzeiten und Familientreffen?&#8220; _builder_version=&#8220;4.25.2&#8243; _module_preset=&#8220;default&#8220; global_colors_info=&#8220;{}&#8220; open=&#8220;off&#8220;]Minibusse bieten Komfort, Platz und die M\u00f6glichkeit, gr\u00f6\u00dfere Gruppen zusammen zu transportieren, was sie ideal f\u00fcr Hochzeiten und Familientreffen macht.[\/et_pb_accordion_item][et_pb_accordion_item title=&#8220;Bieten Sie internationale Transportdienste an?&#8220; _builder_version=&#8220;4.25.2&#8243; _module_preset=&#8220;default&#8220; global_colors_info=&#8220;{}&#8220; open=&#8220;off&#8220;]Ja, wir bieten internationale Transportdienste an. Unsere gesamte Flotte besteht aus sehr komfortablen Fahrzeugen, die f\u00fcr lange Reisen geeignet sind.[\/et_pb_accordion_item][et_pb_accordion_item title=&#8220;Wie lange im Voraus muss ich Gruppentransport buchen?&#8220; _builder_version=&#8220;4.25.2&#8243; _module_preset=&#8220;default&#8220; global_colors_info=&#8220;{}&#8220; open=&#8220;off&#8220;]F\u00fcr Gruppentransporte empfehlen wir, mindestens 2 Wochen im Voraus zu buchen. Wenn der Transport im M\u00e4rz, April, Mai, Juni, September, Oktober oder November stattfindet. Es ist am besten, so fr\u00fch wie m\u00f6glich zu buchen, mindestens einen Monat im Voraus, um die Verf\u00fcgbarkeit zu gew\u00e4hrleisten.[\/et_pb_accordion_item][\/et_pb_accordion][\/et_pb_column][\/et_pb_row][\/et_pb_section]<\/p>\n","protected":false},"excerpt":{"rendered":"<p>Minibusvermietung Unsere modernen und komfortablen Minibusse sind ideal f\u00fcr verschiedene Arten von Gruppenreisen, einschlie\u00dflich Schulausfl\u00fcgen, Gesch\u00e4ftsreisen und privaten Touren. Die Flexibilit\u00e4t und Anpassungsf\u00e4higkeit unserer Dienstleistungen erm\u00f6glichen Ihnen die perfekte Planung jeder Reise. Verf\u00fcgbar sind der Peugeot Traveler, Volkswagen Transporter T6 und Mercedes Sprinter 515, jeder mit unterschiedlichen Kapazit\u00e4ten und auf Ihre Bed\u00fcrfnisse zugeschnittene Ausstattung. Hervorragend geeignet f\u00fcr alles, von Schulausfl\u00fcgen \u00fcber Gesch\u00e4ftskonferenzen bis hin zu Hochzeiten und Familientreffen. Mieten Sie einen Kleinbus mit Fahrer und reisen Sie zu Ihrem n\u00e4chsten Abenteuer.Busvermietung F\u00fcr gr\u00f6\u00dfere Gruppen bieten unsere Busse au\u00dfergew\u00f6hnlichen Komfort und Platz. Sie sind mit den neuesten Annehmlichkeiten ausgestattet, um lange Reisen so angenehm wie m\u00f6glich zu gestalten. Mercedes Sprinter 519 und Setra 415 HD k\u00f6nnen gr\u00f6\u00dfere Gruppen aufnehmen, jeweils mit klimatisierten R\u00e4umen, individueller Bel\u00fcftung und Soundsystemen f\u00fcr jeden Sitz. Sie sind ideal f\u00fcr l\u00e4ngere und internationale Reisen und bieten Komfort und Sicherheit unabh\u00e4ngig vom Ziel. Mieten Sie bei uns einen Bus mit Fahrer und reisen Sie wohin Sie wollen.Erfahrungen und EmpfehlungenWir haben einen Gruppenausflug organisiert und OZ Taxi &amp; Travel hat den Transport f\u00fcr uns zehn bereitgestellt. Der Van war komfortabel und klimatisiert, und der Fahrer war \u00e4u\u00dferst professionell. Vielen Dank f\u00fcr den ausgezeichneten Service!Unsere Kunden und Partner<div class=\"et_pb_module dsm_card_carousel dsm_card_carousel_0 dsm_card_carousel_layout_stacked  dsm_card_carousel_equal_height dsm_card_carousel_arrow_outside dsm_card_carousel_arrow_mobile_inside\">\n\t\t\t\t\n\t\t\t\t\n\t\t\t\t\n\t\t\t\t\n\t\t\t\t\n\t\t\t\t\n\t\t\t\t<div class=\"et_pb_module_inner\">\n\t\t\t\t\t\n\t\t\t\n\t\t\t<div class=\"swiper-container dsm_card_carousel_wrapper\" dir=\"ltr\" data-params=\"[{&quot;direction&quot;:&quot;horizontal&quot;,&quot;effect&quot;:&quot;default&quot;,&quot;slider_effect_shadows&quot;:false,&quot;slider_effect_coverflow_rotate&quot;:&quot;30&quot;,&quot;slider_effect_coverflow_depth&quot;:&quot;0&quot;,&quot;loop&quot;:true,&quot;infinite_smooth_scrolling&quot;:false,&quot;slide_to_show&quot;:&quot;&amp;#8220;5&amp;#8243;&quot;,&quot;slide_to_show_tablet&quot;:&quot;1&quot;,&quot;slide_to_show_phone&quot;:&quot;1&quot;,&quot;slide_to_scroll&quot;:&quot;1&quot;,&quot;slide_to_scroll_tablet&quot;:&quot;1&quot;,&quot;slide_to_scroll_phone&quot;:&quot;1&quot;,&quot;space_between&quot;:&quot;15&quot;,&quot;space_between_tablet&quot;:&quot;15&quot;,&quot;space_between_phone&quot;:&quot;15&quot;,&quot;centered_slides&quot;:false,&quot;multiple_slide_row&quot;:&quot;off&quot;,&quot;slide_row&quot;:&quot;1&quot;,&quot;slide_row_tablet&quot;:&quot;1&quot;,&quot;slide_row_phone&quot;:&quot;1&quot;,&quot;speed&quot;:&quot;300&quot;,&quot;autoplay&quot;:true,&quot;autoplay_speed&quot;:&quot;3000&quot;,&quot;autoplay_viewport&quot;:&quot;80%&quot;,&quot;touch_move&quot;:true,&quot;grab&quot;:true,&quot;pause_on_hover&quot;:false,&quot;mousewheel&quot;:false,&quot;auto_height&quot;:false,&quot;equal_height&quot;:false,&quot;equal_height_tablet&quot;:true,&quot;equal_height_phone&quot;:true}]\">\n\t\t\t<div class=\"swiper-wrapper\"><\/div>\n\t\t\t<\/div><div class=\"swiper-button-prev dsm_card_carousel_arrow\" data-icon=\"4\"><\/div><div class=\"swiper-button-next dsm_card_carousel_arrow\" data-icon=\"5\"><\/div><div class=\"swiper-pagination dsm_card_carousel_pagination\"><\/div>\n\t\t\t\t<\/div>\n\t\t\t<\/div><\/p>\n","protected":false},"author":1,"featured_media":0,"parent":0,"menu_order":0,"comment_status":"closed","ping_status":"closed","template":"","meta":{"_et_pb_use_builder":"on","_et_pb_old_content":"","_et_gb_content_width":"","footnotes":""},"class_list":["post-563","page","type-page","status-publish","hentry"],"_links":{"self":[{"href":"https:\/\/oztravel.hr\/de\/wp-json\/wp\/v2\/pages\/563","targetHints":{"allow":["GET"]}}],"collection":[{"href":"https:\/\/oztravel.hr\/de\/wp-json\/wp\/v2\/pages"}],"about":[{"href":"https:\/\/oztravel.hr\/de\/wp-json\/wp\/v2\/types\/page"}],"author":[{"embeddable":true,"href":"https:\/\/oztravel.hr\/de\/wp-json\/wp\/v2\/users\/1"}],"replies":[{"embeddable":true,"href":"https:\/\/oztravel.hr\/de\/wp-json\/wp\/v2\/comments?post=563"}],"version-history":[{"count":7,"href":"https:\/\/oztravel.hr\/de\/wp-json\/wp\/v2\/pages\/563\/revisions"}],"predecessor-version":[{"id":763,"href":"https:\/\/oztravel.hr\/de\/wp-json\/wp\/v2\/pages\/563\/revisions\/763"}],"wp:attachment":[{"href":"https:\/\/oztravel.hr\/de\/wp-json\/wp\/v2\/media?parent=563"}],"curies":[{"name":"wp","href":"https:\/\/api.w.org\/{rel}","templated":true}]}}