{"id":565,"date":"2024-05-16T18:33:51","date_gmt":"2024-05-16T18:33:51","guid":{"rendered":"https:\/\/oztravel.hr\/vip-transport\/"},"modified":"2025-02-06T08:17:35","modified_gmt":"2025-02-06T08:17:35","slug":"vip-transport","status":"publish","type":"page","link":"https:\/\/oztravel.hr\/de\/vip-transport\/","title":{"rendered":"VIP-Transport"},"content":{"rendered":"\n[et_pb_section fb_built=&#8220;1&#8243; fullwidth=&#8220;on&#8220; _builder_version=&#8220;4.24.0&#8243; _module_preset=&#8220;default&#8220; background_color=&#8220;#8300E9&#8243; global_colors_info=&#8220;{}&#8220;][et_pb_fullwidth_header title=&#8220;Eleganz und Exklusivit\u00e4t&#8220; text_orientation=&#8220;center&#8220; button_one_text=&#8220;Jetzt buchen&#8220; button_one_url=&#8220;#kontakt&#8220; _builder_version=&#8220;4.25.2&#8243; _module_preset=&#8220;default&#8220; background_color=&#8220;#E5E5E5&#8243; background_image=&#8220;https:\/\/oztravel.hr\/wp-content\/uploads\/2024\/06\/vip-transfer.webp&#8220; custom_css_header_container=&#8220;min-height: 40svh;&#8220; global_colors_info=&#8220;{}&#8220;][\/et_pb_fullwidth_header][\/et_pb_section][et_pb_section fb_built=&#8220;1&#8243; _builder_version=&#8220;4.24.0&#8243; _module_preset=&#8220;default&#8220; global_colors_info=&#8220;{}&#8220;][et_pb_row column_structure=&#8220;1_2,1_2&#8243; _builder_version=&#8220;4.24.0&#8243; _module_preset=&#8220;default&#8220; global_colors_info=&#8220;{}&#8220;][et_pb_column type=&#8220;1_2&#8243; _builder_version=&#8220;4.24.0&#8243; _module_preset=&#8220;default&#8220; global_colors_info=&#8220;{}&#8220;][et_pb_image src=&#8220;https:\/\/oztravel.hr\/wp-content\/uploads\/2024\/06\/audi-a6-0.webp&#8220; title_text=&#8220;audi-a6-0&#8243; _builder_version=&#8220;4.25.2&#8243; _module_preset=&#8220;default&#8220; global_colors_info=&#8220;{}&#8220;][\/et_pb_image][\/et_pb_column][et_pb_column type=&#8220;1_2&#8243; _builder_version=&#8220;4.24.0&#8243; _module_preset=&#8220;default&#8220; global_colors_info=&#8220;{}&#8220;][et_pb_text _builder_version=&#8220;4.24.0&#8243; _module_preset=&#8220;default&#8220; global_colors_info=&#8220;{}&#8220;]<h2 data-pm-slice=\"1 1 [\"bulletList\",{},\"listItem\",{},\"bulletList\",{},\"listItem\",{}]\">VIP-Transport<\/h2>\n<p data-pm-slice=\"1 1 [\"bulletList\",{},\"listItem\",{}]\">Unser VIP-Transport ist f\u00fcr Kunden gedacht, die au\u00dfergew\u00f6hnliche Privatsph\u00e4re und Exklusivit\u00e4t w\u00fcnschen. Die Audi A6 Limousine mit Vollausstattung bietet un\u00fcbertroffenen Komfort und Stil f\u00fcr alle Ihre besonderen Anl\u00e4sse. <\/p>\n<p data-pm-slice=\"1 1 [\"bulletList\",{},\"listItem\",{}]\">Genie\u00dfen Sie erstklassige Annehmlichkeiten wie Ledersitze, Vier-Zonen-Klimaanlage, Panoramadach und volle Diskretion und Privatsph\u00e4re w\u00e4hrend Ihrer Reise.<\/p>\n<p data-pm-slice=\"1 1 [\"bulletList\",{},\"listItem\",{}]\">Die ideale Wahl f\u00fcr Gesch\u00e4ftskunden, Promi-Veranstaltungen, Hochzeiten und andere besondere Anl\u00e4sse, bei denen Stil und Eleganz von gr\u00f6\u00dfter Bedeutung sind.<\/p>[\/et_pb_text][\/et_pb_column][\/et_pb_row][et_pb_row _builder_version=&#8220;4.24.0&#8243; _module_preset=&#8220;default&#8220; global_colors_info=&#8220;{}&#8220;][et_pb_column type=&#8220;4_4&#8243; _builder_version=&#8220;4.24.0&#8243; _module_preset=&#8220;default&#8220; global_colors_info=&#8220;{}&#8220;][dsm_masonry_gallery gallery_ids=&#8220;135,136,137,138&#8243; lazyload=&#8220;on&#8220; dsm_sort_images_order=&#8220;date&#8220; columns=&#8220;4&#8243; use_lightbox=&#8220;on&#8220; _builder_version=&#8220;4.25.2&#8243; _module_preset=&#8220;default&#8220; global_colors_info=&#8220;{}&#8220;][\/dsm_masonry_gallery][\/et_pb_column][\/et_pb_row][et_pb_row _builder_version=&#8220;4.24.0&#8243; _module_preset=&#8220;default&#8220; global_colors_info=&#8220;{}&#8220;][et_pb_column type=&#8220;4_4&#8243; _builder_version=&#8220;4.24.0&#8243; _module_preset=&#8220;default&#8220; global_colors_info=&#8220;{}&#8220;][et_pb_text _builder_version=&#8220;4.24.0&#8243; _module_preset=&#8220;default&#8220; global_colors_info=&#8220;{}&#8220;]<h2 style=\"text-align: center;\">Erfahrungen und Empfehlungen<\/h2>[\/et_pb_text][et_pb_testimonial author=&#8220;Luka D.&#8220; portrait_url=&#8220;https:\/\/oztravel.hr\/wp-content\/uploads\/2024\/06\/man-1.webp&#8220; _builder_version=&#8220;4.25.2&#8243; _module_preset=&#8220;default&#8220; global_colors_info=&#8220;{}&#8220;]<p>OZ Taxi &amp; Travel hat mir mit seinem VIP-Transportservice in einer Audi A6 Limousine ein unvergessliches Erlebnis beschert. Das Fahrzeug war luxuri\u00f6s ausgestattet und \u00e4u\u00dferst komfortabel und der Fahrer war professionell und diskret. Eine ideale Wahl f\u00fcr alle, die mit Stil und Komfort reisen m\u00f6chten.  <\/p>[\/et_pb_testimonial][\/et_pb_column][\/et_pb_row][et_pb_row _builder_version=&#8220;4.25.2&#8243; _module_preset=&#8220;default&#8220; border_width_all=&#8220;2px&#8220; border_color_all=&#8220;#D4AF37&#8243; global_colors_info=&#8220;{}&#8220;][et_pb_column type=&#8220;4_4&#8243; _builder_version=&#8220;4.24.0&#8243; _module_preset=&#8220;default&#8220; global_colors_info=&#8220;{}&#8220;][et_pb_image src=&#8220;https:\/\/oztravel.hr\/wp-content\/uploads\/2024\/06\/diamond-krk.png&#8220; title_text=&#8220;diamond-krk&#8220; align=&#8220;center&#8220; _builder_version=&#8220;4.25.2&#8243; _module_preset=&#8220;default&#8220; global_colors_info=&#8220;{}&#8220;][\/et_pb_image][et_pb_text _builder_version=&#8220;4.25.2&#8243; _module_preset=&#8220;default&#8220; global_colors_info=&#8220;{}&#8220;]<h2 style=\"text-align: center;\">OZ Taxi &amp; Travel &#8211; Ihr offizieller Diamond Club Partner<\/h2>[\/et_pb_text][et_pb_text _builder_version=&#8220;4.25.2&#8243; _module_preset=&#8220;default&#8220; global_colors_info=&#8220;{}&#8220;]<p style=\"text-align: center;\">Wir sind stolz, bekannt geben zu k\u00f6nnen, dass OZ Taxi &amp; Travel autorisierter Partner des Diamond Club (Malinska) geworden ist, dem gr\u00f6\u00dften und renommiertesten Nachtclub der Insel. Mit unserem Service bieten wir Ihnen einen luxuri\u00f6sen und sicheren Transport zum und vom Diamond Club auf der Insel Krk. <\/p>\n<p style=\"text-align: center;\">Genie\u00dfen Sie unvergessliche N\u00e4chte mit unserem erstklassigen VIP-Transport, bei dem Komfort und Sicherheit an erster Stelle stehen. Unser Fuhrpark, darunter die luxuri\u00f6se Limousine Audi A6, bietet Ihnen die Exklusivit\u00e4t und den Stil, den Sie verdienen. <\/p>\n<p style=\"text-align: center;\">Buchen Sie Ihren Transport bei uns und erleben Sie das Nachtleben von Krk auf h\u00f6chstem Niveau.<\/p>[\/et_pb_text][\/et_pb_column][\/et_pb_row][\/et_pb_section][et_pb_section fb_built=&#8220;1&#8243; _builder_version=&#8220;4.25.2&#8243; _module_preset=&#8220;default&#8220; background_color=&#8220;#e5e5e5&#8243; background_image=&#8220;https:\/\/oztravel.hr\/wp-content\/uploads\/2024\/06\/vip-transfer-2.webp&#8220; parallax=&#8220;on&#8220; border_width_top=&#8220;2px&#8220; border_color_top=&#8220;#D4AF37&#8243; border_width_bottom=&#8220;2px&#8220; border_color_bottom=&#8220;#D4AF37&#8243; global_colors_info=&#8220;{}&#8220;][et_pb_row _builder_version=&#8220;4.24.0&#8243; _module_preset=&#8220;default&#8220; locked=&#8220;off&#8220; global_colors_info=&#8220;{}&#8220;][et_pb_column type=&#8220;4_4&#8243; _builder_version=&#8220;4.24.0&#8243; _module_preset=&#8220;default&#8220; global_colors_info=&#8220;{}&#8220;][et_pb_text _builder_version=&#8220;4.25.2&#8243; _module_preset=&#8220;default&#8220; background_layout=&#8220;dark&#8220; global_colors_info=&#8220;{}&#8220;]<h2 style=\"text-align: center;\"><span>Erleben Sie Luxus und Diskretion &#8211; buchen Sie jetzt Ihren VIP-Transport!<\/span><\/h2>[\/et_pb_text][dsm_button button_one_text=&#8220;Anfrage senden&#8220; button_one_url=&#8220;#kontakt&#8220; button_two_text=&#8220;Rufen Sie uns an&#8220; button_two_url_type=&#8220;phone&#8220; button_two_phone_number=&#8220;+385993406329&#8243; button_alignment=&#8220;center&#8220; _builder_version=&#8220;4.25.2&#8243; _module_preset=&#8220;default&#8220; global_colors_info=&#8220;{}&#8220;][\/dsm_button][\/et_pb_column][\/et_pb_row][\/et_pb_section][et_pb_section fb_built=&#8220;1&#8243; _builder_version=&#8220;4.24.0&#8243; _module_preset=&#8220;default&#8220; global_colors_info=&#8220;{}&#8220;][et_pb_row _builder_version=&#8220;4.24.0&#8243; _module_preset=&#8220;default&#8220; global_colors_info=&#8220;{}&#8220;][et_pb_column type=&#8220;4_4&#8243; _builder_version=&#8220;4.24.0&#8243; _module_preset=&#8220;default&#8220; global_colors_info=&#8220;{}&#8220;][et_pb_text _builder_version=&#8220;4.24.0&#8243; _module_preset=&#8220;default&#8220; global_colors_info=&#8220;{}&#8220;]<h2>H\u00e4ufig gestellte Fragen<\/h2>[\/et_pb_text][et_pb_accordion _builder_version=&#8220;4.25.2&#8243; _module_preset=&#8220;default&#8220; locked=&#8220;off&#8220; global_colors_info=&#8220;{}&#8220; closed_toggle_text_color=&#8220;#000000&#8243; closed_toggle_background_color=&#8220;rgba(212,175,55,0.12)&#8220; border_width_all=&#8220;0px&#8220; open_toggle_background_color=&#8220;#EFEFEF&#8220; open_toggle_text_color=&#8220;#D4AF37&#8243; body_text_color=&#8220;#000000&#8243; body_link_text_color=&#8220;#224400&#8243; toggle_font=&#8220;|700|||||||&#8220; icon_color=&#8220;#D4AF37&#8243; toggle_icon=&#8220;&#x43;||divi||400&#8243; hover_enabled=&#8220;0&#8243; sticky_enabled=&#8220;0&#8243;][et_pb_accordion_item title=&#8220;Welches Fahrzeug verwenden Sie f\u00fcr den VIP-Transport?&#8220; _builder_version=&#8220;4.25.2&#8243; _module_preset=&#8220;default&#8220; global_colors_info=&#8220;{}&#8220; open=&#8220;on&#8220;]F\u00fcr den VIP-Transport verwenden wir die luxuri\u00f6se Audi A6 Limousine.[\/et_pb_accordion_item][et_pb_accordion_item title=&#8220;Welche Annehmlichkeiten bietet die Audi A6 Limousine?&#8220; _builder_version=&#8220;4.25.2&#8243; _module_preset=&#8220;default&#8220; global_colors_info=&#8220;{}&#8220; open=&#8220;off&#8220;]Die Audi A6 Limousine bietet Ledersitze, Vier-Zonen-Klimaanlage, Panoramadach und volle Diskretion.[\/et_pb_accordion_item][et_pb_accordion_item title=&#8220;Wie kann ich f\u00fcr Ihren Service bezahlen &#8211; akzeptieren Sie Karten?&#8220; _builder_version=&#8220;4.25.2&#8243; _module_preset=&#8220;default&#8220; global_colors_info=&#8220;{}&#8220; open=&#8220;off&#8220;]Ja, wir akzeptieren Zahlungen per Kreditkarte, Debitkarte und Bargeld.[\/et_pb_accordion_item][et_pb_accordion_item title=&#8220;Wie kann ich w\u00e4hrend des VIP-Transports f\u00fcr v\u00f6llige Diskretion sorgen?&#8220; _builder_version=&#8220;4.25.2&#8243; _module_preset=&#8220;default&#8220; global_colors_info=&#8220;{}&#8220; open=&#8220;off&#8220;]Unsere Fahrzeuge sind v\u00f6llig unmarkiert und die Fahrer sind darin geschult, w\u00e4hrend Ihrer Reise v\u00f6llige Diskretion zu gew\u00e4hrleisten.[\/et_pb_accordion_item][et_pb_accordion_item title=&#8220;Bieten Sie VIP-Transport f\u00fcr besondere Anl\u00e4sse wie Geburtstage, Jubil\u00e4en, Hochzeiten an?&#8220; _builder_version=&#8220;4.25.2&#8243; _module_preset=&#8220;default&#8220; global_colors_info=&#8220;{}&#8220; open=&#8220;off&#8220;]Ja, wir bieten VIP-Transport f\u00fcr besondere Anl\u00e4sse wie Geburtstage, Jubil\u00e4en und Hochzeiten an.[\/et_pb_accordion_item][et_pb_accordion_item title=&#8220;Wie kann ich VIP-Transport f\u00fcr Promi-Veranstaltungen buchen?&#8220; _builder_version=&#8220;4.25.2&#8243; _module_preset=&#8220;default&#8220; global_colors_info=&#8220;{}&#8220; open=&#8220;off&#8220;]Sie k\u00f6nnen VIP-Transport f\u00fcr Promi-Veranstaltungen \u00fcber unsere Website, telefonisch oder per E-Mail buchen.[\/et_pb_accordion_item][et_pb_accordion_item title=&#8220;Wie kann ich VIP-Transport mit OZ Taxi &amp; Travel buchen?&#8220; open=&#8220;off&#8220; _builder_version=&#8220;4.25.2&#8243; _module_preset=&#8220;default&#8220; global_colors_info=&#8220;{}&#8220;]<p>Sie k\u00f6nnen VIP-Transportdienste \u00fcber unsere Website, telefonisch unter <a href=\"tel:00385993406329\">+385 99 340 6329<\/a> oder per E-Mail an <a href=\"mailto:oz.prijevoz@gmail.com\">oz.prijevoz@gmail.com<\/a>.<\/p>[\/et_pb_accordion_item][\/et_pb_accordion][\/et_pb_column][\/et_pb_row][\/et_pb_section]\n","protected":false},"excerpt":{"rendered":"<p>VIP-Transport Unser VIP-Transport ist f\u00fcr Kunden gedacht, die au\u00dfergew\u00f6hnliche Privatsph\u00e4re und Exklusivit\u00e4t w\u00fcnschen. Die Audi A6 Limousine mit Vollausstattung bietet un\u00fcbertroffenen Komfort und Stil f\u00fcr alle Ihre besonderen Anl\u00e4sse. Genie\u00dfen Sie erstklassige Annehmlichkeiten wie Ledersitze, Vier-Zonen-Klimaanlage, Panoramadach und volle Diskretion und Privatsph\u00e4re w\u00e4hrend Ihrer Reise. Die ideale Wahl f\u00fcr Gesch\u00e4ftskunden, Promi-Veranstaltungen, Hochzeiten und andere besondere Anl\u00e4sse, bei denen Stil und Eleganz von gr\u00f6\u00dfter Bedeutung sind.<div class=\"et_pb_module dsm_masonry_gallery dsm_masonry_gallery_0\">\n\t\t\t\t\n\t\t\t\t\n\t\t\t\t\n\t\t\t\t\n\t\t\t\t\n\t\t\t\t\n\t\t\t\t<div class=\"et_pb_module_inner\">\n\t\t\t\t\t<div class=\"dsm-gallery grid\" data-lightbox=\"true\" data-horizontalorder=\"true\">\n                <div class=\"grid-sizer\"><\/div><div class=\"gutter-sizer\"><\/div><div class=\"grid-item\">\n                    <a href=\"https:\/\/oztravel.hr\/wp-content\/uploads\/2024\/06\/audi-a6-4.webp\"  data-title='audi-a6-4'  data-caption='' data-mfp-src=\"https:\/\/oztravel.hr\/wp-content\/uploads\/2024\/06\/audi-a6-4.webp\">\n                        <div class=\"et_pb_image_wrap\">\n                            <img loading=\"lazy\" decoding=\"async\" src=\"https:\/\/oztravel.hr\/wp-content\/uploads\/2024\/06\/audi-a6-4.webp\" title=\"audi-a6-4\" alt=\"\" class=\"\" srcset=\"https:\/\/oztravel.hr\/wp-content\/uploads\/2024\/06\/audi-a6-4.webp 1680w, https:\/\/oztravel.hr\/wp-content\/uploads\/2024\/06\/audi-a6-4-1280x800.webp 1280w, https:\/\/oztravel.hr\/wp-content\/uploads\/2024\/06\/audi-a6-4-980x613.webp 980w, https:\/\/oztravel.hr\/wp-content\/uploads\/2024\/06\/audi-a6-4-480x300.webp 480w\" sizes=\"(min-width: 0px) and (max-width: 480px) 480px, (min-width: 481px) and (max-width: 980px) 980px, (min-width: 981px) and (max-width: 1280px) 1280px, (min-width: 1281px) 1680px, 100vw\" width=\"1680\" height=\"1050\" \/>\n                            \n                        <\/div>\n                    <\/a>\n                <\/div><div class=\"grid-item\">\n                    <a href=\"https:\/\/oztravel.hr\/wp-content\/uploads\/2024\/06\/audi-a6-3.webp\"  data-title='audi-a6-3'  data-caption='' data-mfp-src=\"https:\/\/oztravel.hr\/wp-content\/uploads\/2024\/06\/audi-a6-3.webp\">\n                        <div class=\"et_pb_image_wrap\">\n                            <img loading=\"lazy\" decoding=\"async\" src=\"https:\/\/oztravel.hr\/wp-content\/uploads\/2024\/06\/audi-a6-3.webp\" title=\"audi-a6-3\" alt=\"\" class=\"\" srcset=\"https:\/\/oztravel.hr\/wp-content\/uploads\/2024\/06\/audi-a6-3.webp 1680w, https:\/\/oztravel.hr\/wp-content\/uploads\/2024\/06\/audi-a6-3-1280x800.webp 1280w, https:\/\/oztravel.hr\/wp-content\/uploads\/2024\/06\/audi-a6-3-980x613.webp 980w, https:\/\/oztravel.hr\/wp-content\/uploads\/2024\/06\/audi-a6-3-480x300.webp 480w\" sizes=\"(min-width: 0px) and (max-width: 480px) 480px, (min-width: 481px) and (max-width: 980px) 980px, (min-width: 981px) and (max-width: 1280px) 1280px, (min-width: 1281px) 1680px, 100vw\" width=\"1680\" height=\"1050\" \/>\n                            \n                        <\/div>\n                    <\/a>\n                <\/div><div class=\"grid-item\">\n                    <a href=\"https:\/\/oztravel.hr\/wp-content\/uploads\/2024\/06\/audi-a6-2.webp\"  data-title='audi-a6-2'  data-caption='' data-mfp-src=\"https:\/\/oztravel.hr\/wp-content\/uploads\/2024\/06\/audi-a6-2.webp\">\n                        <div class=\"et_pb_image_wrap\">\n                            <img loading=\"lazy\" decoding=\"async\" src=\"https:\/\/oztravel.hr\/wp-content\/uploads\/2024\/06\/audi-a6-2.webp\" title=\"audi-a6-2\" alt=\"\" class=\"\" srcset=\"https:\/\/oztravel.hr\/wp-content\/uploads\/2024\/06\/audi-a6-2.webp 1680w, https:\/\/oztravel.hr\/wp-content\/uploads\/2024\/06\/audi-a6-2-1280x800.webp 1280w, https:\/\/oztravel.hr\/wp-content\/uploads\/2024\/06\/audi-a6-2-980x613.webp 980w, https:\/\/oztravel.hr\/wp-content\/uploads\/2024\/06\/audi-a6-2-480x300.webp 480w\" sizes=\"(min-width: 0px) and (max-width: 480px) 480px, (min-width: 481px) and (max-width: 980px) 980px, (min-width: 981px) and (max-width: 1280px) 1280px, (min-width: 1281px) 1680px, 100vw\" width=\"1680\" height=\"1050\" \/>\n                            \n                        <\/div>\n                    <\/a>\n                <\/div><div class=\"grid-item\">\n                    <a href=\"https:\/\/oztravel.hr\/wp-content\/uploads\/2024\/06\/audi-a6-1.webp\"  data-title='audi-a6-1'  data-caption='' data-mfp-src=\"https:\/\/oztravel.hr\/wp-content\/uploads\/2024\/06\/audi-a6-1.webp\">\n                        <div class=\"et_pb_image_wrap\">\n                            <img loading=\"lazy\" decoding=\"async\" src=\"https:\/\/oztravel.hr\/wp-content\/uploads\/2024\/06\/audi-a6-1.webp\" title=\"audi-a6-1\" alt=\"\" class=\"\" srcset=\"https:\/\/oztravel.hr\/wp-content\/uploads\/2024\/06\/audi-a6-1.webp 1680w, https:\/\/oztravel.hr\/wp-content\/uploads\/2024\/06\/audi-a6-1-1280x800.webp 1280w, https:\/\/oztravel.hr\/wp-content\/uploads\/2024\/06\/audi-a6-1-980x613.webp 980w, https:\/\/oztravel.hr\/wp-content\/uploads\/2024\/06\/audi-a6-1-480x300.webp 480w\" sizes=\"(min-width: 0px) and (max-width: 480px) 480px, (min-width: 481px) and (max-width: 980px) 980px, (min-width: 981px) and (max-width: 1280px) 1280px, (min-width: 1281px) 1680px, 100vw\" width=\"1680\" height=\"1050\" \/>\n                            \n                        <\/div>\n                    <\/a>\n                <\/div>\n             <\/div>\n\t\t\t\t<\/div>\n\t\t\t<\/div>Erfahrungen und EmpfehlungenOZ Taxi &amp; Travel hat mir mit seinem VIP-Transportservice in einer Audi A6 Limousine ein unvergessliches Erlebnis beschert. Das Fahrzeug war luxuri\u00f6s ausgestattet und \u00e4u\u00dferst komfortabel und der Fahrer war professionell und diskret. Eine ideale Wahl f\u00fcr alle, die mit Stil und Komfort reisen m\u00f6chten. OZ Taxi &amp; Travel &#8211; Ihr offizieller Diamond Club PartnerWir sind stolz, bekannt geben zu k\u00f6nnen, dass OZ Taxi &amp; Travel autorisierter Partner des Diamond Club (Malinska) geworden ist, dem gr\u00f6\u00dften und renommiertesten Nachtclub der Insel. Mit unserem Service bieten wir Ihnen einen luxuri\u00f6sen und sicheren Transport zum und vom Diamond Club auf der Insel Krk. Genie\u00dfen Sie unvergessliche N\u00e4chte mit unserem erstklassigen VIP-Transport, bei dem Komfort und Sicherheit an erster Stelle stehen. Unser Fuhrpark, darunter die luxuri\u00f6se Limousine Audi A6, [&hellip;]<\/p>\n","protected":false},"author":1,"featured_media":0,"parent":0,"menu_order":0,"comment_status":"closed","ping_status":"closed","template":"","meta":{"_et_pb_use_builder":"on","_et_pb_old_content":"","_et_gb_content_width":"","footnotes":""},"class_list":["post-565","page","type-page","status-publish","hentry"],"_links":{"self":[{"href":"https:\/\/oztravel.hr\/de\/wp-json\/wp\/v2\/pages\/565","targetHints":{"allow":["GET"]}}],"collection":[{"href":"https:\/\/oztravel.hr\/de\/wp-json\/wp\/v2\/pages"}],"about":[{"href":"https:\/\/oztravel.hr\/de\/wp-json\/wp\/v2\/types\/page"}],"author":[{"embeddable":true,"href":"https:\/\/oztravel.hr\/de\/wp-json\/wp\/v2\/users\/1"}],"replies":[{"embeddable":true,"href":"https:\/\/oztravel.hr\/de\/wp-json\/wp\/v2\/comments?post=565"}],"version-history":[{"count":2,"href":"https:\/\/oztravel.hr\/de\/wp-json\/wp\/v2\/pages\/565\/revisions"}],"predecessor-version":[{"id":677,"href":"https:\/\/oztravel.hr\/de\/wp-json\/wp\/v2\/pages\/565\/revisions\/677"}],"wp:attachment":[{"href":"https:\/\/oztravel.hr\/de\/wp-json\/wp\/v2\/media?parent=565"}],"curies":[{"name":"wp","href":"https:\/\/api.w.org\/{rel}","templated":true}]}}