{"id":744,"date":"2025-02-22T13:34:05","date_gmt":"2025-02-22T13:34:05","guid":{"rendered":"https:\/\/oztravel.hr\/tagesausfluege\/"},"modified":"2025-02-28T15:56:24","modified_gmt":"2025-02-28T15:56:24","slug":"tagesausfluege","status":"publish","type":"page","link":"https:\/\/oztravel.hr\/de\/tagesausfluege\/","title":{"rendered":"Tagesausfl\u00fcge"},"content":{"rendered":"<p>[et_pb_section fb_built=&#8220;1&#8243; fullwidth=&#8220;on&#8220; _builder_version=&#8220;4.25.2&#8243; _module_preset=&#8220;default&#8220; background_enable_image=&#8220;off&#8220; global_colors_info=&#8220;{}&#8220;][et_pb_fullwidth_header title=&#8220;Tagesausfl\u00fcge ab Krk&#8220; subhead=&#8220;M\u00f6chten Sie f\u00fcr Ihr Team einen Ausflug ab der Insel Krka organisieren? Wir haben eine L\u00f6sung f\u00fcr Sie.&#8220; text_orientation=&#8220;center&#8220; button_one_text=&#8220;Jetzt buchen&#8220; button_one_url=&#8220;#kontakt&#8220; _builder_version=&#8220;4.27.3&#8243; _module_preset=&#8220;default&#8220; background_color=&#8220;rgba(0,0,0,0.49)&#8220; background_image=&#8220;https:\/\/oztravel.hr\/wp-content\/uploads\/2024\/06\/grupni-prijevoz.webp&#8220; background_blend=&#8220;multiply&#8220; custom_css_header_container=&#8220;min-height: 40svh;&#8220; global_colors_info=&#8220;{}&#8220;][\/et_pb_fullwidth_header][\/et_pb_section][et_pb_section fb_built=&#8220;1&#8243; _builder_version=&#8220;4.24.0&#8243; _module_preset=&#8220;default&#8220; global_colors_info=&#8220;{}&#8220;][et_pb_row _builder_version=&#8220;4.27.3&#8243; _module_preset=&#8220;default&#8220; custom_padding=&#8220;||0px|||&#8220; global_colors_info=&#8220;{}&#8220;][et_pb_column type=&#8220;4_4&#8243; _builder_version=&#8220;4.27.3&#8243; _module_preset=&#8220;default&#8220; global_colors_info=&#8220;{}&#8220;][et_pb_heading title=&#8220;W\u00e4hlen Sie je nach Gruppengr\u00f6\u00dfe den Fahrzeugtyp f\u00fcr den Personentransport.&#8220; _builder_version=&#8220;4.27.3&#8243; _module_preset=&#8220;default&#8220; global_colors_info=&#8220;{}&#8220;][\/et_pb_heading][\/et_pb_column][\/et_pb_row][et_pb_row column_structure=&#8220;1_2,1_2&#8243; _builder_version=&#8220;4.24.0&#8243; _module_preset=&#8220;default&#8220; global_colors_info=&#8220;{}&#8220;][et_pb_column type=&#8220;1_2&#8243; _builder_version=&#8220;4.24.0&#8243; _module_preset=&#8220;default&#8220; global_colors_info=&#8220;{}&#8220;][et_pb_image src=&#8220;https:\/\/oztravel.hr\/wp-content\/uploads\/2024\/06\/mercedes-519-0.webp&#8220; title_text=&#8220;mercedes-519-0&#8243; _builder_version=&#8220;4.25.2&#8243; _module_preset=&#8220;default&#8220; global_colors_info=&#8220;{}&#8220;][\/et_pb_image][et_pb_text _builder_version=&#8220;4.27.3&#8243; _module_preset=&#8220;default&#8220; global_colors_info=&#8220;{}&#8220;]<\/p>\n<h2>Minibus (bis zu 20 Passagiere)<\/h2>\n<p>Buchen Sie einen Minibus mit Fahrer. Unsere modernen und komfortablen Minibusse sind ideal f\u00fcr verschiedene Arten von Gruppenreisen, einschlie\u00dflich Schulausfl\u00fcgen, Gesch\u00e4ftsreisen und privaten Touren. Die Flexibilit\u00e4t und Anpassungsf\u00e4higkeit unserer Dienstleistungen erm\u00f6glichen Ihnen die perfekte Planung jeder Reise.<\/p>\n<p>Verf\u00fcgbar sind der Peugeot Traveler, Volkswagen Transporter T6 und Mercedes Sprinter 515, jeder mit unterschiedlichen Kapazit\u00e4ten und auf Ihre Bed\u00fcrfnisse zugeschnittene Ausstattung.<\/p>\n<p>Hervorragend geeignet f\u00fcr alles, von Schulausfl\u00fcgen \u00fcber Gesch\u00e4ftskonferenzen bis hin zu Hochzeiten und Familientreffen.<\/p>\n<p>[\/et_pb_text][\/et_pb_column][et_pb_column type=&#8220;1_2&#8243; _builder_version=&#8220;4.24.0&#8243; _module_preset=&#8220;default&#8220; global_colors_info=&#8220;{}&#8220;][et_pb_image src=&#8220;https:\/\/oztravel.hr\/wp-content\/uploads\/2024\/06\/bus-setra-0.webp&#8220; title_text=&#8220;bus-setra-0&#8243; _builder_version=&#8220;4.25.2&#8243; _module_preset=&#8220;default&#8220; global_colors_info=&#8220;{}&#8220;][\/et_pb_image][et_pb_text _builder_version=&#8220;4.27.3&#8243; _module_preset=&#8220;default&#8220; global_colors_info=&#8220;{}&#8220;]<\/p>\n<h2>Bus (bis 50 Passagiere)<\/h2>\n<p>Buchen Sie einen Bus mit Fahrer. F\u00fcr gr\u00f6\u00dfere Gruppen bieten unsere Busse au\u00dfergew\u00f6hnlichen Komfort und Platz. Sie sind mit den neuesten Annehmlichkeiten ausgestattet, um lange Reisen so angenehm wie m\u00f6glich zu gestalten.<\/p>\n<p>Mercedes Sprinter 519 und Setra 415 HD k\u00f6nnen gr\u00f6\u00dfere Gruppen aufnehmen, jeweils mit klimatisierten R\u00e4umen, individueller Bel\u00fcftung und Soundsystemen f\u00fcr jeden Sitz.<\/p>\n<p>Sie sind ideal f\u00fcr l\u00e4ngere und internationale Reisen und bieten Komfort und Sicherheit unabh\u00e4ngig vom Ziel.<\/p>\n<p>[\/et_pb_text][\/et_pb_column][\/et_pb_row][et_pb_row _builder_version=&#8220;4.27.3&#8243; _module_preset=&#8220;default&#8220; global_colors_info=&#8220;{}&#8220;][et_pb_column type=&#8220;4_4&#8243; _builder_version=&#8220;4.27.3&#8243; _module_preset=&#8220;default&#8220; global_colors_info=&#8220;{}&#8220;][et_pb_heading title=&#8220;W\u00e4hlen Sie Ihr Ziel&#8220; _builder_version=&#8220;4.27.3&#8243; _module_preset=&#8220;default&#8220; global_colors_info=&#8220;{}&#8220;][\/et_pb_heading][et_pb_text _builder_version=&#8220;4.27.3&#8243; _module_preset=&#8220;default&#8220; global_colors_info=&#8220;{}&#8220;]<\/p>\n<p>Unser Team aus professionellen Fahrern bietet Ihnen einen schnellen und unkomplizierten privaten Personentransport in ganz Kroatien, aber auch in die Nachbarl\u00e4nder. Wohin Ihre Idee Sie auch f\u00fchrt, wir sind hier, um Sie an das von Ihnen vorgestellte Ziel zu bringen. Unsere Leistungen lassen sich Ihren W\u00fcnschen anpassen und jede Reise zu einem unvergesslichen Erlebnis machen.  <\/p>\n<p>[\/et_pb_text][\/et_pb_column][\/et_pb_row][et_pb_row column_structure=&#8220;1_2,1_2&#8243; _builder_version=&#8220;4.27.3&#8243; _module_preset=&#8220;default&#8220; global_colors_info=&#8220;{}&#8220;][et_pb_column type=&#8220;1_2&#8243; _builder_version=&#8220;4.27.3&#8243; _module_preset=&#8220;default&#8220; global_colors_info=&#8220;{}&#8220;][et_pb_blurb title=&#8220;Eint\u00e4giger Ausflug nach Brijuni&#8220; image=&#8220;https:\/\/oztravel.hr\/wp-content\/uploads\/2025\/02\/brijuni-4889847_1280.jpg&#8220; _builder_version=&#8220;4.27.3&#8243; _module_preset=&#8220;default&#8220; global_colors_info=&#8220;{}&#8220;]<\/p>\n<p>Brijuni ist ein wahres Juwel der kroatischen Adria, bekannt f\u00fcr seine wundersch\u00f6ne Natur, reiche Geschichte und einzigartige Atmosph\u00e4re, die jeden Besucher verzaubert. Eine Reise von Krk nach Brijuni ist die perfekte Gelegenheit, dem Alltagsstress zu entfliehen, da Sie eine Fahrt durch malerische Landschaften genie\u00dfen und anschlie\u00dfend die herrlichen Inseln erkunden k\u00f6nnen, die zahlreiche Aktivit\u00e4ten bieten, von Radtouren bis zum Entspannen an den Str\u00e4nden. Sp\u00fcren Sie die Magie dieser wundersch\u00f6nen Inseln, passieren Sie historische Sehensw\u00fcrdigkeiten und schaffen Sie auf diesem Tagesausflug unvergessliche Erinnerungen mit Freunden oder der Familie.  <\/p>\n<p>[\/et_pb_blurb][\/et_pb_column][et_pb_column type=&#8220;1_2&#8243; _builder_version=&#8220;4.27.3&#8243; _module_preset=&#8220;default&#8220; global_colors_info=&#8220;{}&#8220;][et_pb_blurb title=&#8220;Tagesausflug Ljubljana&#8220; image=&#8220;https:\/\/oztravel.hr\/wp-content\/uploads\/2025\/02\/dragon-3906673_1280.jpg&#8220; _builder_version=&#8220;4.27.3&#8243; _module_preset=&#8220;default&#8220; global_colors_info=&#8220;{}&#8220;]<\/p>\n<p>Wenn Sie von Krk nach Ljubljana reisen, haben Sie die M\u00f6glichkeit, die Sch\u00f6nheit der slowenischen Hauptstadt zu entdecken, die f\u00fcr ihre Architektur, kulturellen Sehensw\u00fcrdigkeiten und malerischen Stra\u00dfen bekannt ist. W\u00e4hrend Sie durch malerische Landschaften fahren, genie\u00dfen Sie den Komfort unserer Fahrzeuge, die mit allen notwendigen Annehmlichkeiten f\u00fcr eine angenehme Reise ausgestattet sind. Ljubljana mit seinen charmanten Stra\u00dfen und dem wundersch\u00f6nen Fluss Ljubljanica bietet zahlreiche Sehensw\u00fcrdigkeiten, von einer historischen Burg bis hin zu modernen Museen, und ist damit ein ideales Ziel f\u00fcr einen Tagesausflug, der Ihnen unvergessliche Erinnerungen bescheren wird. \u00dcberlassen Sie es unseren erfahrenen Fahrern und genie\u00dfen Sie jeden Moment Ihrer Reise.   <\/p>\n<p>[\/et_pb_blurb][\/et_pb_column][\/et_pb_row][et_pb_row column_structure=&#8220;1_2,1_2&#8243; _builder_version=&#8220;4.27.3&#8243; _module_preset=&#8220;default&#8220; global_colors_info=&#8220;{}&#8220;][et_pb_column type=&#8220;1_2&#8243; _builder_version=&#8220;4.27.3&#8243; _module_preset=&#8220;default&#8220; global_colors_info=&#8220;{}&#8220;][et_pb_blurb title=&#8220;Tagesausflug nach Venedig&#8220; image=&#8220;https:\/\/oztravel.hr\/wp-content\/uploads\/2025\/02\/channel-3547224_1280.jpg&#8220; _builder_version=&#8220;4.27.3&#8243; _module_preset=&#8220;default&#8220; global_colors_info=&#8220;{}&#8220;]<\/p>\n<p>Venedig, eine magische Stadt am Wasser, verzaubert ihre Besucher mit einer einzigartigen Mischung aus Geschichte und Kunst, wo jede Gondel und jede Br\u00fccke mit Geschichten aus der Vergangenheit verwoben ist. Dieser Ausflug von Krk bietet die M\u00f6glichkeit, wundersch\u00f6ne Pl\u00e4tze zu erkunden, k\u00f6stliche venezianische K\u00fcche zu genie\u00dfen oder sich einfach im Labyrinth der engen, charmanten Gassen zu verlieren. Egal, ob Sie Kulturliebhaber sind oder einen romantischen Ausflug planen, Venedig bietet Ihnen Erlebnisse, die Ihnen f\u00fcr immer im Ged\u00e4chtnis bleiben. Erleben Sie die Magie dieser faszinierenden Stadt und schaffen Sie Erinnerungen, die Ihnen ewig im Ged\u00e4chtnis bleiben.   <\/p>\n<p>[\/et_pb_blurb][\/et_pb_column][et_pb_column type=&#8220;1_2&#8243; _builder_version=&#8220;4.27.3&#8243; _module_preset=&#8220;default&#8220; global_colors_info=&#8220;{}&#8220;][et_pb_blurb title=&#8220;Eint\u00e4giger Ausflug nach Bled und Bohinj&#8220; image=&#8220;https:\/\/oztravel.hr\/wp-content\/uploads\/2025\/02\/bled-5890874_1280.jpg&#8220; _builder_version=&#8220;4.27.3&#8243; _module_preset=&#8220;default&#8220; global_colors_info=&#8220;{}&#8220;]<\/p>\n<p>Die Reise von Krk nach Bled und Bohinj ist ein unvergessliches Erlebnis, das Sie mit der Natursch\u00f6nheit und den kulturellen Sch\u00e4tzen Sloweniens verzaubern wird. Genie\u00dfen Sie die Fahrt durch malerische Landschaften, wo Ihnen hinter jeder Kurve neue Ausblicke auf die idyllische Alpenlandschaft offen stehen. Ihre Ankunft in Bled wird Sie mit seinem ber\u00fchmten See und der romantischen Insel begeistern. Bohinj bietet mit seiner unber\u00fchrten Natur zahlreiche M\u00f6glichkeiten f\u00fcr Aktivit\u00e4ten wie Wandern, Radtouren oder einfach zum Entspannen am kristallklaren Wasser. Dieser Tagesausflug ist die perfekte Gelegenheit, in die Sch\u00f6nheit der Naturjuwelen Sloweniens einzutauchen und wertvolle Erinnerungen mit Ihren Lieben zu schaffen.   <\/p>\n<p>[\/et_pb_blurb][\/et_pb_column][\/et_pb_row][et_pb_row _builder_version=&#8220;4.25.2&#8243; _module_preset=&#8220;default&#8220; global_colors_info=&#8220;{}&#8220;][et_pb_column type=&#8220;4_4&#8243; _builder_version=&#8220;4.25.2&#8243; _module_preset=&#8220;default&#8220; global_colors_info=&#8220;{}&#8220;][et_pb_text _builder_version=&#8220;4.25.2&#8243; _module_preset=&#8220;default&#8220; global_colors_info=&#8220;{}&#8220;]<\/p>\n<h2 style=\"text-align: center;\">Unsere Kunden und Partner<\/h2>\n<p>[\/et_pb_text][dsm_card_carousel slide_to_show=&#8220;5&#8243; equal_height=&#8220;on&#8220; badge_background_color=&#8220;#D4AF37&#8243; slide_to_show_tablet=&#8220;2&#8243; slide_to_show_phone=&#8220;2&#8243; slide_to_show_last_edited=&#8220;on|phone&#8220; _builder_version=&#8220;4.25.2&#8243; _module_preset=&#8220;default&#8220; badge_text_color=&#8220;#FFFFFF&#8220; custom_css_free_form=&#8220;selector figure {||  display: flex;||  height: 100%;||}&#8220; global_colors_info=&#8220;{}&#8220;][dsm_card_carousel_child image=&#8220;https:\/\/oztravel.hr\/wp-content\/uploads\/2024\/06\/srednja-skola-krk.jpg&#8220; image_as_background=&#8220;off&#8220; badge_text=&#8220;Institution&#8220; button_url_new_window=&#8220;1&#8243; _builder_version=&#8220;4.25.2&#8243; _module_preset=&#8220;default&#8220; global_colors_info=&#8220;{}&#8220;][\/dsm_card_carousel_child][dsm_card_carousel_child image=&#8220;https:\/\/oztravel.hr\/wp-content\/uploads\/2024\/06\/A.N.A.B.A.R.-tours-logo.jpg&#8220; image_as_background=&#8220;off&#8220; badge_text=&#8220;Agentur&#8220; button_url_new_window=&#8220;1&#8243; _builder_version=&#8220;4.25.2&#8243; _module_preset=&#8220;default&#8220; global_colors_info=&#8220;{}&#8220;][\/dsm_card_carousel_child][dsm_card_carousel_child image=&#8220;https:\/\/oztravel.hr\/wp-content\/uploads\/2024\/06\/aurea-krk.svg&#8220; image_as_background=&#8220;off&#8220; badge_text=&#8220;Agentur&#8220; button_url_new_window=&#8220;1&#8243; _builder_version=&#8220;4.25.2&#8243; _module_preset=&#8220;default&#8220; global_colors_info=&#8220;{}&#8220;][\/dsm_card_carousel_child][dsm_card_carousel_child image=&#8220;https:\/\/oztravel.hr\/wp-content\/uploads\/2024\/06\/da-riva-logo.png&#8220; image_as_background=&#8220;off&#8220; badge_text=&#8220;Agentur&#8220; button_url_new_window=&#8220;1&#8243; _builder_version=&#8220;4.25.2&#8243; _module_preset=&#8220;default&#8220; global_colors_info=&#8220;{}&#8220;][\/dsm_card_carousel_child][dsm_card_carousel_child image=&#8220;https:\/\/oztravel.hr\/wp-content\/uploads\/2024\/06\/diamond-krk-1.png&#8220; image_as_background=&#8220;off&#8220; badge_text=&#8220;Nachtclub&#8220; button_url_new_window=&#8220;1&#8243; _builder_version=&#8220;4.25.2&#8243; _module_preset=&#8220;default&#8220; global_colors_info=&#8220;{}&#8220;][\/dsm_card_carousel_child][dsm_card_carousel_child image=&#8220;https:\/\/oztravel.hr\/wp-content\/uploads\/2024\/06\/idriva-logo-23.png&#8220; image_as_background=&#8220;off&#8220; badge_text=&#8220;Agentur&#8220; button_url_new_window=&#8220;1&#8243; _builder_version=&#8220;4.25.2&#8243; _module_preset=&#8220;default&#8220; global_colors_info=&#8220;{}&#8220;][\/dsm_card_carousel_child][dsm_card_carousel_child image=&#8220;https:\/\/oztravel.hr\/wp-content\/uploads\/2024\/06\/katarina-line-2.png&#8220; image_as_background=&#8220;off&#8220; badge_text=&#8220;Agentur&#8220; button_url_new_window=&#8220;1&#8243; _builder_version=&#8220;4.25.2&#8243; _module_preset=&#8220;default&#8220; global_colors_info=&#8220;{}&#8220;][\/dsm_card_carousel_child][dsm_card_carousel_child image=&#8220;https:\/\/oztravel.hr\/wp-content\/uploads\/2024\/06\/logo-cromatours-transformed.png&#8220; image_as_background=&#8220;off&#8220; badge_text=&#8220;Agentur&#8220; button_url_new_window=&#8220;1&#8243; _builder_version=&#8220;4.25.2&#8243; _module_preset=&#8220;default&#8220; global_colors_info=&#8220;{}&#8220;][\/dsm_card_carousel_child][dsm_card_carousel_child image=&#8220;https:\/\/oztravel.hr\/wp-content\/uploads\/2024\/06\/olivari-travel.png&#8220; image_as_background=&#8220;off&#8220; badge_text=&#8220;Agentur&#8220; button_url_new_window=&#8220;1&#8243; _builder_version=&#8220;4.25.2&#8243; _module_preset=&#8220;default&#8220; global_colors_info=&#8220;{}&#8220;][\/dsm_card_carousel_child][dsm_card_carousel_child image=&#8220;https:\/\/oztravel.hr\/wp-content\/uploads\/2024\/06\/primo-tours.png&#8220; image_as_background=&#8220;off&#8220; badge_text=&#8220;Agentur&#8220; button_url_new_window=&#8220;1&#8243; _builder_version=&#8220;4.25.2&#8243; _module_preset=&#8220;default&#8220; global_colors_info=&#8220;{}&#8220;][\/dsm_card_carousel_child][\/dsm_card_carousel][\/et_pb_column][\/et_pb_row][\/et_pb_section][et_pb_section fb_built=&#8220;1&#8243; _builder_version=&#8220;4.25.2&#8243; _module_preset=&#8220;default&#8220; background_image=&#8220;https:\/\/oztravel.hr\/wp-content\/uploads\/2024\/06\/wide-mercedes.webp&#8220; parallax=&#8220;on&#8220; border_width_top=&#8220;2px&#8220; border_color_top=&#8220;#0C71C3&#8243; border_width_bottom=&#8220;2px&#8220; border_color_bottom=&#8220;#0C71C3&#8243; global_colors_info=&#8220;{}&#8220;][et_pb_row _builder_version=&#8220;4.24.0&#8243; _module_preset=&#8220;default&#8220; locked=&#8220;off&#8220; global_colors_info=&#8220;{}&#8220;][et_pb_column type=&#8220;4_4&#8243; _builder_version=&#8220;4.24.0&#8243; _module_preset=&#8220;default&#8220; global_colors_info=&#8220;{}&#8220;][et_pb_text _builder_version=&#8220;4.25.2&#8243; _module_preset=&#8220;default&#8220; background_layout=&#8220;dark&#8220; global_colors_info=&#8220;{}&#8220;]<\/p>\n<h2 style=\"text-align: center;\"><span>Organisieren Sie schnell und einfach den Transport f\u00fcr Ihre n\u00e4chste Reise!<\/span><\/h2>\n<p>[\/et_pb_text][dsm_button button_one_text=&#8220;Anfrage senden&#8220; button_one_url=&#8220;#kontakt&#8220; button_two_text=&#8220;Rufen Sie uns an&#8220; button_two_url_type=&#8220;phone&#8220; button_two_phone_number=&#8220;+385993406329&#8243; button_alignment=&#8220;center&#8220; _builder_version=&#8220;4.25.2&#8243; _module_preset=&#8220;default&#8220; global_colors_info=&#8220;{}&#8220;][\/dsm_button][\/et_pb_column][\/et_pb_row][\/et_pb_section][et_pb_section fb_built=&#8220;1&#8243; _builder_version=&#8220;4.24.0&#8243; _module_preset=&#8220;default&#8220; global_colors_info=&#8220;{}&#8220;][et_pb_row _builder_version=&#8220;4.24.0&#8243; _module_preset=&#8220;default&#8220; global_colors_info=&#8220;{}&#8220;][et_pb_column type=&#8220;4_4&#8243; _builder_version=&#8220;4.24.0&#8243; _module_preset=&#8220;default&#8220; global_colors_info=&#8220;{}&#8220;][et_pb_text _builder_version=&#8220;4.24.0&#8243; _module_preset=&#8220;default&#8220; global_colors_info=&#8220;{}&#8220;]<\/p>\n<h2>H\u00e4ufig gestellte Fragen<\/h2>\n<p>[\/et_pb_text][et_pb_accordion open_toggle_text_color=&#8220;#D4AF37&#8243; open_toggle_background_color=&#8220;#EFEFEF&#8220; closed_toggle_text_color=&#8220;#000000&#8243; closed_toggle_background_color=&#8220;rgba(212,175,55,0.12)&#8220; toggle_icon=&#8220;&#x43;||divi||400&#8243; icon_color=&#8220;#D4AF37&#8243; _builder_version=&#8220;4.25.2&#8243; _module_preset=&#8220;default&#8220; toggle_font=&#8220;|700|||||||&#8220; body_text_color=&#8220;#000000&#8243; body_link_text_color=&#8220;#224400&#8243; border_width_all=&#8220;0px&#8220; locked=&#8220;off&#8220; global_colors_info=&#8220;{}&#8220;][et_pb_accordion_item title=&#8220;Wie kann ich Gruppentransport mit OZ Taxi &amp; Travel buchen?&#8220; open=&#8220;on&#8220; _builder_version=&#8220;4.25.2&#8243; _module_preset=&#8220;default&#8220; global_colors_info=&#8220;{}&#8220;]<\/p>\n<p>Sie k\u00f6nnen Gruppentransportdienste \u00fcber unsere Website, telefonisch unter <a href=\"tel:00385993406329\">+385 99 340 6329<\/a> oder per E-Mail an <a href=\"mailto:oz.prijevoz@gmail.com\">oz.prijevoz@gmail.com<\/a>.<\/p>\n<p>[\/et_pb_accordion_item][et_pb_accordion_item title=&#8220;Welche Fahrzeugtypen bieten Sie f\u00fcr Gruppenreisen an?&#8220; _builder_version=&#8220;4.25.2&#8243; _module_preset=&#8220;default&#8220; global_colors_info=&#8220;{}&#8220;]Wir bieten Minibusse und Busse f\u00fcr Gruppenreisen, darunter Peugeot Traveler, Volkswagen Transporter T6, Mercedes Sprinter 515, Mercedes Sprinter 519 und Setra 415 HD.[\/et_pb_accordion_item][et_pb_accordion_item title=&#8220;Wie kann ich f\u00fcr Ihren Service bezahlen &#8211; akzeptieren Sie Karten?&#8220; _builder_version=&#8220;4.25.2&#8243; _module_preset=&#8220;default&#8220; global_colors_info=&#8220;{}&#8220;]Ja, wir akzeptieren Zahlungen per Kreditkarte, Debitkarte und Bargeld.[\/et_pb_accordion_item][et_pb_accordion_item title=&#8220;Bieten Sie Transportdienste f\u00fcr Schulausfl\u00fcge an?&#8220; _builder_version=&#8220;4.25.2&#8243; _module_preset=&#8220;default&#8220; global_colors_info=&#8220;{}&#8220;]Ja, wir bieten Transportdienste f\u00fcr Schulausfl\u00fcge an. Wir haben auch die Erlaubnis, Kinder zu transportieren.[\/et_pb_accordion_item][et_pb_accordion_item title=&#8220;Sind Ihre Fahrzeuge f\u00fcr Gesch\u00e4ftsreisen geeignet?&#8220; _builder_version=&#8220;4.25.2&#8243; _module_preset=&#8220;default&#8220; global_colors_info=&#8220;{}&#8220;]Ja, unsere Fahrzeuge sind f\u00fcr Gesch\u00e4ftsreisen geeignet mit bequemen Sitzen und zus\u00e4tzlicher Ausstattung.[\/et_pb_accordion_item][et_pb_accordion_item title=&#8220;Was sind die Vorteile der Nutzung von Minibussen f\u00fcr Hochzeiten und Familientreffen?&#8220; _builder_version=&#8220;4.25.2&#8243; _module_preset=&#8220;default&#8220; global_colors_info=&#8220;{}&#8220;]Minibusse bieten Komfort, Platz und die M\u00f6glichkeit, gr\u00f6\u00dfere Gruppen zusammen zu transportieren, was sie ideal f\u00fcr Hochzeiten und Familientreffen macht.[\/et_pb_accordion_item][et_pb_accordion_item title=&#8220;Bieten Sie internationale Transportdienste an?&#8220; _builder_version=&#8220;4.25.2&#8243; _module_preset=&#8220;default&#8220; global_colors_info=&#8220;{}&#8220;]Ja, wir bieten internationale Transportdienste an. Unsere gesamte Flotte besteht aus sehr komfortablen Fahrzeugen, die f\u00fcr lange Reisen geeignet sind.[\/et_pb_accordion_item][et_pb_accordion_item title=&#8220;Wie lange im Voraus muss ich Gruppentransport buchen?&#8220; _builder_version=&#8220;4.25.2&#8243; _module_preset=&#8220;default&#8220; global_colors_info=&#8220;{}&#8220;]F\u00fcr Gruppentransporte empfehlen wir, mindestens 2 Wochen im Voraus zu buchen. Wenn der Transport im M\u00e4rz, April, Mai, Juni, September, Oktober oder November stattfindet. Es ist am besten, so fr\u00fch wie m\u00f6glich zu buchen, mindestens einen Monat im Voraus, um die Verf\u00fcgbarkeit zu gew\u00e4hrleisten.[\/et_pb_accordion_item][\/et_pb_accordion][\/et_pb_column][\/et_pb_row][\/et_pb_section]<\/p>\n","protected":false},"excerpt":{"rendered":"<p>Minibus (bis zu 20 Passagiere) Buchen Sie einen Minibus mit Fahrer. Unsere modernen und komfortablen Minibusse sind ideal f\u00fcr verschiedene Arten von Gruppenreisen, einschlie\u00dflich Schulausfl\u00fcgen, Gesch\u00e4ftsreisen und privaten Touren. Die Flexibilit\u00e4t und Anpassungsf\u00e4higkeit unserer Dienstleistungen erm\u00f6glichen Ihnen die perfekte Planung jeder Reise. Verf\u00fcgbar sind der Peugeot Traveler, Volkswagen Transporter T6 und Mercedes Sprinter 515, jeder mit unterschiedlichen Kapazit\u00e4ten und auf Ihre Bed\u00fcrfnisse zugeschnittene Ausstattung. Hervorragend geeignet f\u00fcr alles, von Schulausfl\u00fcgen \u00fcber Gesch\u00e4ftskonferenzen bis hin zu Hochzeiten und Familientreffen.Bus (bis 50 Passagiere) Buchen Sie einen Bus mit Fahrer. F\u00fcr gr\u00f6\u00dfere Gruppen bieten unsere Busse au\u00dfergew\u00f6hnlichen Komfort und Platz. Sie sind mit den neuesten Annehmlichkeiten ausgestattet, um lange Reisen so angenehm wie m\u00f6glich zu gestalten. Mercedes Sprinter 519 und Setra 415 HD k\u00f6nnen gr\u00f6\u00dfere Gruppen aufnehmen, jeweils mit klimatisierten R\u00e4umen, individueller Bel\u00fcftung und Soundsystemen f\u00fcr jeden Sitz. Sie sind ideal f\u00fcr l\u00e4ngere und internationale Reisen und bieten Komfort und Sicherheit unabh\u00e4ngig vom Ziel.Unser Team aus professionellen Fahrern bietet Ihnen einen schnellen und unkomplizierten privaten Personentransport in ganz Kroatien, aber auch in die Nachbarl\u00e4nder. Wohin Ihre Idee Sie auch f\u00fchrt, wir sind hier, um Sie an das von Ihnen vorgestellte Ziel zu bringen. Unsere Leistungen lassen sich Ihren W\u00fcnschen anpassen und jede Reise [&hellip;]<\/p>\n","protected":false},"author":1,"featured_media":0,"parent":0,"menu_order":0,"comment_status":"closed","ping_status":"closed","template":"","meta":{"_et_pb_use_builder":"on","_et_pb_old_content":"","_et_gb_content_width":"","footnotes":""},"class_list":["post-744","page","type-page","status-publish","hentry"],"_links":{"self":[{"href":"https:\/\/oztravel.hr\/de\/wp-json\/wp\/v2\/pages\/744","targetHints":{"allow":["GET"]}}],"collection":[{"href":"https:\/\/oztravel.hr\/de\/wp-json\/wp\/v2\/pages"}],"about":[{"href":"https:\/\/oztravel.hr\/de\/wp-json\/wp\/v2\/types\/page"}],"author":[{"embeddable":true,"href":"https:\/\/oztravel.hr\/de\/wp-json\/wp\/v2\/users\/1"}],"replies":[{"embeddable":true,"href":"https:\/\/oztravel.hr\/de\/wp-json\/wp\/v2\/comments?post=744"}],"version-history":[{"count":2,"href":"https:\/\/oztravel.hr\/de\/wp-json\/wp\/v2\/pages\/744\/revisions"}],"predecessor-version":[{"id":746,"href":"https:\/\/oztravel.hr\/de\/wp-json\/wp\/v2\/pages\/744\/revisions\/746"}],"wp:attachment":[{"href":"https:\/\/oztravel.hr\/de\/wp-json\/wp\/v2\/media?parent=744"}],"curies":[{"name":"wp","href":"https:\/\/api.w.org\/{rel}","templated":true}]}}