{"id":879,"date":"2025-05-20T16:54:26","date_gmt":"2025-05-20T16:54:26","guid":{"rendered":"https:\/\/oztravel.hr\/taxi-malinska\/"},"modified":"2025-05-20T18:50:23","modified_gmt":"2025-05-20T18:50:23","slug":"taxi-malinska","status":"publish","type":"page","link":"https:\/\/oztravel.hr\/de\/taxi-malinska\/","title":{"rendered":"Taxi Malinska"},"content":{"rendered":"<p>[et_pb_section fb_built=&#8220;1&#8243; fullwidth=&#8220;on&#8220; _builder_version=&#8220;4.24.0&#8243; _module_preset=&#8220;default&#8220; global_colors_info=&#8220;{}&#8220; theme_builder_area=&#8220;post_content&#8220;][et_pb_fullwidth_header title=&#8220;Malinska: Ihr Partner zur Entdeckung von Duba\u0161nica \u2013 OZ Taxi &amp; Travel Malinska&#8220; text_orientation=&#8220;center&#8220; button_one_url=&#8220;#kontakt&#8220; _builder_version=&#8220;4.27.4&#8243; _module_preset=&#8220;default&#8220; background_color=&#8220;#d6d6d6&#8243; background_image=&#8220;https:\/\/oztravel.hr\/wp-content\/uploads\/2025\/05\/port-2697523_1920.webp&#8220; background_blend=&#8220;multiply&#8220; hover_enabled=&#8220;0&#8243; custom_css_header_container=&#8220;min-height: 40svh;&#8220; text_shadow_style=&#8220;preset4&#8243; global_colors_info=&#8220;{}&#8220; theme_builder_area=&#8220;post_content&#8220; sticky_enabled=&#8220;0&#8243; title_text=&#8220;port-2697523_1920&#8243;][\/et_pb_fullwidth_header][\/et_pb_section][et_pb_section fb_built=&#8220;1&#8243; _builder_version=&#8220;4.27.4&#8243; _module_preset=&#8220;default&#8220; background_color=&#8220;#0a0a0a&#8220; use_background_color_gradient=&#8220;on&#8220; background_color_gradient_stops=&#8220;#000000 0%|#2d2d2d 100%&#8220; global_colors_info=&#8220;{}&#8220; theme_builder_area=&#8220;post_content&#8220;][et_pb_row use_custom_gutter=&#8220;on&#8220; gutter_width=&#8220;2&#8243; _builder_version=&#8220;4.24.0&#8243; _module_preset=&#8220;default&#8220; global_colors_info=&#8220;{}&#8220; theme_builder_area=&#8220;post_content&#8220;][et_pb_column type=&#8220;4_4&#8243; _builder_version=&#8220;4.24.0&#8243; _module_preset=&#8220;default&#8220; global_colors_info=&#8220;{}&#8220; theme_builder_area=&#8220;post_content&#8220;][et_pb_text _builder_version=&#8220;4.27.4&#8243; _module_preset=&#8220;default&#8220; text_font_size=&#8220;19px&#8220; background_layout=&#8220;dark&#8220; custom_margin=&#8220;||||false|false&#8220; hover_enabled=&#8220;0&#8243; global_colors_info=&#8220;{}&#8220; theme_builder_area=&#8220;post_content&#8220; sticky_enabled=&#8220;0&#8243;]Malinska, die Perle von Duba\u0161nica, liegt in einer malerischen Bucht an der Nordwestk\u00fcste der Insel Krk. Einst ein wichtiger Exporthafen f\u00fcr Holz, insbesondere die hochgesch\u00e4tzte Eiche (altkroatisch &#8222;dub&#8220;), nach der das gesamte Gebiet benannt wurde, ist Malinska heute ein Synonym f\u00fcr Urlaub. Interessanterweise hatte Duba\u0161nica, im Gegensatz zu anderen Teilen der Insel, lange kein urbanes Zentrum, sondern war ein Gebiet mit verstreuten D\u00f6rfern und dichten W\u00e4ldern.  <\/p>\n<p>Die Geschichte Malinskas reicht bis ins 15. Jahrhundert zur\u00fcck, als eine M\u00fchle (&#8222;malin&#8220; im \u010dakavischen Dialekt) gebaut wurde, nach der der Ort auch seinen Namen erhielt. Ein Wendepunkt f\u00fcr die touristische Entwicklung war das Jahr 1880 mit der Ankunft des ersten touristischen Dampfschiffs, und die ersten G\u00e4ste waren J\u00e4ger, darunter auch der Wiener Thronfolger Rudolf Habsburg. Die goldenen Jahre der Entwicklung erlebte Malinska in den 70er Jahren des letzten Jahrhunderts mit der Er\u00f6ffnung des Hotelkomplexes Haludovo, dem damaligen Symbol f\u00fcr Luxus. Das erste Hotel, &#8222;Jadran&#8220;, wurde von Petar \u0160karpa er\u00f6ffnet, und die Br\u00fcder Tomo und Petra Fabijani\u0107 geh\u00f6rten ebenfalls zu den Pionieren des Hotelgewerbes.    <\/p>\n<p>F\u00fcr einen angenehmen Aufenthalt und einfache Bewegung in Malinska, die Entdeckung versteckter Buchten oder den Besuch nahegelegener D\u00f6rfer wie Bogovi\u0107i mit ihren alten Br\u00e4uchen, bietet Ihnen OZ Taxi Malinska einen schnellen und zuverl\u00e4ssigen Transportservice.<\/p>\n<p style=\"text-align: center;\"><strong>Buchen Sie Ihr Taxi in Malinska:<\/strong><br \/>\nGenie\u00dfen Sie die Sch\u00f6nheiten Malinskas stressfrei und ohne Park- oder Fahrprobleme:<\/p>\n<p>[\/et_pb_text][dsm_button button_one_text=&#8220;Anfrage senden&#8220; button_one_url=&#8220;#kontakt&#8220; button_two_text=&#8220;Rufen Sie uns an&#8220; button_two_url_type=&#8220;phone&#8220; button_two_phone_number=&#8220;+385993406329&#8243; button_alignment=&#8220;center&#8220; _builder_version=&#8220;4.25.2&#8243; _module_preset=&#8220;default&#8220; locked=&#8220;off&#8220; global_colors_info=&#8220;{}&#8220; theme_builder_area=&#8220;post_content&#8220;][\/dsm_button][et_pb_text _builder_version=&#8220;4.27.4&#8243; _module_preset=&#8220;default&#8220; text_font_size=&#8220;19px&#8220; background_layout=&#8220;dark&#8220; custom_margin=&#8220;||||false|false&#8220; global_colors_info=&#8220;{}&#8220; theme_builder_area=&#8220;post_content&#8220;]<\/p>\n<p style=\"text-align: center;\">OZ Taxi &amp; Travel bietet Transport zu allen Orten auf der Insel Krk, einschlie\u00dflich Malinska, Punat, Njivice, \u0160ilo, Klimno, \u010ci\u017ei\u0107i, Omi\u0161alj, Ba\u0161ka, Vrbnik, Valbiska, sowie Transfers zum Flughafen Rijeka. Planen Sie einen Tagesausflug von Krk? Kontaktieren Sie uns!  <\/p>\n<p>[\/et_pb_text][dsm_icon_list _builder_version=&#8220;4.27.3&#8243; _module_preset=&#8220;default&#8220; global_colors_info=&#8220;{}&#8220; theme_builder_area=&#8220;post_content&#8220;][\/dsm_icon_list][\/et_pb_column][\/et_pb_row][\/et_pb_section][et_pb_section fb_built=&#8220;1&#8243; _builder_version=&#8220;4.24.0&#8243; _module_preset=&#8220;default&#8220; global_colors_info=&#8220;{}&#8220; theme_builder_area=&#8220;post_content&#8220;][et_pb_row column_structure=&#8220;1_3,1_3,1_3&#8243; _builder_version=&#8220;4.24.0&#8243; _module_preset=&#8220;default&#8220; width=&#8220;95%&#8220; max_width=&#8220;1920px&#8220; global_colors_info=&#8220;{}&#8220; theme_builder_area=&#8220;post_content&#8220;][et_pb_column type=&#8220;1_3&#8243; _builder_version=&#8220;4.24.0&#8243; _module_preset=&#8220;default&#8220; background_color=&#8220;#efefef&#8220; custom_padding=&#8220;10px|10px|10px|10px|true|true&#8220; global_colors_info=&#8220;{}&#8220; theme_builder_area=&#8220;post_content&#8220;][et_pb_blurb title=&#8220;Schneller und zuverl\u00e4ssiger Taxidienst&#8220; image=&#8220;https:\/\/oztravel.hr\/wp-content\/uploads\/2024\/06\/taxi-znak.webp&#8220; _builder_version=&#8220;4.24.0&#8243; _module_preset=&#8220;default&#8220; header_font=&#8220;|700|||||||&#8220; header_font_size=&#8220;28px&#8220; text_orientation=&#8220;center&#8220; custom_css_blurb_content=&#8220;p {||  max-width:90%;||  margin-inline:auto;||}&#8220; global_colors_info=&#8220;{}&#8220; theme_builder_area=&#8220;post_content&#8220;]<\/p>\n<p><span>Unsere modernen und sauberen Taxis sind die beste Wahl f\u00fcr schnelle und effiziente Fahrten innerhalb von Krk und Umgebung. Ob Sie Tourist oder Einheimischer sind, unser Service ist auf Ihre Bed\u00fcrfnisse zugeschnitten. <\/span><\/p>\n<p>[\/et_pb_blurb][et_pb_button button_url=&#8220;@ET-DC@eyJkeW5hbWljIjp0cnVlLCJjb250ZW50IjoicG9zdF9saW5rX3VybF9wYWdlIiwic2V0dGluZ3MiOnsicG9zdF9pZCI6IjMxIiwiZW5hYmxlX2h0bWwiOiJvZmYifX0=@&#8220; button_text=&#8220;Mehr erfahren&#8220; button_alignment=&#8220;center&#8220; _builder_version=&#8220;4.25.2&#8243; _dynamic_attributes=&#8220;button_url&#8220; _module_preset=&#8220;default&#8220; custom_css_main_element=&#8220;width: 100%;&#8220; global_colors_info=&#8220;{}&#8220; theme_builder_area=&#8220;post_content&#8220;][\/et_pb_button][\/et_pb_column][et_pb_column type=&#8220;1_3&#8243; _builder_version=&#8220;4.24.0&#8243; _module_preset=&#8220;default&#8220; background_color=&#8220;#efefef&#8220; custom_padding=&#8220;10px|10px|10px|10px|false|false&#8220; global_colors_info=&#8220;{}&#8220; theme_builder_area=&#8220;post_content&#8220;][et_pb_blurb title=&#8220;Bequemer Transport f\u00fcr Ihre Gruppen&#8220; image=&#8220;https:\/\/oztravel.hr\/wp-content\/uploads\/2024\/06\/kombi-thumb.webp&#8220; _builder_version=&#8220;4.24.0&#8243; _module_preset=&#8220;default&#8220; header_font=&#8220;|700|||||||&#8220; header_font_size=&#8220;28px&#8220; text_orientation=&#8220;center&#8220; custom_css_blurb_content=&#8220;p {||  max-width:90%;||  margin-inline:auto;||}&#8220; global_colors_info=&#8220;{}&#8220; theme_builder_area=&#8220;post_content&#8220;]<\/p>\n<p><span>Die ideale L\u00f6sung f\u00fcr organisierte Ausfl\u00fcge, Gesch\u00e4ftsreisen und Schulausfl\u00fcge. Unsere Minibusse und Busse bieten Komfort, Sicherheit und Flexibilit\u00e4t f\u00fcr jede Gruppe und Gelegenheit. <\/span><\/p>\n<p>[\/et_pb_blurb][et_pb_button button_url=&#8220;@ET-DC@eyJkeW5hbWljIjp0cnVlLCJjb250ZW50IjoicG9zdF9saW5rX3VybF9wYWdlIiwic2V0dGluZ3MiOnsicG9zdF9pZCI6IjQ0IiwiZW5hYmxlX2h0bWwiOiJvZmYifX0=@&#8220; button_text=&#8220;Mehr erfahren&#8220; button_alignment=&#8220;center&#8220; _builder_version=&#8220;4.24.0&#8243; _dynamic_attributes=&#8220;button_url&#8220; _module_preset=&#8220;default&#8220; custom_css_main_element=&#8220;width: 100%;&#8220; global_colors_info=&#8220;{}&#8220; theme_builder_area=&#8220;post_content&#8220;][\/et_pb_button][\/et_pb_column][et_pb_column type=&#8220;1_3&#8243; _builder_version=&#8220;4.24.0&#8243; _module_preset=&#8220;default&#8220; background_color=&#8220;#efefef&#8220; custom_padding=&#8220;10px|10px|10px|10px|false|false&#8220; global_colors_info=&#8220;{}&#8220; theme_builder_area=&#8220;post_content&#8220;][et_pb_blurb title=&#8220;Exklusivit\u00e4t auf R\u00e4dern&#8220; image=&#8220;https:\/\/oztravel.hr\/wp-content\/uploads\/2024\/06\/audi-thumb-2.webp&#8220; _builder_version=&#8220;4.24.0&#8243; _module_preset=&#8220;default&#8220; header_font=&#8220;|700|||||||&#8220; header_font_size=&#8220;28px&#8220; text_orientation=&#8220;center&#8220; custom_css_blurb_content=&#8220;p {||  max-width:90%;||  margin-inline:auto;||}&#8220; global_colors_info=&#8220;{}&#8220; theme_builder_area=&#8220;post_content&#8220;]<\/p>\n<p><span>Wir bieten diskreten und stilvollen Transport in unserer Audi A6 Limousine, ideal f\u00fcr Firmenkunden, Veranstaltungen und besondere Anl\u00e4sse. Erleben Sie erstklassigen Luxus und professionellen Service. <\/span><\/p>\n<p>[\/et_pb_blurb][et_pb_button button_url=&#8220;@ET-DC@eyJkeW5hbWljIjp0cnVlLCJjb250ZW50IjoicG9zdF9saW5rX3VybF9wYWdlIiwic2V0dGluZ3MiOnsicG9zdF9pZCI6IjYyIiwiZW5hYmxlX2h0bWwiOiJvZmYifX0=@&#8220; button_text=&#8220;Mehr erfahren&#8220; button_alignment=&#8220;center&#8220; _builder_version=&#8220;4.24.0&#8243; _dynamic_attributes=&#8220;button_url&#8220; _module_preset=&#8220;default&#8220; custom_css_main_element=&#8220;width: 100%;&#8220; global_colors_info=&#8220;{}&#8220; theme_builder_area=&#8220;post_content&#8220;][\/et_pb_button][\/et_pb_column][\/et_pb_row][\/et_pb_section][et_pb_section fb_built=&#8220;1&#8243; _builder_version=&#8220;4.24.0&#8243; _module_preset=&#8220;default&#8220; background_color=&#8220;#e5e5e5&#8243; background_image=&#8220;https:\/\/oztravel.hr\/wp-content\/uploads\/2024\/06\/wide-mercedes.webp&#8220; border_width_top=&#8220;2px&#8220; border_color_top=&#8220;#D4AF37&#8243; border_width_bottom=&#8220;2px&#8220; border_color_bottom=&#8220;#D4AF37&#8243; global_module=&#8220;126&#8243; saved_tabs=&#8220;all&#8220; locked=&#8220;off&#8220; global_colors_info=&#8220;{}&#8220; theme_builder_area=&#8220;post_content&#8220;][et_pb_row _builder_version=&#8220;4.24.0&#8243; _module_preset=&#8220;default&#8220; locked=&#8220;off&#8220; global_colors_info=&#8220;{}&#8220; theme_builder_area=&#8220;post_content&#8220;][et_pb_column type=&#8220;4_4&#8243; _builder_version=&#8220;4.24.0&#8243; _module_preset=&#8220;default&#8220; global_colors_info=&#8220;{}&#8220; theme_builder_area=&#8220;post_content&#8220;][et_pb_text _builder_version=&#8220;4.24.0&#8243; _module_preset=&#8220;default&#8220; text_font=&#8220;|700|||||||&#8220; background_layout=&#8220;dark&#8220; global_colors_info=&#8220;{}&#8220; theme_builder_area=&#8220;post_content&#8220;]<\/p>\n<h2 style=\"text-align: center;\"><span>Schneller und einfacher Transport &#8211; Jetzt buchen!<\/span><\/h2>\n<p>[\/et_pb_text][dsm_button button_one_text=&#8220;Anfrage senden&#8220; button_one_url=&#8220;#kontakt&#8220; button_two_text=&#8220;Rufen Sie uns an&#8220; button_two_url_type=&#8220;phone&#8220; button_two_phone_number=&#8220;+385993406329&#8243; button_alignment=&#8220;center&#8220; _builder_version=&#8220;4.25.2&#8243; _module_preset=&#8220;default&#8220; global_colors_info=&#8220;{}&#8220; theme_builder_area=&#8220;post_content&#8220;][\/dsm_button][\/et_pb_column][\/et_pb_row][\/et_pb_section][et_pb_section fb_built=&#8220;1&#8243; _builder_version=&#8220;4.24.0&#8243; _module_preset=&#8220;default&#8220; global_colors_info=&#8220;{}&#8220; theme_builder_area=&#8220;post_content&#8220;][et_pb_row _builder_version=&#8220;4.24.0&#8243; _module_preset=&#8220;default&#8220; global_colors_info=&#8220;{}&#8220; theme_builder_area=&#8220;post_content&#8220;][et_pb_column type=&#8220;4_4&#8243; _builder_version=&#8220;4.24.0&#8243; _module_preset=&#8220;default&#8220; global_colors_info=&#8220;{}&#8220; theme_builder_area=&#8220;post_content&#8220;][et_pb_text _builder_version=&#8220;4.24.0&#8243; _module_preset=&#8220;default&#8220; global_colors_info=&#8220;{}&#8220; theme_builder_area=&#8220;post_content&#8220;]<\/p>\n<h2>H\u00e4ufig gestellte Fragen<\/h2>\n<p>[\/et_pb_text][et_pb_accordion open_toggle_text_color=&#8220;#D4AF37&#8243; open_toggle_background_color=&#8220;#EFEFEF&#8220; closed_toggle_text_color=&#8220;#000000&#8243; closed_toggle_background_color=&#8220;rgba(212,175,55,0.12)&#8220; toggle_icon=&#8220;&#x43;||divi||400&#8243; icon_color=&#8220;#D4AF37&#8243; _builder_version=&#8220;4.25.2&#8243; _module_preset=&#8220;default&#8220; toggle_font=&#8220;|700|||||||&#8220; body_text_color=&#8220;#000000&#8243; body_link_text_color=&#8220;#224400&#8243; border_width_all=&#8220;0px&#8220; global_colors_info=&#8220;{}&#8220; theme_builder_area=&#8220;post_content&#8220;][et_pb_accordion_item title=&#8220;Wie kann ich ein Taxi bei OZ Taxi &amp; Travel buchen?&#8220; open=&#8220;on&#8220; _builder_version=&#8220;4.25.2&#8243; _module_preset=&#8220;default&#8220; global_colors_info=&#8220;{}&#8220; theme_builder_area=&#8220;post_content&#8220;]<\/p>\n<p>Sie k\u00f6nnen einen Taxidienst \u00fcber unsere Website, telefonisch unter <a href=\"tel:00385993406329\">+385 99 340 6329<\/a> oder per E-Mail an <a href=\"mailto:oz.prijevoz@gmail.com\">oz.prijevoz@gmail.com<\/a>.<\/p>\n<p>[\/et_pb_accordion_item][et_pb_accordion_item title=&#8220;Welche Fahrzeugtypen stehen in Ihrer Flotte zur Verf\u00fcgung?&#8220; _builder_version=&#8220;4.25.2&#8243; _module_preset=&#8220;default&#8220; global_colors_info=&#8220;{}&#8220; theme_builder_area=&#8220;post_content&#8220; open=&#8220;off&#8220;]Unsere Flotte umfasst derzeit 6 verschiedene Fahrzeuge, die alle Bed\u00fcrfnisse abdecken, von Autos und Vans bis hin zu Limousinen.[\/et_pb_accordion_item][et_pb_accordion_item title=&#8220;Wie kann ich f\u00fcr Ihren Service bezahlen &#8211; akzeptieren Sie Karten?&#8220; _builder_version=&#8220;4.25.2&#8243; _module_preset=&#8220;default&#8220; global_colors_info=&#8220;{}&#8220; theme_builder_area=&#8220;post_content&#8220; open=&#8220;off&#8220;]Ja, wir akzeptieren Zahlungen per Kreditkarte, Debitkarte und Bargeld.[\/et_pb_accordion_item][\/et_pb_accordion][\/et_pb_column][\/et_pb_row][\/et_pb_section]<\/p>\n","protected":false},"excerpt":{"rendered":"<p>Malinska, die Perle von Duba\u0161nica, liegt in einer malerischen Bucht an der Nordwestk\u00fcste der Insel Krk. Einst ein wichtiger Exporthafen f\u00fcr Holz, insbesondere die hochgesch\u00e4tzte Eiche (altkroatisch &#8222;dub&#8220;), nach der das gesamte Gebiet benannt wurde, ist Malinska heute ein Synonym f\u00fcr Urlaub. Interessanterweise hatte Duba\u0161nica, im Gegensatz zu anderen Teilen der Insel, lange kein urbanes Zentrum, sondern war ein Gebiet mit verstreuten D\u00f6rfern und dichten W\u00e4ldern. Die Geschichte Malinskas reicht bis ins 15. Jahrhundert zur\u00fcck, als eine M\u00fchle (&#8222;malin&#8220; im \u010dakavischen Dialekt) gebaut wurde, nach der der Ort auch seinen Namen erhielt. Ein Wendepunkt f\u00fcr die touristische Entwicklung war das Jahr 1880 mit der Ankunft des ersten touristischen Dampfschiffs, und die ersten G\u00e4ste waren J\u00e4ger, darunter auch der Wiener Thronfolger Rudolf Habsburg. Die goldenen Jahre der Entwicklung erlebte Malinska in den 70er Jahren des letzten Jahrhunderts mit der Er\u00f6ffnung des Hotelkomplexes Haludovo, dem damaligen Symbol f\u00fcr Luxus. Das erste Hotel, &#8222;Jadran&#8220;, wurde von Petar \u0160karpa er\u00f6ffnet, und die Br\u00fcder Tomo und Petra Fabijani\u0107 geh\u00f6rten ebenfalls zu den Pionieren des Hotelgewerbes. F\u00fcr einen angenehmen Aufenthalt und einfache Bewegung in Malinska, die Entdeckung versteckter Buchten oder den Besuch nahegelegener D\u00f6rfer wie Bogovi\u0107i mit ihren alten Br\u00e4uchen, bietet Ihnen OZ Taxi Malinska einen [&hellip;]<\/p>\n","protected":false},"author":1,"featured_media":0,"parent":0,"menu_order":0,"comment_status":"closed","ping_status":"closed","template":"","meta":{"_et_pb_use_builder":"on","_et_pb_old_content":"","_et_gb_content_width":"","footnotes":""},"class_list":["post-879","page","type-page","status-publish","hentry"],"_links":{"self":[{"href":"https:\/\/oztravel.hr\/de\/wp-json\/wp\/v2\/pages\/879","targetHints":{"allow":["GET"]}}],"collection":[{"href":"https:\/\/oztravel.hr\/de\/wp-json\/wp\/v2\/pages"}],"about":[{"href":"https:\/\/oztravel.hr\/de\/wp-json\/wp\/v2\/types\/page"}],"author":[{"embeddable":true,"href":"https:\/\/oztravel.hr\/de\/wp-json\/wp\/v2\/users\/1"}],"replies":[{"embeddable":true,"href":"https:\/\/oztravel.hr\/de\/wp-json\/wp\/v2\/comments?post=879"}],"version-history":[{"count":2,"href":"https:\/\/oztravel.hr\/de\/wp-json\/wp\/v2\/pages\/879\/revisions"}],"predecessor-version":[{"id":881,"href":"https:\/\/oztravel.hr\/de\/wp-json\/wp\/v2\/pages\/879\/revisions\/881"}],"wp:attachment":[{"href":"https:\/\/oztravel.hr\/de\/wp-json\/wp\/v2\/media?parent=879"}],"curies":[{"name":"wp","href":"https:\/\/api.w.org\/{rel}","templated":true}]}}