{"id":876,"date":"2025-05-20T16:54:26","date_gmt":"2025-05-20T16:54:26","guid":{"rendered":"https:\/\/oztravel.hr\/taxi-malinska\/"},"modified":"2025-05-20T18:49:31","modified_gmt":"2025-05-20T18:49:31","slug":"taxi-malinska","status":"publish","type":"page","link":"https:\/\/oztravel.hr\/en\/taxi-malinska\/","title":{"rendered":"Taxi Malinska"},"content":{"rendered":"<p>[et_pb_section fb_built=&#8221;1&#8243; fullwidth=&#8221;on&#8221; _builder_version=&#8221;4.24.0&#8243; _module_preset=&#8221;default&#8221; global_colors_info=&#8221;{}&#8221; theme_builder_area=&#8221;post_content&#8221;][et_pb_fullwidth_header title=&#8221;Malinska: Your Partner for Discovering Duba\u0161nica \u2013 OZ Taxi &amp; Travel Malinska&#8221; text_orientation=&#8221;center&#8221; button_one_url=&#8221;#kontakt&#8221; _builder_version=&#8221;4.27.4&#8243; _module_preset=&#8221;default&#8221; background_color=&#8221;#d6d6d6&#8243; background_image=&#8221;https:\/\/oztravel.hr\/wp-content\/uploads\/2025\/05\/port-2697523_1920.webp&#8221; background_blend=&#8221;multiply&#8221; hover_enabled=&#8221;0&#8243; custom_css_header_container=&#8221;min-height: 40svh;&#8221; text_shadow_style=&#8221;preset4&#8243; global_colors_info=&#8221;{}&#8221; theme_builder_area=&#8221;post_content&#8221; sticky_enabled=&#8221;0&#8243; title_text=&#8221;port-2697523_1920&#8243;][\/et_pb_fullwidth_header][\/et_pb_section][et_pb_section fb_built=&#8221;1&#8243; _builder_version=&#8221;4.27.4&#8243; _module_preset=&#8221;default&#8221; background_color=&#8221;#0a0a0a&#8221; use_background_color_gradient=&#8221;on&#8221; background_color_gradient_stops=&#8221;#000000 0%|#2d2d2d 100%&#8221; global_colors_info=&#8221;{}&#8221; theme_builder_area=&#8221;post_content&#8221;][et_pb_row use_custom_gutter=&#8221;on&#8221; gutter_width=&#8221;2&#8243; _builder_version=&#8221;4.24.0&#8243; _module_preset=&#8221;default&#8221; global_colors_info=&#8221;{}&#8221; theme_builder_area=&#8221;post_content&#8221;][et_pb_column type=&#8221;4_4&#8243; _builder_version=&#8221;4.24.0&#8243; _module_preset=&#8221;default&#8221; global_colors_info=&#8221;{}&#8221; theme_builder_area=&#8221;post_content&#8221;][et_pb_text _builder_version=&#8221;4.27.4&#8243; _module_preset=&#8221;default&#8221; text_font_size=&#8221;19px&#8221; background_layout=&#8221;dark&#8221; custom_margin=&#8221;||||false|false&#8221; hover_enabled=&#8221;0&#8243; global_colors_info=&#8221;{}&#8221; theme_builder_area=&#8221;post_content&#8221; sticky_enabled=&#8221;0&#8243;]Malinska, the pearl of Duba\u0161nica, is nestled in a picturesque bay on the northwest coast of the island of Krk. Once a major export port for wood, especially the highly valued oak (Old Croatian &#8220;dub&#8221;) after which the entire area was named, Malinska is today synonymous with vacation. Interestingly, unlike other parts of the island, Duba\u0161nica long lacked an urban center, instead being an area of scattered villages and dense forests.  <\/p>\n<p>The history of Malinska dates back to the 15th century when a mill (&#8220;malin&#8221; in Chakavian dialect) was built, giving the place its name. A turning point for tourism development was 1880 with the arrival of the first tourist steamboat, and the first guests were hunters, including the Viennese Crown Prince Rudolf Habsburg. Malinska experienced its golden years of development in the 1970s with the opening of the Haludovo hotel complex, then a symbol of luxury. Its first hotel, &#8220;Jadran,&#8221; was opened by Petar \u0160karpa, and the brothers Tomo and Petra Fabijani\u0107 were also among the pioneers of hotel management.    <\/p>\n<p>For a pleasant stay and easy movement around Malinska, discovering hidden coves, or visiting nearby villages like Bogovi\u0107i with their old customs, OZ Taxi Malinska offers you fast and reliable transport service.<\/p>\n<p style=\"text-align: center;\"><strong>Book Your Taxi in Malinska:<\/strong><br \/>\nEnjoy the beauties of Malinska without the stress of parking or driving:<\/p>\n<p>[\/et_pb_text][dsm_button button_one_text=&#8221;Send Inquiry&#8221; button_one_url=&#8221;#kontakt&#8221; button_two_text=&#8221;Call Us&#8221; button_two_url_type=&#8221;phone&#8221; button_two_phone_number=&#8221;+385993406329&#8243; button_alignment=&#8221;center&#8221; _builder_version=&#8221;4.25.2&#8243; _module_preset=&#8221;default&#8221; locked=&#8221;off&#8221; global_colors_info=&#8221;{}&#8221; theme_builder_area=&#8221;post_content&#8221;][\/dsm_button][et_pb_text _builder_version=&#8221;4.27.4&#8243; _module_preset=&#8221;default&#8221; text_font_size=&#8221;19px&#8221; background_layout=&#8221;dark&#8221; custom_margin=&#8221;||||false|false&#8221; global_colors_info=&#8221;{}&#8221; theme_builder_area=&#8221;post_content&#8221;]<\/p>\n<p style=\"text-align: center;\">OZ Taxi &amp; Travel offers transport to all places on the island of Krk, including Malinska, Punat, Njivice, \u0160ilo, Klimno, \u010ci\u017ei\u0107i, Omi\u0161alj, Ba\u0161ka, Vrbnik, Valbiska, as well as transfers to Rijeka Airport. Planning a day trip from Krk? Let us know!  <\/p>\n<p>[\/et_pb_text][dsm_icon_list _builder_version=&#8221;4.27.3&#8243; _module_preset=&#8221;default&#8221; global_colors_info=&#8221;{}&#8221; theme_builder_area=&#8221;post_content&#8221;][\/dsm_icon_list][\/et_pb_column][\/et_pb_row][\/et_pb_section][et_pb_section fb_built=&#8221;1&#8243; _builder_version=&#8221;4.24.0&#8243; _module_preset=&#8221;default&#8221; global_colors_info=&#8221;{}&#8221; theme_builder_area=&#8221;post_content&#8221;][et_pb_row column_structure=&#8221;1_3,1_3,1_3&#8243; _builder_version=&#8221;4.24.0&#8243; _module_preset=&#8221;default&#8221; width=&#8221;95%&#8221; max_width=&#8221;1920px&#8221; global_colors_info=&#8221;{}&#8221; theme_builder_area=&#8221;post_content&#8221;][et_pb_column type=&#8221;1_3&#8243; _builder_version=&#8221;4.24.0&#8243; _module_preset=&#8221;default&#8221; background_color=&#8221;#efefef&#8221; custom_padding=&#8221;10px|10px|10px|10px|true|true&#8221; global_colors_info=&#8221;{}&#8221; theme_builder_area=&#8221;post_content&#8221;][et_pb_blurb title=&#8221;Fast and Reliable Taxi Service&#8221; image=&#8221;https:\/\/oztravel.hr\/wp-content\/uploads\/2024\/06\/taxi-znak.webp&#8221; _builder_version=&#8221;4.24.0&#8243; _module_preset=&#8221;default&#8221; header_font=&#8221;|700|||||||&#8221; header_font_size=&#8221;28px&#8221; text_orientation=&#8221;center&#8221; custom_css_blurb_content=&#8221;p {||  max-width:90%;||  margin-inline:auto;||}&#8221; global_colors_info=&#8221;{}&#8221; theme_builder_area=&#8221;post_content&#8221;]<\/p>\n<p><span>Our modern and clean taxis are your best choice for fast and efficient rides within Krk and its surroundings. Whether you are a tourist or a local, our service is tailored to your needs. <\/span><\/p>\n<p>[\/et_pb_blurb][et_pb_button button_url=&#8221;@ET-DC@eyJkeW5hbWljIjp0cnVlLCJjb250ZW50IjoicG9zdF9saW5rX3VybF9wYWdlIiwic2V0dGluZ3MiOnsicG9zdF9pZCI6IjMxIiwiZW5hYmxlX2h0bWwiOiJvZmYifX0=@&#8221; button_text=&#8221;Learn More&#8221; button_alignment=&#8221;center&#8221; _builder_version=&#8221;4.25.2&#8243; _dynamic_attributes=&#8221;button_url&#8221; _module_preset=&#8221;default&#8221; custom_css_main_element=&#8221;width: 100%;&#8221; global_colors_info=&#8221;{}&#8221; theme_builder_area=&#8221;post_content&#8221;][\/et_pb_button][\/et_pb_column][et_pb_column type=&#8221;1_3&#8243; _builder_version=&#8221;4.24.0&#8243; _module_preset=&#8221;default&#8221; background_color=&#8221;#efefef&#8221; custom_padding=&#8221;10px|10px|10px|10px|false|false&#8221; global_colors_info=&#8221;{}&#8221; theme_builder_area=&#8221;post_content&#8221;][et_pb_blurb title=&#8221;Comfortable Transport for Your Groups&#8221; image=&#8221;https:\/\/oztravel.hr\/wp-content\/uploads\/2024\/06\/kombi-thumb.webp&#8221; _builder_version=&#8221;4.24.0&#8243; _module_preset=&#8221;default&#8221; header_font=&#8221;|700|||||||&#8221; header_font_size=&#8221;28px&#8221; text_orientation=&#8221;center&#8221; custom_css_blurb_content=&#8221;p {||  max-width:90%;||  margin-inline:auto;||}&#8221; global_colors_info=&#8221;{}&#8221; theme_builder_area=&#8221;post_content&#8221;]<\/p>\n<p><span>An ideal solution for organized trips, business excursions, and school excursions. Our minibuses and buses provide comfort, safety, and flexibility for any group and occasion. <\/span><\/p>\n<p>[\/et_pb_blurb][et_pb_button button_url=&#8221;@ET-DC@eyJkeW5hbWljIjp0cnVlLCJjb250ZW50IjoicG9zdF9saW5rX3VybF9wYWdlIiwic2V0dGluZ3MiOnsicG9zdF9pZCI6IjQ0IiwiZW5hYmxlX2h0bWwiOiJvZmYifX0=@&#8221; button_text=&#8221;Learn More&#8221; button_alignment=&#8221;center&#8221; _builder_version=&#8221;4.24.0&#8243; _dynamic_attributes=&#8221;button_url&#8221; _module_preset=&#8221;default&#8221; custom_css_main_element=&#8221;width: 100%;&#8221; global_colors_info=&#8221;{}&#8221; theme_builder_area=&#8221;post_content&#8221;][\/et_pb_button][\/et_pb_column][et_pb_column type=&#8221;1_3&#8243; _builder_version=&#8221;4.24.0&#8243; _module_preset=&#8221;default&#8221; background_color=&#8221;#efefef&#8221; custom_padding=&#8221;10px|10px|10px|10px|false|false&#8221; global_colors_info=&#8221;{}&#8221; theme_builder_area=&#8221;post_content&#8221;][et_pb_blurb title=&#8221;Exclusivity on Wheels&#8221; image=&#8221;https:\/\/oztravel.hr\/wp-content\/uploads\/2024\/06\/audi-thumb-2.webp&#8221; _builder_version=&#8221;4.24.0&#8243; _module_preset=&#8221;default&#8221; header_font=&#8221;|700|||||||&#8221; header_font_size=&#8221;28px&#8221; text_orientation=&#8221;center&#8221; custom_css_blurb_content=&#8221;p {||  max-width:90%;||  margin-inline:auto;||}&#8221; global_colors_info=&#8221;{}&#8221; theme_builder_area=&#8221;post_content&#8221;]<\/p>\n<p><span>We offer discreet and stylish transport in our Audi A6 limousine, ideal for corporate clients, events, and special occasions. Experience ultimate luxury and professional service. <\/span><\/p>\n<p>[\/et_pb_blurb][et_pb_button button_url=&#8221;@ET-DC@eyJkeW5hbWljIjp0cnVlLCJjb250ZW50IjoicG9zdF9saW5rX3VybF9wYWdlIiwic2V0dGluZ3MiOnsicG9zdF9pZCI6IjYyIiwiZW5hYmxlX2h0bWwiOiJvZmYifX0=@&#8221; button_text=&#8221;Learn More&#8221; button_alignment=&#8221;center&#8221; _builder_version=&#8221;4.24.0&#8243; _dynamic_attributes=&#8221;button_url&#8221; _module_preset=&#8221;default&#8221; custom_css_main_element=&#8221;width: 100%;&#8221; global_colors_info=&#8221;{}&#8221; theme_builder_area=&#8221;post_content&#8221;][\/et_pb_button][\/et_pb_column][\/et_pb_row][\/et_pb_section][et_pb_section fb_built=&#8221;1&#8243; _builder_version=&#8221;4.24.0&#8243; _module_preset=&#8221;default&#8221; background_color=&#8221;#e5e5e5&#8243; background_image=&#8221;https:\/\/oztravel.hr\/wp-content\/uploads\/2024\/06\/wide-mercedes.webp&#8221; border_width_top=&#8221;2px&#8221; border_color_top=&#8221;#D4AF37&#8243; border_width_bottom=&#8221;2px&#8221; border_color_bottom=&#8221;#D4AF37&#8243; global_module=&#8221;126&#8243; saved_tabs=&#8221;all&#8221; locked=&#8221;off&#8221; global_colors_info=&#8221;{}&#8221; theme_builder_area=&#8221;post_content&#8221;][et_pb_row _builder_version=&#8221;4.24.0&#8243; _module_preset=&#8221;default&#8221; locked=&#8221;off&#8221; global_colors_info=&#8221;{}&#8221; theme_builder_area=&#8221;post_content&#8221;][et_pb_column type=&#8221;4_4&#8243; _builder_version=&#8221;4.24.0&#8243; _module_preset=&#8221;default&#8221; global_colors_info=&#8221;{}&#8221; theme_builder_area=&#8221;post_content&#8221;][et_pb_text _builder_version=&#8221;4.24.0&#8243; _module_preset=&#8221;default&#8221; text_font=&#8221;|700|||||||&#8221; background_layout=&#8221;dark&#8221; global_colors_info=&#8221;{}&#8221; theme_builder_area=&#8221;post_content&#8221;]<\/p>\n<h2 style=\"text-align: center;\"><span>Quick and Easy Transport &#8211; Book Now!<\/span><\/h2>\n<p>[\/et_pb_text][dsm_button button_one_text=&#8221;Send Inquiry&#8221; button_one_url=&#8221;#kontakt&#8221; button_two_text=&#8221;Call Us&#8221; button_two_url_type=&#8221;phone&#8221; button_two_phone_number=&#8221;+385993406329&#8243; button_alignment=&#8221;center&#8221; _builder_version=&#8221;4.25.2&#8243; _module_preset=&#8221;default&#8221; global_colors_info=&#8221;{}&#8221; theme_builder_area=&#8221;post_content&#8221;][\/dsm_button][\/et_pb_column][\/et_pb_row][\/et_pb_section][et_pb_section fb_built=&#8221;1&#8243; _builder_version=&#8221;4.24.0&#8243; _module_preset=&#8221;default&#8221; global_colors_info=&#8221;{}&#8221; theme_builder_area=&#8221;post_content&#8221;][et_pb_row _builder_version=&#8221;4.24.0&#8243; _module_preset=&#8221;default&#8221; global_colors_info=&#8221;{}&#8221; theme_builder_area=&#8221;post_content&#8221;][et_pb_column type=&#8221;4_4&#8243; _builder_version=&#8221;4.24.0&#8243; _module_preset=&#8221;default&#8221; global_colors_info=&#8221;{}&#8221; theme_builder_area=&#8221;post_content&#8221;][et_pb_text _builder_version=&#8221;4.24.0&#8243; _module_preset=&#8221;default&#8221; global_colors_info=&#8221;{}&#8221; theme_builder_area=&#8221;post_content&#8221;]<\/p>\n<h2>Frequently Asked Questions<\/h2>\n<p>[\/et_pb_text][et_pb_accordion open_toggle_text_color=&#8221;#D4AF37&#8243; open_toggle_background_color=&#8221;#EFEFEF&#8221; closed_toggle_text_color=&#8221;#000000&#8243; closed_toggle_background_color=&#8221;rgba(212,175,55,0.12)&#8221; toggle_icon=&#8221;&#x43;||divi||400&#8243; icon_color=&#8221;#D4AF37&#8243; _builder_version=&#8221;4.25.2&#8243; _module_preset=&#8221;default&#8221; toggle_font=&#8221;|700|||||||&#8221; body_text_color=&#8221;#000000&#8243; body_link_text_color=&#8221;#224400&#8243; border_width_all=&#8221;0px&#8221; global_colors_info=&#8221;{}&#8221; theme_builder_area=&#8221;post_content&#8221;][et_pb_accordion_item title=&#8221;How can I book a taxi with OZ Taxi &amp; Travel?&#8221; open=&#8221;on&#8221; _builder_version=&#8221;4.25.2&#8243; _module_preset=&#8221;default&#8221; global_colors_info=&#8221;{}&#8221; theme_builder_area=&#8221;post_content&#8221;]<\/p>\n<p>You can book a taxi service through our website, by phone at <a href=\"tel:00385993406329\">+385 99 340 6329<\/a>, or by sending an email to <a href=\"mailto:oz.prijevoz@gmail.com\">oz.prijevoz@gmail.com<\/a>.<\/p>\n<p>[\/et_pb_accordion_item][et_pb_accordion_item title=&#8221;What types of vehicles are available in your fleet?&#8221; _builder_version=&#8221;4.25.2&#8243; _module_preset=&#8221;default&#8221; global_colors_info=&#8221;{}&#8221; theme_builder_area=&#8221;post_content&#8221; open=&#8221;off&#8221;]Our fleet currently includes 6 different vehicles to cover all needs, from cars and vans to limousines.[\/et_pb_accordion_item][et_pb_accordion_item title=&#8221;How can I pay for your service &#8211; do you accept cards?&#8221; _builder_version=&#8221;4.25.2&#8243; _module_preset=&#8221;default&#8221; global_colors_info=&#8221;{}&#8221; theme_builder_area=&#8221;post_content&#8221; open=&#8221;off&#8221;]Yes, we accept payments by credit card, debit card, and cash.[\/et_pb_accordion_item][\/et_pb_accordion][\/et_pb_column][\/et_pb_row][\/et_pb_section]<\/p>\n","protected":false},"excerpt":{"rendered":"<p>Malinska, the pearl of Duba\u0161nica, is nestled in a picturesque bay on the northwest coast of the island of Krk. Once a major export port for wood, especially the highly valued oak (Old Croatian &#8220;dub&#8221;) after which the entire area was named, Malinska is today synonymous with vacation. Interestingly, unlike other parts of the island, Duba\u0161nica long lacked an urban center, instead being an area of scattered villages and dense forests. The history of Malinska dates back to the 15th century when a mill (&#8220;malin&#8221; in Chakavian dialect) was built, giving the place its name. A turning point for tourism development was 1880 with the arrival of the first tourist steamboat, and the first guests were hunters, including the Viennese Crown Prince Rudolf Habsburg. Malinska experienced its golden years of development in the 1970s with the opening of the Haludovo hotel complex, then a symbol of luxury. Its first hotel, &#8220;Jadran,&#8221; was opened by Petar \u0160karpa, and the brothers Tomo and Petra Fabijani\u0107 were also among the pioneers of hotel management. For a pleasant stay and easy movement around Malinska, discovering hidden coves, or visiting nearby villages like Bogovi\u0107i with their old customs, OZ Taxi Malinska offers you fast and [&hellip;]<\/p>\n","protected":false},"author":1,"featured_media":0,"parent":0,"menu_order":0,"comment_status":"closed","ping_status":"closed","template":"","meta":{"_et_pb_use_builder":"on","_et_pb_old_content":"","_et_gb_content_width":"","footnotes":""},"class_list":["post-876","page","type-page","status-publish","hentry"],"_links":{"self":[{"href":"https:\/\/oztravel.hr\/en\/wp-json\/wp\/v2\/pages\/876","targetHints":{"allow":["GET"]}}],"collection":[{"href":"https:\/\/oztravel.hr\/en\/wp-json\/wp\/v2\/pages"}],"about":[{"href":"https:\/\/oztravel.hr\/en\/wp-json\/wp\/v2\/types\/page"}],"author":[{"embeddable":true,"href":"https:\/\/oztravel.hr\/en\/wp-json\/wp\/v2\/users\/1"}],"replies":[{"embeddable":true,"href":"https:\/\/oztravel.hr\/en\/wp-json\/wp\/v2\/comments?post=876"}],"version-history":[{"count":2,"href":"https:\/\/oztravel.hr\/en\/wp-json\/wp\/v2\/pages\/876\/revisions"}],"predecessor-version":[{"id":878,"href":"https:\/\/oztravel.hr\/en\/wp-json\/wp\/v2\/pages\/876\/revisions\/878"}],"wp:attachment":[{"href":"https:\/\/oztravel.hr\/en\/wp-json\/wp\/v2\/media?parent=876"}],"curies":[{"name":"wp","href":"https:\/\/api.w.org\/{rel}","templated":true}]}}