{"id":583,"date":"2024-05-15T18:14:24","date_gmt":"2024-05-15T18:14:24","guid":{"rendered":"https:\/\/oztravel.hr\/trasporto-di-gruppo\/"},"modified":"2025-02-28T16:03:05","modified_gmt":"2025-02-28T16:03:05","slug":"trasporto-di-gruppo","status":"publish","type":"page","link":"https:\/\/oztravel.hr\/it\/trasporto-di-gruppo\/","title":{"rendered":"Noleggio autobus"},"content":{"rendered":"<p>[et_pb_section fb_built=&#8221;1&#8243; fullwidth=&#8221;on&#8221; _builder_version=&#8221;4.25.2&#8243; _module_preset=&#8221;default&#8221; background_enable_image=&#8221;off&#8221; global_colors_info=&#8221;{}&#8221;][et_pb_fullwidth_header title=&#8221;Noleggio autobus&#8221; subhead=&#8221;Noleggio autobus per viaggi di uno o pi\u00f9 giorni&#8221; text_orientation=&#8221;center&#8221; button_one_text=&#8221;Prenota ora&#8221; button_one_url=&#8221;#kontakt&#8221; _builder_version=&#8221;4.27.3&#8243; _module_preset=&#8221;default&#8221; background_color=&#8221;rgba(0,0,0,0.49)&#8221; background_image=&#8221;https:\/\/oztravel.hr\/wp-content\/uploads\/2024\/06\/grupni-prijevoz.webp&#8221; background_blend=&#8221;multiply&#8221; custom_css_header_container=&#8221;min-height: 40svh;&#8221; global_colors_info=&#8221;{}&#8221;][\/et_pb_fullwidth_header][\/et_pb_section][et_pb_section fb_built=&#8221;1&#8243; _builder_version=&#8221;4.24.0&#8243; _module_preset=&#8221;default&#8221; global_colors_info=&#8221;{}&#8221;][et_pb_row column_structure=&#8221;1_2,1_2&#8243; _builder_version=&#8221;4.24.0&#8243; _module_preset=&#8221;default&#8221; global_colors_info=&#8221;{}&#8221;][et_pb_column type=&#8221;1_2&#8243; _builder_version=&#8221;4.24.0&#8243; _module_preset=&#8221;default&#8221; global_colors_info=&#8221;{}&#8221;][et_pb_image src=&#8221;https:\/\/oztravel.hr\/wp-content\/uploads\/2024\/06\/mercedes-519-0.webp&#8221; title_text=&#8221;mercedes-519-0&#8243; _builder_version=&#8221;4.25.2&#8243; _module_preset=&#8221;default&#8221; global_colors_info=&#8221;{}&#8221;][\/et_pb_image][et_pb_text _builder_version=&#8221;4.27.3&#8243; _module_preset=&#8221;default&#8221; hover_enabled=&#8221;0&#8243; global_colors_info=&#8221;{}&#8221; sticky_enabled=&#8221;0&#8243;]<\/p>\n<h2>Noleggio minibus<\/h2>\n<p>I nostri moderni e confortevoli minibus sono ideali per vari tipi di gite di gruppo, comprese le gite scolastiche, i viaggi d&#8217;affari e i tour privati. La flessibilit\u00e0 e l&#8217;adattabilit\u00e0 dei nostri servizi ti permettono di pianificare perfettamente ogni viaggio.<\/p>\n<p>Sono disponibili Peugeot Traveler, Volkswagen Transporter T6 e Mercedes Sprinter 515, ciascuno con diverse capacit\u00e0 e attrezzature adattate alle tue esigenze.<\/p>\n<p>Eccellenti per tutto, dalle gite scolastiche alle conferenze aziendali, matrimoni e riunioni di famiglia. Noleggia un minibus con autista e parti per la tua prossima avventura.<\/p>\n<p>[\/et_pb_text][\/et_pb_column][et_pb_column type=&#8221;1_2&#8243; _builder_version=&#8221;4.24.0&#8243; _module_preset=&#8221;default&#8221; global_colors_info=&#8221;{}&#8221;][et_pb_image src=&#8221;https:\/\/oztravel.hr\/wp-content\/uploads\/2024\/06\/bus-setra-0.webp&#8221; title_text=&#8221;bus-setra-0&#8243; _builder_version=&#8221;4.25.2&#8243; _module_preset=&#8221;default&#8221; global_colors_info=&#8221;{}&#8221;][\/et_pb_image][et_pb_text _builder_version=&#8221;4.27.3&#8243; _module_preset=&#8221;default&#8221; hover_enabled=&#8221;0&#8243; global_colors_info=&#8221;{}&#8221; sticky_enabled=&#8221;0&#8243;]<\/p>\n<h2>Noleggio autobus<\/h2>\n<p>Per gruppi pi\u00f9 grandi, i nostri autobus offrono comfort e spazio eccezionali. Sono dotati delle pi\u00f9 moderne comodit\u00e0 per rendere i lunghi viaggi il pi\u00f9 piacevoli possibile.<\/p>\n<p>Mercedes Sprinter 519 e Setra 415 HD possono ospitare gruppi pi\u00f9 numerosi, ciascuno con spazi climatizzati, ventilazione individuale e sistemi audio per ogni sedile.<\/p>\n<p>Sono ideali per viaggi pi\u00f9 lunghi e internazionali, offrendo comfort e sicurezza indipendentemente dalla destinazione. Noleggia da noi un autobus con autista e viaggia ovunque tu voglia.<\/p>\n<p>[\/et_pb_text][\/et_pb_column][\/et_pb_row][et_pb_row _builder_version=&#8221;4.24.0&#8243; _module_preset=&#8221;default&#8221; global_colors_info=&#8221;{}&#8221;][et_pb_column type=&#8221;4_4&#8243; _builder_version=&#8221;4.24.0&#8243; _module_preset=&#8221;default&#8221; global_colors_info=&#8221;{}&#8221;][et_pb_text _builder_version=&#8221;4.24.0&#8243; _module_preset=&#8221;default&#8221; global_colors_info=&#8221;{}&#8221;]<\/p>\n<h2 style=\"text-align: center;\">Esperienze e raccomandazioni<\/h2>\n<p>[\/et_pb_text][et_pb_testimonial author=&#8221;Maja L.&#8221; portrait_url=&#8221;https:\/\/oztravel.hr\/wp-content\/uploads\/2024\/06\/lady-1.webp&#8221; _builder_version=&#8221;4.25.2&#8243; _module_preset=&#8221;default&#8221; hover_enabled=&#8221;0&#8243; global_colors_info=&#8221;{}&#8221; sticky_enabled=&#8221;0&#8243;]<\/p>\n<p>Abbiamo organizzato un viaggio di gruppo e OZ Taxi &amp; Travel ha fornito il trasporto per tutti e dieci. Il furgone era confortevole e climatizzato, e l&#8217;autista \u00e8 stato estremamente professionale. Molte grazie per l&#8217;eccellente servizio!<\/p>\n<p>[\/et_pb_testimonial][\/et_pb_column][\/et_pb_row][et_pb_row _builder_version=&#8221;4.25.2&#8243; _module_preset=&#8221;default&#8221; global_colors_info=&#8221;{}&#8221;][et_pb_column type=&#8221;4_4&#8243; _builder_version=&#8221;4.25.2&#8243; _module_preset=&#8221;default&#8221; global_colors_info=&#8221;{}&#8221;][et_pb_text _builder_version=&#8221;4.25.2&#8243; _module_preset=&#8221;default&#8221; global_colors_info=&#8221;{}&#8221;]<\/p>\n<h2 style=\"text-align: center;\">I nostri clienti e partner<\/h2>\n<p>[\/et_pb_text][dsm_card_carousel slide_to_show=&#8221;5&#8243; equal_height=&#8221;on&#8221; badge_background_color=&#8221;#D4AF37&#8243; slide_to_show_tablet=&#8221;2&#8243; slide_to_show_phone=&#8221;2&#8243; slide_to_show_last_edited=&#8221;on|phone&#8221; _builder_version=&#8221;4.25.2&#8243; _module_preset=&#8221;default&#8221; badge_text_color=&#8221;#FFFFFF&#8221; custom_css_free_form=&#8221;selector figure {||  display: flex;||  height: 100%;||}&#8221; global_colors_info=&#8221;{}&#8221;][dsm_card_carousel_child image=&#8221;https:\/\/oztravel.hr\/wp-content\/uploads\/2024\/06\/srednja-skola-krk.jpg&#8221; image_as_background=&#8221;off&#8221; badge_text=&#8221;Istituzione&#8221; button_url_new_window=&#8221;1&#8243; _builder_version=&#8221;4.25.2&#8243; _module_preset=&#8221;default&#8221; global_colors_info=&#8221;{}&#8221; parent_button=&#8221;off&#8221; parent_header_level=&#8221;h4&#8243;][\/dsm_card_carousel_child][dsm_card_carousel_child image=&#8221;https:\/\/oztravel.hr\/wp-content\/uploads\/2024\/06\/A.N.A.B.A.R.-tours-logo.jpg&#8221; image_as_background=&#8221;off&#8221; badge_text=&#8221;Agenzia&#8221; button_url_new_window=&#8221;1&#8243; _builder_version=&#8221;4.25.2&#8243; _module_preset=&#8221;default&#8221; global_colors_info=&#8221;{}&#8221; parent_button=&#8221;off&#8221; parent_header_level=&#8221;h4&#8243;][\/dsm_card_carousel_child][dsm_card_carousel_child image=&#8221;https:\/\/oztravel.hr\/wp-content\/uploads\/2024\/06\/aurea-krk.svg&#8221; image_as_background=&#8221;off&#8221; badge_text=&#8221;Agenzia&#8221; button_url_new_window=&#8221;1&#8243; _builder_version=&#8221;4.25.2&#8243; _module_preset=&#8221;default&#8221; global_colors_info=&#8221;{}&#8221; parent_button=&#8221;off&#8221; parent_header_level=&#8221;h4&#8243;][\/dsm_card_carousel_child][dsm_card_carousel_child image=&#8221;https:\/\/oztravel.hr\/wp-content\/uploads\/2024\/06\/da-riva-logo.png&#8221; image_as_background=&#8221;off&#8221; badge_text=&#8221;Agenzia&#8221; button_url_new_window=&#8221;1&#8243; _builder_version=&#8221;4.25.2&#8243; _module_preset=&#8221;default&#8221; global_colors_info=&#8221;{}&#8221; parent_button=&#8221;off&#8221; parent_header_level=&#8221;h4&#8243;][\/dsm_card_carousel_child][dsm_card_carousel_child image=&#8221;https:\/\/oztravel.hr\/wp-content\/uploads\/2024\/06\/diamond-krk-1.png&#8221; image_as_background=&#8221;off&#8221; badge_text=&#8221;Night Club&#8221; button_url_new_window=&#8221;1&#8243; _builder_version=&#8221;4.25.2&#8243; _module_preset=&#8221;default&#8221; global_colors_info=&#8221;{}&#8221; parent_button=&#8221;off&#8221; parent_header_level=&#8221;h4&#8243;][\/dsm_card_carousel_child][dsm_card_carousel_child image=&#8221;https:\/\/oztravel.hr\/wp-content\/uploads\/2024\/06\/idriva-logo-23.png&#8221; image_as_background=&#8221;off&#8221; badge_text=&#8221;Agenzia&#8221; button_url_new_window=&#8221;1&#8243; _builder_version=&#8221;4.25.2&#8243; _module_preset=&#8221;default&#8221; global_colors_info=&#8221;{}&#8221; parent_button=&#8221;off&#8221; parent_header_level=&#8221;h4&#8243;][\/dsm_card_carousel_child][dsm_card_carousel_child image=&#8221;https:\/\/oztravel.hr\/wp-content\/uploads\/2024\/06\/katarina-line-2.png&#8221; image_as_background=&#8221;off&#8221; badge_text=&#8221;Agenzia&#8221; button_url_new_window=&#8221;1&#8243; _builder_version=&#8221;4.25.2&#8243; _module_preset=&#8221;default&#8221; global_colors_info=&#8221;{}&#8221; parent_button=&#8221;off&#8221; parent_header_level=&#8221;h4&#8243;][\/dsm_card_carousel_child][dsm_card_carousel_child image=&#8221;https:\/\/oztravel.hr\/wp-content\/uploads\/2024\/06\/logo-cromatours-transformed.png&#8221; image_as_background=&#8221;off&#8221; badge_text=&#8221;Agenzia&#8221; button_url_new_window=&#8221;1&#8243; _builder_version=&#8221;4.25.2&#8243; _module_preset=&#8221;default&#8221; global_colors_info=&#8221;{}&#8221; parent_button=&#8221;off&#8221; parent_header_level=&#8221;h4&#8243;][\/dsm_card_carousel_child][dsm_card_carousel_child image=&#8221;https:\/\/oztravel.hr\/wp-content\/uploads\/2024\/06\/olivari-travel.png&#8221; image_as_background=&#8221;off&#8221; badge_text=&#8221;Agenzia&#8221; button_url_new_window=&#8221;1&#8243; _builder_version=&#8221;4.25.2&#8243; _module_preset=&#8221;default&#8221; global_colors_info=&#8221;{}&#8221; parent_button=&#8221;off&#8221; parent_header_level=&#8221;h4&#8243;][\/dsm_card_carousel_child][dsm_card_carousel_child image=&#8221;https:\/\/oztravel.hr\/wp-content\/uploads\/2024\/06\/primo-tours.png&#8221; image_as_background=&#8221;off&#8221; badge_text=&#8221;Agenzia&#8221; button_url_new_window=&#8221;1&#8243; _builder_version=&#8221;4.25.2&#8243; _module_preset=&#8221;default&#8221; global_colors_info=&#8221;{}&#8221; parent_button=&#8221;off&#8221; parent_header_level=&#8221;h4&#8243;][\/dsm_card_carousel_child][\/dsm_card_carousel][\/et_pb_column][\/et_pb_row][\/et_pb_section][et_pb_section fb_built=&#8221;1&#8243; _builder_version=&#8221;4.25.2&#8243; _module_preset=&#8221;default&#8221; background_image=&#8221;https:\/\/oztravel.hr\/wp-content\/uploads\/2024\/06\/wide-mercedes.webp&#8221; parallax=&#8221;on&#8221; border_width_top=&#8221;2px&#8221; border_color_top=&#8221;#0C71C3&#8243; border_width_bottom=&#8221;2px&#8221; border_color_bottom=&#8221;#0C71C3&#8243; global_colors_info=&#8221;{}&#8221;][et_pb_row _builder_version=&#8221;4.24.0&#8243; _module_preset=&#8221;default&#8221; locked=&#8221;off&#8221; global_colors_info=&#8221;{}&#8221;][et_pb_column type=&#8221;4_4&#8243; _builder_version=&#8221;4.24.0&#8243; _module_preset=&#8221;default&#8221; global_colors_info=&#8221;{}&#8221;][et_pb_text _builder_version=&#8221;4.25.2&#8243; _module_preset=&#8221;default&#8221; background_layout=&#8221;dark&#8221; global_colors_info=&#8221;{}&#8221;]<\/p>\n<h2 style=\"text-align: center;\"><span>Organizza rapidamente e facilmente il trasporto per il tuo prossimo viaggio!<\/span><\/h2>\n<p>[\/et_pb_text][dsm_button button_one_text=&#8221;Invia richiesta&#8221; button_one_url=&#8221;#kontakt&#8221; button_two_text=&#8221;Chiamaci&#8221; button_two_url_type=&#8221;phone&#8221; button_two_phone_number=&#8221;+385993406329&#8243; button_alignment=&#8221;center&#8221; _builder_version=&#8221;4.25.2&#8243; _module_preset=&#8221;default&#8221; global_colors_info=&#8221;{}&#8221;][\/dsm_button][\/et_pb_column][\/et_pb_row][\/et_pb_section][et_pb_section fb_built=&#8221;1&#8243; _builder_version=&#8221;4.24.0&#8243; _module_preset=&#8221;default&#8221; global_colors_info=&#8221;{}&#8221;][et_pb_row _builder_version=&#8221;4.24.0&#8243; _module_preset=&#8221;default&#8221; global_colors_info=&#8221;{}&#8221;][et_pb_column type=&#8221;4_4&#8243; _builder_version=&#8221;4.24.0&#8243; _module_preset=&#8221;default&#8221; global_colors_info=&#8221;{}&#8221;][et_pb_text _builder_version=&#8221;4.24.0&#8243; _module_preset=&#8221;default&#8221; global_colors_info=&#8221;{}&#8221;]<\/p>\n<h2>Domande frequenti<\/h2>\n<p>[\/et_pb_text][et_pb_accordion open_toggle_text_color=&#8221;#D4AF37&#8243; open_toggle_background_color=&#8221;#EFEFEF&#8221; closed_toggle_text_color=&#8221;#000000&#8243; closed_toggle_background_color=&#8221;rgba(212,175,55,0.12)&#8221; toggle_icon=&#8221;&#x43;||divi||400&#8243; icon_color=&#8221;#D4AF37&#8243; _builder_version=&#8221;4.25.2&#8243; _module_preset=&#8221;default&#8221; toggle_font=&#8221;|700|||||||&#8221; body_text_color=&#8221;#000000&#8243; body_link_text_color=&#8221;#224400&#8243; border_width_all=&#8221;0px&#8221; locked=&#8221;off&#8221; global_colors_info=&#8221;{}&#8221;][et_pb_accordion_item title=&#8221;Come posso prenotare il trasporto di gruppo con OZ Taxi &amp; Travel?&#8221; open=&#8221;on&#8221; _builder_version=&#8221;4.25.2&#8243; _module_preset=&#8221;default&#8221; global_colors_info=&#8221;{}&#8221;]<\/p>\n<p>Puoi prenotare i servizi di trasporto di gruppo tramite il nostro sito web, telefonicamente al <a href=\"tel:00385993406329\">+385 99 340 6329<\/a> o inviando un&#8217;email a <a href=\"mailto:oz.prijevoz@gmail.com\">oz.prijevoz@gmail.com<\/a>.<\/p>\n<p>[\/et_pb_accordion_item][et_pb_accordion_item title=&#8221;Quali tipi di veicoli offrite per i viaggi di gruppo?&#8221; _builder_version=&#8221;4.25.2&#8243; _module_preset=&#8221;default&#8221; global_colors_info=&#8221;{}&#8221; open=&#8221;off&#8221;]Offriamo minibus e autobus per viaggi di gruppo, tra cui Peugeot Traveler, Volkswagen Transporter T6, Mercedes Sprinter 515, Mercedes Sprinter 519 e Setra 415 HD.[\/et_pb_accordion_item][et_pb_accordion_item title=&#8221;Come posso pagare per il vostro servizio &#8211; accettate carte?&#8221; _builder_version=&#8221;4.25.2&#8243; _module_preset=&#8221;default&#8221; global_colors_info=&#8221;{}&#8221; open=&#8221;off&#8221;]S\u00ec, accettiamo pagamenti con carta di credito, carta di debito e contanti.[\/et_pb_accordion_item][et_pb_accordion_item title=&#8221;Offrite servizi di trasporto per gite scolastiche?&#8221; _builder_version=&#8221;4.25.2&#8243; _module_preset=&#8221;default&#8221; global_colors_info=&#8221;{}&#8221; open=&#8221;off&#8221;]S\u00ec, offriamo servizi di trasporto per gite scolastiche. Abbiamo anche il permesso di trasportare bambini.[\/et_pb_accordion_item][et_pb_accordion_item title=&#8221;I vostri veicoli sono adatti per i viaggi di lavoro?&#8221; _builder_version=&#8221;4.25.2&#8243; _module_preset=&#8221;default&#8221; global_colors_info=&#8221;{}&#8221; open=&#8221;off&#8221;]S\u00ec, i nostri veicoli sono adatti per viaggi di lavoro con sedili comodi e attrezzature aggiuntive.[\/et_pb_accordion_item][et_pb_accordion_item title=&#8221;Quali sono i vantaggi dell&#039;uso dei minibus per matrimoni e riunioni di famiglia?&#8221; _builder_version=&#8221;4.25.2&#8243; _module_preset=&#8221;default&#8221; global_colors_info=&#8221;{}&#8221; open=&#8221;off&#8221;]I minibus offrono comfort, spazio e la possibilit\u00e0 di trasportare gruppi pi\u00f9 numerosi insieme, rendendoli ideali per matrimoni e riunioni di famiglia.[\/et_pb_accordion_item][et_pb_accordion_item title=&#8221;Offrite servizi di trasporto internazionale?&#8221; _builder_version=&#8221;4.25.2&#8243; _module_preset=&#8221;default&#8221; global_colors_info=&#8221;{}&#8221; open=&#8221;off&#8221;]S\u00ec, offriamo servizi di trasporto internazionale. La nostra intera flotta \u00e8 composta da veicoli molto confortevoli adatti per lunghi viaggi.[\/et_pb_accordion_item][et_pb_accordion_item title=&#8221;Quanto tempo prima devo prenotare il trasporto di gruppo?&#8221; _builder_version=&#8221;4.25.2&#8243; _module_preset=&#8221;default&#8221; global_colors_info=&#8221;{}&#8221; open=&#8221;off&#8221;]Per il trasporto di gruppo, consigliamo di prenotare almeno 2 settimane in anticipo. Se il trasporto avviene a marzo, aprile, maggio, giugno, settembre, ottobre o novembre. \u00c8 meglio prenotare il prima possibile, almeno un mese in anticipo, per garantire la disponibilit\u00e0.[\/et_pb_accordion_item][\/et_pb_accordion][\/et_pb_column][\/et_pb_row][\/et_pb_section]<\/p>\n","protected":false},"excerpt":{"rendered":"<p>Noleggio minibus I nostri moderni e confortevoli minibus sono ideali per vari tipi di gite di gruppo, comprese le gite scolastiche, i viaggi d&#8217;affari e i tour privati. La flessibilit\u00e0 e l&#8217;adattabilit\u00e0 dei nostri servizi ti permettono di pianificare perfettamente ogni viaggio. Sono disponibili Peugeot Traveler, Volkswagen Transporter T6 e Mercedes Sprinter 515, ciascuno con diverse capacit\u00e0 e attrezzature adattate alle tue esigenze. Eccellenti per tutto, dalle gite scolastiche alle conferenze aziendali, matrimoni e riunioni di famiglia. Noleggia un minibus con autista e parti per la tua prossima avventura.Noleggio autobus Per gruppi pi\u00f9 grandi, i nostri autobus offrono comfort e spazio eccezionali. Sono dotati delle pi\u00f9 moderne comodit\u00e0 per rendere i lunghi viaggi il pi\u00f9 piacevoli possibile. Mercedes Sprinter 519 e Setra 415 HD possono ospitare gruppi pi\u00f9 numerosi, ciascuno con spazi climatizzati, ventilazione individuale e sistemi audio per ogni sedile. Sono ideali per viaggi pi\u00f9 lunghi e internazionali, offrendo comfort e sicurezza indipendentemente dalla destinazione. Noleggia da noi un autobus con autista e viaggia ovunque tu voglia.Esperienze e raccomandazioniAbbiamo organizzato un viaggio di gruppo e OZ Taxi &amp; Travel ha fornito il trasporto per tutti e dieci. Il furgone era confortevole e climatizzato, e l&#8217;autista \u00e8 stato estremamente professionale. [&hellip;]<\/p>\n","protected":false},"author":1,"featured_media":0,"parent":0,"menu_order":0,"comment_status":"closed","ping_status":"closed","template":"","meta":{"_et_pb_use_builder":"on","_et_pb_old_content":"","_et_gb_content_width":"","footnotes":""},"class_list":["post-583","page","type-page","status-publish","hentry"],"_links":{"self":[{"href":"https:\/\/oztravel.hr\/it\/wp-json\/wp\/v2\/pages\/583","targetHints":{"allow":["GET"]}}],"collection":[{"href":"https:\/\/oztravel.hr\/it\/wp-json\/wp\/v2\/pages"}],"about":[{"href":"https:\/\/oztravel.hr\/it\/wp-json\/wp\/v2\/types\/page"}],"author":[{"embeddable":true,"href":"https:\/\/oztravel.hr\/it\/wp-json\/wp\/v2\/users\/1"}],"replies":[{"embeddable":true,"href":"https:\/\/oztravel.hr\/it\/wp-json\/wp\/v2\/comments?post=583"}],"version-history":[{"count":6,"href":"https:\/\/oztravel.hr\/it\/wp-json\/wp\/v2\/pages\/583\/revisions"}],"predecessor-version":[{"id":765,"href":"https:\/\/oztravel.hr\/it\/wp-json\/wp\/v2\/pages\/583\/revisions\/765"}],"wp:attachment":[{"href":"https:\/\/oztravel.hr\/it\/wp-json\/wp\/v2\/media?parent=583"}],"curies":[{"name":"wp","href":"https:\/\/api.w.org\/{rel}","templated":true}]}}