{"id":747,"date":"2025-02-22T13:34:05","date_gmt":"2025-02-22T13:34:05","guid":{"rendered":"https:\/\/oztravel.hr\/gite-di-un-giorno\/"},"modified":"2025-02-28T15:56:41","modified_gmt":"2025-02-28T15:56:41","slug":"gite-di-un-giorno","status":"publish","type":"page","link":"https:\/\/oztravel.hr\/it\/gite-di-un-giorno\/","title":{"rendered":"Gite di un giorno"},"content":{"rendered":"<p>[et_pb_section fb_built=&#8221;1&#8243; fullwidth=&#8221;on&#8221; _builder_version=&#8221;4.25.2&#8243; _module_preset=&#8221;default&#8221; background_enable_image=&#8221;off&#8221; global_colors_info=&#8221;{}&#8221;][et_pb_fullwidth_header title=&#8221;Gite di un giorno con partenza da Krk&#8221; subhead=&#8221;Vuoi organizzare un viaggio con partenza dall&#039;isola di Krka per il tuo team? Abbiamo una soluzione per te.&#8221; text_orientation=&#8221;center&#8221; button_one_text=&#8221;Prenota ora&#8221; button_one_url=&#8221;#kontakt&#8221; _builder_version=&#8221;4.27.3&#8243; _module_preset=&#8221;default&#8221; background_color=&#8221;rgba(0,0,0,0.49)&#8221; background_image=&#8221;https:\/\/oztravel.hr\/wp-content\/uploads\/2024\/06\/grupni-prijevoz.webp&#8221; background_blend=&#8221;multiply&#8221; custom_css_header_container=&#8221;min-height: 40svh;&#8221; global_colors_info=&#8221;{}&#8221;][\/et_pb_fullwidth_header][\/et_pb_section][et_pb_section fb_built=&#8221;1&#8243; _builder_version=&#8221;4.24.0&#8243; _module_preset=&#8221;default&#8221; global_colors_info=&#8221;{}&#8221;][et_pb_row _builder_version=&#8221;4.27.3&#8243; _module_preset=&#8221;default&#8221; custom_padding=&#8221;||0px|||&#8221; global_colors_info=&#8221;{}&#8221;][et_pb_column type=&#8221;4_4&#8243; _builder_version=&#8221;4.27.3&#8243; _module_preset=&#8221;default&#8221; global_colors_info=&#8221;{}&#8221;][et_pb_heading title=&#8221;Scegli il tipo di veicolo per il trasporto dei passeggeri in base alle dimensioni del gruppo.&#8221; _builder_version=&#8221;4.27.3&#8243; _module_preset=&#8221;default&#8221; global_colors_info=&#8221;{}&#8221;][\/et_pb_heading][\/et_pb_column][\/et_pb_row][et_pb_row column_structure=&#8221;1_2,1_2&#8243; _builder_version=&#8221;4.24.0&#8243; _module_preset=&#8221;default&#8221; global_colors_info=&#8221;{}&#8221;][et_pb_column type=&#8221;1_2&#8243; _builder_version=&#8221;4.24.0&#8243; _module_preset=&#8221;default&#8221; global_colors_info=&#8221;{}&#8221;][et_pb_image src=&#8221;https:\/\/oztravel.hr\/wp-content\/uploads\/2024\/06\/mercedes-519-0.webp&#8221; title_text=&#8221;mercedes-519-0&#8243; _builder_version=&#8221;4.25.2&#8243; _module_preset=&#8221;default&#8221; global_colors_info=&#8221;{}&#8221;][\/et_pb_image][et_pb_text _builder_version=&#8221;4.27.3&#8243; _module_preset=&#8221;default&#8221; global_colors_info=&#8221;{}&#8221;]<\/p>\n<h2>Minibus (fino a 20 passeggeri)<\/h2>\n<p>Prenota un minibus con autista. I nostri moderni e confortevoli minibus sono ideali per vari tipi di gite di gruppo, comprese le gite scolastiche, i viaggi d&#8217;affari e i tour privati. La flessibilit\u00e0 e l&#8217;adattabilit\u00e0 dei nostri servizi ti permettono di pianificare perfettamente ogni viaggio.<\/p>\n<p>Sono disponibili Peugeot Traveler, Volkswagen Transporter T6 e Mercedes Sprinter 515, ciascuno con diverse capacit\u00e0 e attrezzature adattate alle tue esigenze.<\/p>\n<p>Eccellenti per tutto, dalle gite scolastiche alle conferenze aziendali, matrimoni e riunioni di famiglia.<\/p>\n<p>[\/et_pb_text][\/et_pb_column][et_pb_column type=&#8221;1_2&#8243; _builder_version=&#8221;4.24.0&#8243; _module_preset=&#8221;default&#8221; global_colors_info=&#8221;{}&#8221;][et_pb_image src=&#8221;https:\/\/oztravel.hr\/wp-content\/uploads\/2024\/06\/bus-setra-0.webp&#8221; title_text=&#8221;bus-setra-0&#8243; _builder_version=&#8221;4.25.2&#8243; _module_preset=&#8221;default&#8221; global_colors_info=&#8221;{}&#8221;][\/et_pb_image][et_pb_text _builder_version=&#8221;4.27.3&#8243; _module_preset=&#8221;default&#8221; global_colors_info=&#8221;{}&#8221;]<\/p>\n<h2>Autobus (fino a 50 passeggeri)<\/h2>\n<p>Prenota un autobus con autista. Per gruppi pi\u00f9 grandi, i nostri autobus offrono comfort e spazio eccezionali. Sono dotati delle pi\u00f9 moderne comodit\u00e0 per rendere i lunghi viaggi il pi\u00f9 piacevoli possibile.<\/p>\n<p>Mercedes Sprinter 519 e Setra 415 HD possono ospitare gruppi pi\u00f9 numerosi, ciascuno con spazi climatizzati, ventilazione individuale e sistemi audio per ogni sedile.<\/p>\n<p>Sono ideali per viaggi pi\u00f9 lunghi e internazionali, offrendo comfort e sicurezza indipendentemente dalla destinazione.<\/p>\n<p>[\/et_pb_text][\/et_pb_column][\/et_pb_row][et_pb_row _builder_version=&#8221;4.27.3&#8243; _module_preset=&#8221;default&#8221; global_colors_info=&#8221;{}&#8221;][et_pb_column type=&#8221;4_4&#8243; _builder_version=&#8221;4.27.3&#8243; _module_preset=&#8221;default&#8221; global_colors_info=&#8221;{}&#8221;][et_pb_heading title=&#8221;Scegli la tua destinazione&#8221; _builder_version=&#8221;4.27.3&#8243; _module_preset=&#8221;default&#8221; global_colors_info=&#8221;{}&#8221;][\/et_pb_heading][et_pb_text _builder_version=&#8221;4.27.3&#8243; _module_preset=&#8221;default&#8221; global_colors_info=&#8221;{}&#8221;]<\/p>\n<p>Il nostro team di autisti professionisti vi offre un trasporto privato di passeggeri rapido e semplice in tutta la Croazia, ma anche nei paesi limitrofi. Ovunque ti porti la tua idea, noi siamo qui per portarti alla destinazione che hai immaginato. I nostri servizi si adattano alle vostre esigenze e ogni viaggio pu\u00f2 trasformarsi in un&#8217;esperienza indimenticabile.  <\/p>\n<p>[\/et_pb_text][\/et_pb_column][\/et_pb_row][et_pb_row column_structure=&#8221;1_2,1_2&#8243; _builder_version=&#8221;4.27.3&#8243; _module_preset=&#8221;default&#8221; global_colors_info=&#8221;{}&#8221;][et_pb_column type=&#8221;1_2&#8243; _builder_version=&#8221;4.27.3&#8243; _module_preset=&#8221;default&#8221; global_colors_info=&#8221;{}&#8221;][et_pb_blurb title=&#8221;Gita di un giorno a Brioni&#8221; image=&#8221;https:\/\/oztravel.hr\/wp-content\/uploads\/2025\/02\/brijuni-4889847_1280.jpg&#8221; _builder_version=&#8221;4.27.3&#8243; _module_preset=&#8221;default&#8221; global_colors_info=&#8221;{}&#8221;]<\/p>\n<p>Brioni \u00e8 un vero gioiello dell&#8217;Adriatico croato, noto per la sua splendida natura, la sua ricca storia e l&#8217;atmosfera unica che incanta ogni visitatore. Viaggiare da Krk a Brioni \u00e8 l&#8217;occasione perfetta per fuggire dallo stress quotidiano, poich\u00e9 potrete godervi un viaggio attraverso paesaggi pittoreschi e poi esplorare le magnifiche isole che offrono numerose attivit\u00e0, dai tour in bicicletta al relax sulle spiagge. Vivi la magia di queste splendide isole, ammira monumenti storici e crea ricordi indimenticabili con gli amici o la famiglia durante questa gita di un giorno.  <\/p>\n<p>[\/et_pb_blurb][\/et_pb_column][et_pb_column type=&#8221;1_2&#8243; _builder_version=&#8221;4.27.3&#8243; _module_preset=&#8221;default&#8221; global_colors_info=&#8221;{}&#8221;][et_pb_blurb title=&#8221;Gita di un giorno a Lubiana&#8221; image=&#8221;https:\/\/oztravel.hr\/wp-content\/uploads\/2025\/02\/dragon-3906673_1280.jpg&#8221; _builder_version=&#8221;4.27.3&#8243; _module_preset=&#8221;default&#8221; global_colors_info=&#8221;{}&#8221;]<\/p>\n<p>Viaggiando da Krk a Lubiana avrete l&#8217;opportunit\u00e0 di scoprire la bellezza della capitale slovena, nota per la sua architettura, i monumenti culturali e le strade pittoresche. Mentre attraversate paesaggi pittoreschi, potrete godere del comfort dei nostri veicoli, dotati di tutti i comfort necessari per un viaggio piacevole. Lubiana, con le sue incantevoli strade e il bellissimo fiume Ljubljanica, offre una moltitudine di attrazioni, dal castello storico ai musei moderni, il che la rende una destinazione ideale per una gita di un giorno che vi regaler\u00e0 ricordi indimenticabili. Affidati ai nostri autisti esperti e goditi ogni momento del tuo viaggio.   <\/p>\n<p>[\/et_pb_blurb][\/et_pb_column][\/et_pb_row][et_pb_row column_structure=&#8221;1_2,1_2&#8243; _builder_version=&#8221;4.27.3&#8243; _module_preset=&#8221;default&#8221; global_colors_info=&#8221;{}&#8221;][et_pb_column type=&#8221;1_2&#8243; _builder_version=&#8221;4.27.3&#8243; _module_preset=&#8221;default&#8221; global_colors_info=&#8221;{}&#8221;][et_pb_blurb title=&#8221;Gita di un giorno a Venezia&#8221; image=&#8221;https:\/\/oztravel.hr\/wp-content\/uploads\/2025\/02\/channel-3547224_1280.jpg&#8221; _builder_version=&#8221;4.27.3&#8243; _module_preset=&#8221;default&#8221; global_colors_info=&#8221;{}&#8221;]<\/p>\n<p>Venezia, magica citt\u00e0 sull&#8217;acqua, incanta i suoi visitatori con un mix unico di storia e arte, dove ogni gondola e ogni ponte sono intrecciati con storie del passato. Questa escursione da Krk offre l&#8217;opportunit\u00e0 di esplorare bellissime piazze, gustare la deliziosa cucina veneziana o semplicemente perdersi nel labirinto di strette vie piene di fascino. Che siate amanti della cultura o alla ricerca di una fuga romantica, Venezia vi regaler\u00e0 esperienze che rimarranno per sempre nel vostro cuore. Vivi la magia di questa affascinante citt\u00e0 e crea ricordi che ricorderai per sempre.   <\/p>\n<p>[\/et_pb_blurb][\/et_pb_column][et_pb_column type=&#8221;1_2&#8243; _builder_version=&#8221;4.27.3&#8243; _module_preset=&#8221;default&#8221; global_colors_info=&#8221;{}&#8221;][et_pb_blurb title=&#8221;Gita di un giorno a Bled e Bohinj&#8221; image=&#8221;https:\/\/oztravel.hr\/wp-content\/uploads\/2025\/02\/bled-5890874_1280.jpg&#8221; _builder_version=&#8221;4.27.3&#8243; _module_preset=&#8221;default&#8221; global_colors_info=&#8221;{}&#8221;]<\/p>\n<p>Viaggiare da Krk a Bled e Bohinj \u00e8 un&#8217;esperienza indimenticabile che vi incanter\u00e0 con le bellezze naturali e i tesori culturali della Slovenia. Godetevi il viaggio attraverso paesaggi pittoreschi, dove ogni curva regala nuove viste di idilliaci paesaggi alpini; l&#8217;arrivo a Bled vi delizier\u00e0 con il suo famoso lago e la romantica isola. Bohinj, con la sua natura incontaminata, offre numerose opportunit\u00e0 per praticare attivit\u00e0 come escursioni a piedi, gite in bicicletta o semplicemente rilassarsi nelle acque cristalline. Questa gita di un giorno \u00e8 l&#8217;occasione perfetta per immergervi nella bellezza delle gemme naturali della Slovenia e creare ricordi preziosi con i vostri cari.   <\/p>\n<p>[\/et_pb_blurb][\/et_pb_column][\/et_pb_row][et_pb_row _builder_version=&#8221;4.25.2&#8243; _module_preset=&#8221;default&#8221; global_colors_info=&#8221;{}&#8221;][et_pb_column type=&#8221;4_4&#8243; _builder_version=&#8221;4.25.2&#8243; _module_preset=&#8221;default&#8221; global_colors_info=&#8221;{}&#8221;][et_pb_text _builder_version=&#8221;4.25.2&#8243; _module_preset=&#8221;default&#8221; global_colors_info=&#8221;{}&#8221;]<\/p>\n<h2 style=\"text-align: center;\">I nostri clienti e partner<\/h2>\n<p>[\/et_pb_text][dsm_card_carousel slide_to_show=&#8221;5&#8243; equal_height=&#8221;on&#8221; badge_background_color=&#8221;#D4AF37&#8243; slide_to_show_tablet=&#8221;2&#8243; slide_to_show_phone=&#8221;2&#8243; slide_to_show_last_edited=&#8221;on|phone&#8221; _builder_version=&#8221;4.25.2&#8243; _module_preset=&#8221;default&#8221; badge_text_color=&#8221;#FFFFFF&#8221; custom_css_free_form=&#8221;selector figure {||  display: flex;||  height: 100%;||}&#8221; global_colors_info=&#8221;{}&#8221;][dsm_card_carousel_child image=&#8221;https:\/\/oztravel.hr\/wp-content\/uploads\/2024\/06\/srednja-skola-krk.jpg&#8221; image_as_background=&#8221;off&#8221; badge_text=&#8221;Istituzione&#8221; button_url_new_window=&#8221;1&#8243; _builder_version=&#8221;4.25.2&#8243; _module_preset=&#8221;default&#8221; global_colors_info=&#8221;{}&#8221;][\/dsm_card_carousel_child][dsm_card_carousel_child image=&#8221;https:\/\/oztravel.hr\/wp-content\/uploads\/2024\/06\/A.N.A.B.A.R.-tours-logo.jpg&#8221; image_as_background=&#8221;off&#8221; badge_text=&#8221;Agenzia&#8221; button_url_new_window=&#8221;1&#8243; _builder_version=&#8221;4.25.2&#8243; _module_preset=&#8221;default&#8221; global_colors_info=&#8221;{}&#8221;][\/dsm_card_carousel_child][dsm_card_carousel_child image=&#8221;https:\/\/oztravel.hr\/wp-content\/uploads\/2024\/06\/aurea-krk.svg&#8221; image_as_background=&#8221;off&#8221; badge_text=&#8221;Agenzia&#8221; button_url_new_window=&#8221;1&#8243; _builder_version=&#8221;4.25.2&#8243; _module_preset=&#8221;default&#8221; global_colors_info=&#8221;{}&#8221;][\/dsm_card_carousel_child][dsm_card_carousel_child image=&#8221;https:\/\/oztravel.hr\/wp-content\/uploads\/2024\/06\/da-riva-logo.png&#8221; image_as_background=&#8221;off&#8221; badge_text=&#8221;Agenzia&#8221; button_url_new_window=&#8221;1&#8243; _builder_version=&#8221;4.25.2&#8243; _module_preset=&#8221;default&#8221; global_colors_info=&#8221;{}&#8221;][\/dsm_card_carousel_child][dsm_card_carousel_child image=&#8221;https:\/\/oztravel.hr\/wp-content\/uploads\/2024\/06\/diamond-krk-1.png&#8221; image_as_background=&#8221;off&#8221; badge_text=&#8221;Night Club&#8221; button_url_new_window=&#8221;1&#8243; _builder_version=&#8221;4.25.2&#8243; _module_preset=&#8221;default&#8221; global_colors_info=&#8221;{}&#8221;][\/dsm_card_carousel_child][dsm_card_carousel_child image=&#8221;https:\/\/oztravel.hr\/wp-content\/uploads\/2024\/06\/idriva-logo-23.png&#8221; image_as_background=&#8221;off&#8221; badge_text=&#8221;Agenzia&#8221; button_url_new_window=&#8221;1&#8243; _builder_version=&#8221;4.25.2&#8243; _module_preset=&#8221;default&#8221; global_colors_info=&#8221;{}&#8221;][\/dsm_card_carousel_child][dsm_card_carousel_child image=&#8221;https:\/\/oztravel.hr\/wp-content\/uploads\/2024\/06\/katarina-line-2.png&#8221; image_as_background=&#8221;off&#8221; badge_text=&#8221;Agenzia&#8221; button_url_new_window=&#8221;1&#8243; _builder_version=&#8221;4.25.2&#8243; _module_preset=&#8221;default&#8221; global_colors_info=&#8221;{}&#8221;][\/dsm_card_carousel_child][dsm_card_carousel_child image=&#8221;https:\/\/oztravel.hr\/wp-content\/uploads\/2024\/06\/logo-cromatours-transformed.png&#8221; image_as_background=&#8221;off&#8221; badge_text=&#8221;Agenzia&#8221; button_url_new_window=&#8221;1&#8243; _builder_version=&#8221;4.25.2&#8243; _module_preset=&#8221;default&#8221; global_colors_info=&#8221;{}&#8221;][\/dsm_card_carousel_child][dsm_card_carousel_child image=&#8221;https:\/\/oztravel.hr\/wp-content\/uploads\/2024\/06\/olivari-travel.png&#8221; image_as_background=&#8221;off&#8221; badge_text=&#8221;Agenzia&#8221; button_url_new_window=&#8221;1&#8243; _builder_version=&#8221;4.25.2&#8243; _module_preset=&#8221;default&#8221; global_colors_info=&#8221;{}&#8221;][\/dsm_card_carousel_child][dsm_card_carousel_child image=&#8221;https:\/\/oztravel.hr\/wp-content\/uploads\/2024\/06\/primo-tours.png&#8221; image_as_background=&#8221;off&#8221; badge_text=&#8221;Agenzia&#8221; button_url_new_window=&#8221;1&#8243; _builder_version=&#8221;4.25.2&#8243; _module_preset=&#8221;default&#8221; global_colors_info=&#8221;{}&#8221;][\/dsm_card_carousel_child][\/dsm_card_carousel][\/et_pb_column][\/et_pb_row][\/et_pb_section][et_pb_section fb_built=&#8221;1&#8243; _builder_version=&#8221;4.25.2&#8243; _module_preset=&#8221;default&#8221; background_image=&#8221;https:\/\/oztravel.hr\/wp-content\/uploads\/2024\/06\/wide-mercedes.webp&#8221; parallax=&#8221;on&#8221; border_width_top=&#8221;2px&#8221; border_color_top=&#8221;#0C71C3&#8243; border_width_bottom=&#8221;2px&#8221; border_color_bottom=&#8221;#0C71C3&#8243; global_colors_info=&#8221;{}&#8221;][et_pb_row _builder_version=&#8221;4.24.0&#8243; _module_preset=&#8221;default&#8221; locked=&#8221;off&#8221; global_colors_info=&#8221;{}&#8221;][et_pb_column type=&#8221;4_4&#8243; _builder_version=&#8221;4.24.0&#8243; _module_preset=&#8221;default&#8221; global_colors_info=&#8221;{}&#8221;][et_pb_text _builder_version=&#8221;4.25.2&#8243; _module_preset=&#8221;default&#8221; background_layout=&#8221;dark&#8221; global_colors_info=&#8221;{}&#8221;]<\/p>\n<h2 style=\"text-align: center;\"><span>Organizza rapidamente e facilmente il trasporto per il tuo prossimo viaggio!<\/span><\/h2>\n<p>[\/et_pb_text][dsm_button button_one_text=&#8221;Invia richiesta&#8221; button_one_url=&#8221;#kontakt&#8221; button_two_text=&#8221;Chiamaci&#8221; button_two_url_type=&#8221;phone&#8221; button_two_phone_number=&#8221;+385993406329&#8243; button_alignment=&#8221;center&#8221; _builder_version=&#8221;4.25.2&#8243; _module_preset=&#8221;default&#8221; global_colors_info=&#8221;{}&#8221;][\/dsm_button][\/et_pb_column][\/et_pb_row][\/et_pb_section][et_pb_section fb_built=&#8221;1&#8243; _builder_version=&#8221;4.24.0&#8243; _module_preset=&#8221;default&#8221; global_colors_info=&#8221;{}&#8221;][et_pb_row _builder_version=&#8221;4.24.0&#8243; _module_preset=&#8221;default&#8221; global_colors_info=&#8221;{}&#8221;][et_pb_column type=&#8221;4_4&#8243; _builder_version=&#8221;4.24.0&#8243; _module_preset=&#8221;default&#8221; global_colors_info=&#8221;{}&#8221;][et_pb_text _builder_version=&#8221;4.24.0&#8243; _module_preset=&#8221;default&#8221; global_colors_info=&#8221;{}&#8221;]<\/p>\n<h2>Domande frequenti<\/h2>\n<p>[\/et_pb_text][et_pb_accordion open_toggle_text_color=&#8221;#D4AF37&#8243; open_toggle_background_color=&#8221;#EFEFEF&#8221; closed_toggle_text_color=&#8221;#000000&#8243; closed_toggle_background_color=&#8221;rgba(212,175,55,0.12)&#8221; toggle_icon=&#8221;&#x43;||divi||400&#8243; icon_color=&#8221;#D4AF37&#8243; _builder_version=&#8221;4.25.2&#8243; _module_preset=&#8221;default&#8221; toggle_font=&#8221;|700|||||||&#8221; body_text_color=&#8221;#000000&#8243; body_link_text_color=&#8221;#224400&#8243; border_width_all=&#8221;0px&#8221; locked=&#8221;off&#8221; global_colors_info=&#8221;{}&#8221;][et_pb_accordion_item title=&#8221;Come posso prenotare il trasporto di gruppo con OZ Taxi &amp; Travel?&#8221; open=&#8221;on&#8221; _builder_version=&#8221;4.25.2&#8243; _module_preset=&#8221;default&#8221; global_colors_info=&#8221;{}&#8221;]<\/p>\n<p>Puoi prenotare i servizi di trasporto di gruppo tramite il nostro sito web, telefonicamente al <a href=\"tel:00385993406329\">+385 99 340 6329<\/a> o inviando un&#8217;email a <a href=\"mailto:oz.prijevoz@gmail.com\">oz.prijevoz@gmail.com<\/a>.<\/p>\n<p>[\/et_pb_accordion_item][et_pb_accordion_item title=&#8221;Quali tipi di veicoli offrite per i viaggi di gruppo?&#8221; _builder_version=&#8221;4.25.2&#8243; _module_preset=&#8221;default&#8221; global_colors_info=&#8221;{}&#8221;]Offriamo minibus e autobus per viaggi di gruppo, tra cui Peugeot Traveler, Volkswagen Transporter T6, Mercedes Sprinter 515, Mercedes Sprinter 519 e Setra 415 HD.[\/et_pb_accordion_item][et_pb_accordion_item title=&#8221;Come posso pagare per il vostro servizio &#8211; accettate carte?&#8221; _builder_version=&#8221;4.25.2&#8243; _module_preset=&#8221;default&#8221; global_colors_info=&#8221;{}&#8221;]S\u00ec, accettiamo pagamenti con carta di credito, carta di debito e contanti.[\/et_pb_accordion_item][et_pb_accordion_item title=&#8221;Offrite servizi di trasporto per gite scolastiche?&#8221; _builder_version=&#8221;4.25.2&#8243; _module_preset=&#8221;default&#8221; global_colors_info=&#8221;{}&#8221;]S\u00ec, offriamo servizi di trasporto per gite scolastiche. Abbiamo anche il permesso di trasportare bambini.[\/et_pb_accordion_item][et_pb_accordion_item title=&#8221;I vostri veicoli sono adatti per i viaggi di lavoro?&#8221; _builder_version=&#8221;4.25.2&#8243; _module_preset=&#8221;default&#8221; global_colors_info=&#8221;{}&#8221;]S\u00ec, i nostri veicoli sono adatti per viaggi di lavoro con sedili comodi e attrezzature aggiuntive.[\/et_pb_accordion_item][et_pb_accordion_item title=&#8221;Quali sono i vantaggi dell&#039;uso dei minibus per matrimoni e riunioni di famiglia?&#8221; _builder_version=&#8221;4.25.2&#8243; _module_preset=&#8221;default&#8221; global_colors_info=&#8221;{}&#8221;]I minibus offrono comfort, spazio e la possibilit\u00e0 di trasportare gruppi pi\u00f9 numerosi insieme, rendendoli ideali per matrimoni e riunioni di famiglia.[\/et_pb_accordion_item][et_pb_accordion_item title=&#8221;Offrite servizi di trasporto internazionale?&#8221; _builder_version=&#8221;4.25.2&#8243; _module_preset=&#8221;default&#8221; global_colors_info=&#8221;{}&#8221;]S\u00ec, offriamo servizi di trasporto internazionale. La nostra intera flotta \u00e8 composta da veicoli molto confortevoli adatti per lunghi viaggi.[\/et_pb_accordion_item][et_pb_accordion_item title=&#8221;Quanto tempo prima devo prenotare il trasporto di gruppo?&#8221; _builder_version=&#8221;4.25.2&#8243; _module_preset=&#8221;default&#8221; global_colors_info=&#8221;{}&#8221;]Per il trasporto di gruppo, consigliamo di prenotare almeno 2 settimane in anticipo. Se il trasporto avviene a marzo, aprile, maggio, giugno, settembre, ottobre o novembre. \u00c8 meglio prenotare il prima possibile, almeno un mese in anticipo, per garantire la disponibilit\u00e0.[\/et_pb_accordion_item][\/et_pb_accordion][\/et_pb_column][\/et_pb_row][\/et_pb_section]<\/p>\n","protected":false},"excerpt":{"rendered":"<p>Minibus (fino a 20 passeggeri) Prenota un minibus con autista. I nostri moderni e confortevoli minibus sono ideali per vari tipi di gite di gruppo, comprese le gite scolastiche, i viaggi d&#8217;affari e i tour privati. La flessibilit\u00e0 e l&#8217;adattabilit\u00e0 dei nostri servizi ti permettono di pianificare perfettamente ogni viaggio. Sono disponibili Peugeot Traveler, Volkswagen Transporter T6 e Mercedes Sprinter 515, ciascuno con diverse capacit\u00e0 e attrezzature adattate alle tue esigenze. Eccellenti per tutto, dalle gite scolastiche alle conferenze aziendali, matrimoni e riunioni di famiglia.Autobus (fino a 50 passeggeri) Prenota un autobus con autista. Per gruppi pi\u00f9 grandi, i nostri autobus offrono comfort e spazio eccezionali. Sono dotati delle pi\u00f9 moderne comodit\u00e0 per rendere i lunghi viaggi il pi\u00f9 piacevoli possibile. Mercedes Sprinter 519 e Setra 415 HD possono ospitare gruppi pi\u00f9 numerosi, ciascuno con spazi climatizzati, ventilazione individuale e sistemi audio per ogni sedile. Sono ideali per viaggi pi\u00f9 lunghi e internazionali, offrendo comfort e sicurezza indipendentemente dalla destinazione.Il nostro team di autisti professionisti vi offre un trasporto privato di passeggeri rapido e semplice in tutta la Croazia, ma anche nei paesi limitrofi. Ovunque ti porti la tua idea, noi siamo qui per portarti alla destinazione che hai immaginato. [&hellip;]<\/p>\n","protected":false},"author":1,"featured_media":0,"parent":0,"menu_order":0,"comment_status":"closed","ping_status":"closed","template":"","meta":{"_et_pb_use_builder":"on","_et_pb_old_content":"","_et_gb_content_width":"","footnotes":""},"class_list":["post-747","page","type-page","status-publish","hentry"],"_links":{"self":[{"href":"https:\/\/oztravel.hr\/it\/wp-json\/wp\/v2\/pages\/747","targetHints":{"allow":["GET"]}}],"collection":[{"href":"https:\/\/oztravel.hr\/it\/wp-json\/wp\/v2\/pages"}],"about":[{"href":"https:\/\/oztravel.hr\/it\/wp-json\/wp\/v2\/types\/page"}],"author":[{"embeddable":true,"href":"https:\/\/oztravel.hr\/it\/wp-json\/wp\/v2\/users\/1"}],"replies":[{"embeddable":true,"href":"https:\/\/oztravel.hr\/it\/wp-json\/wp\/v2\/comments?post=747"}],"version-history":[{"count":2,"href":"https:\/\/oztravel.hr\/it\/wp-json\/wp\/v2\/pages\/747\/revisions"}],"predecessor-version":[{"id":749,"href":"https:\/\/oztravel.hr\/it\/wp-json\/wp\/v2\/pages\/747\/revisions\/749"}],"wp:attachment":[{"href":"https:\/\/oztravel.hr\/it\/wp-json\/wp\/v2\/media?parent=747"}],"curies":[{"name":"wp","href":"https:\/\/api.w.org\/{rel}","templated":true}]}}