{"id":864,"date":"2025-05-20T16:58:46","date_gmt":"2025-05-20T16:58:46","guid":{"rendered":"https:\/\/oztravel.hr\/taxi-baska\/"},"modified":"2025-05-20T17:15:56","modified_gmt":"2025-05-20T17:15:56","slug":"taxi-baska","status":"publish","type":"page","link":"https:\/\/oztravel.hr\/it\/taxi-baska\/","title":{"rendered":"Taxi Ba\u0161ka"},"content":{"rendered":"<p>[et_pb_section fb_built=&#8221;1&#8243; fullwidth=&#8221;on&#8221; _builder_version=&#8221;4.24.0&#8243; _module_preset=&#8221;default&#8221; global_colors_info=&#8221;{}&#8221; theme_builder_area=&#8221;post_content&#8221;][et_pb_fullwidth_header title=&#8221;Ba\u0161ka: Trasporto taxi sicuro verso la culla della scrittura croata \u2013 OZ Taxi &amp; Travel Ba\u0161ka&#8221; text_orientation=&#8221;center&#8221; button_one_url=&#8221;#kontakt&#8221; _builder_version=&#8221;4.27.4&#8243; _module_preset=&#8221;default&#8221; background_color=&#8221;#d6d6d6&#8243; background_image=&#8221;https:\/\/oztravel.hr\/wp-content\/uploads\/2025\/05\/pexels-viliamphotography-31047735.webp&#8221; background_blend=&#8221;multiply&#8221; hover_enabled=&#8221;0&#8243; custom_css_header_container=&#8221;min-height: 40svh;&#8221; text_shadow_style=&#8221;preset4&#8243; global_colors_info=&#8221;{}&#8221; theme_builder_area=&#8221;post_content&#8221; sticky_enabled=&#8221;0&#8243; title_text=&#8221;pexels-viliamphotography-31047735&#8243;][\/et_pb_fullwidth_header][\/et_pb_section][et_pb_section fb_built=&#8221;1&#8243; _builder_version=&#8221;4.27.4&#8243; _module_preset=&#8221;default&#8221; background_color=&#8221;#0a0a0a&#8221; use_background_color_gradient=&#8221;on&#8221; background_color_gradient_stops=&#8221;#000000 0%|#2d2d2d 100%&#8221; global_colors_info=&#8221;{}&#8221; theme_builder_area=&#8221;post_content&#8221;][et_pb_row use_custom_gutter=&#8221;on&#8221; gutter_width=&#8221;2&#8243; _builder_version=&#8221;4.24.0&#8243; _module_preset=&#8221;default&#8221; global_colors_info=&#8221;{}&#8221; theme_builder_area=&#8221;post_content&#8221;][et_pb_column type=&#8221;4_4&#8243; _builder_version=&#8221;4.24.0&#8243; _module_preset=&#8221;default&#8221; global_colors_info=&#8221;{}&#8221; theme_builder_area=&#8221;post_content&#8221;][et_pb_text _builder_version=&#8221;4.27.4&#8243; _module_preset=&#8221;default&#8221; text_font_size=&#8221;19px&#8221; background_layout=&#8221;dark&#8221; custom_margin=&#8221;||||false|false&#8221; hover_enabled=&#8221;0&#8243; global_colors_info=&#8221;{}&#8221; theme_builder_area=&#8221;post_content&#8221; sticky_enabled=&#8221;0&#8243;]Ba\u0161ka, annidata in una pittoresca baia nel sud-est dell&#8217;isola di Krk, circondata da vigneti e antichi uliveti, vanta una delle spiagge di ciottoli pi\u00f9 belle dell&#8217;Adriatico. Ma Ba\u0161ka \u00e8 molto pi\u00f9 che sole e mare. \u00c8 un luogo chiave nella storia croata grazie alla Tavoletta di Ba\u0161ka, un prezioso monumento della scrittura croata risalente al 1100 circa, trovato nella chiesa di Santa Lucia a Jurandvor. Sapevate che sulla tavoletta, oltre al nome del re Zvonimir, sono menzionati anche dettagli sulla costruzione della chiesa e una maledizione per coloro che avrebbero contestato la donazione?     <\/p>\n<p>Il nome Ba\u0161ka (precedentemente Besca) fu menzionato per la prima volta nel 1232, e lo sviluppo turistico inizi\u00f2 con l&#8217;apertura dell&#8217;Hotel Zvonimir nel 1906, grazie alla visione di Emil Geistlich, il direttore ceco della fabbrica Mundus. Ba\u0161ka apr\u00ec anche il primo stabilimento balneare sull&#8217;isola con diciotto cabine. Oltre a Jurandvor, esplorate le strette &#8220;kale&#8221; (strade) di Ba\u0161ka, salite alla chiesetta di Nostra Signora di Gori\u010dka, per la quale la leggenda narra che la statua della Vergine Maria fu trasportata sulla collina dagli angeli, o scoprite i segreti dell&#8217;Altopiano della Luna. Forse sentirete anche la storia di un drago locale che un tempo abitava queste zone.     <\/p>\n<p>Per tutte le vostre esigenze di trasporto a Ba\u0161ka, Jurandvor, verso spiagge nascoste o per un&#8217;escursione, OZ Taxi Ba\u0161ka \u00e8 qui per voi.<\/p>\n<p style=\"text-align: center;\"><strong>Prenota il tuo taxi affidabile a Ba\u0161ka:<\/strong><br \/>\nChe tu abbia bisogno di trasporto per la spiaggia, da Jurandvor, per un ristorante o per un&#8217;altra localit\u00e0:<\/p>\n<p>[\/et_pb_text][dsm_button button_one_text=&#8221;Invia richiesta&#8221; button_one_url=&#8221;#kontakt&#8221; button_two_text=&#8221;Chiamaci&#8221; button_two_url_type=&#8221;phone&#8221; button_two_phone_number=&#8221;+385993406329&#8243; button_alignment=&#8221;center&#8221; _builder_version=&#8221;4.25.2&#8243; _module_preset=&#8221;default&#8221; locked=&#8221;off&#8221; global_colors_info=&#8221;{}&#8221; theme_builder_area=&#8221;post_content&#8221;][\/dsm_button][et_pb_text _builder_version=&#8221;4.27.4&#8243; _module_preset=&#8221;default&#8221; text_font_size=&#8221;19px&#8221; background_layout=&#8221;dark&#8221; custom_margin=&#8221;||||false|false&#8221; global_colors_info=&#8221;{}&#8221; theme_builder_area=&#8221;post_content&#8221;]<\/p>\n<p style=\"text-align: center;\">OZ Taxi &amp; Travel offre trasporti per tutte le localit\u00e0 dell&#8217;isola di Krk, incluse Malinska, Punat, Njivice, \u0160ilo, Klimno, \u010ci\u017ei\u0107i, Omi\u0161alj, Ba\u0161ka, Vrbnik, Valbiska, oltre a trasferimenti per l&#8217;aeroporto di Rijeka. Stai pianificando un&#8217;escursione di un giorno da Krk? Facci sapere!  <\/p>\n<p>[\/et_pb_text][dsm_icon_list _builder_version=&#8221;4.27.3&#8243; _module_preset=&#8221;default&#8221; global_colors_info=&#8221;{}&#8221; theme_builder_area=&#8221;post_content&#8221;][\/dsm_icon_list][\/et_pb_column][\/et_pb_row][\/et_pb_section][et_pb_section fb_built=&#8221;1&#8243; _builder_version=&#8221;4.24.0&#8243; _module_preset=&#8221;default&#8221; global_colors_info=&#8221;{}&#8221; theme_builder_area=&#8221;post_content&#8221;][et_pb_row column_structure=&#8221;1_3,1_3,1_3&#8243; _builder_version=&#8221;4.24.0&#8243; _module_preset=&#8221;default&#8221; width=&#8221;95%&#8221; max_width=&#8221;1920px&#8221; global_colors_info=&#8221;{}&#8221; theme_builder_area=&#8221;post_content&#8221;][et_pb_column type=&#8221;1_3&#8243; _builder_version=&#8221;4.24.0&#8243; _module_preset=&#8221;default&#8221; background_color=&#8221;#efefef&#8221; custom_padding=&#8221;10px|10px|10px|10px|true|true&#8221; global_colors_info=&#8221;{}&#8221; theme_builder_area=&#8221;post_content&#8221;][et_pb_blurb title=&#8221;Servizio taxi veloce e affidabile&#8221; image=&#8221;https:\/\/oztravel.hr\/wp-content\/uploads\/2024\/06\/taxi-znak.webp&#8221; _builder_version=&#8221;4.24.0&#8243; _module_preset=&#8221;default&#8221; header_font=&#8221;|700|||||||&#8221; header_font_size=&#8221;28px&#8221; text_orientation=&#8221;center&#8221; custom_css_blurb_content=&#8221;p {||  max-width:90%;||  margin-inline:auto;||}&#8221; global_colors_info=&#8221;{}&#8221; theme_builder_area=&#8221;post_content&#8221;]<\/p>\n<p><span>I nostri taxi moderni e puliti sono la vostra migliore scelta per corse rapide ed efficienti all&#8217;interno di Krk e dintorni. Che siate turisti o locali, il nostro servizio \u00e8 adattato alle vostre esigenze. <\/span><\/p>\n<p>[\/et_pb_blurb][et_pb_button button_url=&#8221;@ET-DC@eyJkeW5hbWljIjp0cnVlLCJjb250ZW50IjoicG9zdF9saW5rX3VybF9wYWdlIiwic2V0dGluZ3MiOnsicG9zdF9pZCI6IjMxIiwiZW5hYmxlX2h0bWwiOiJvZmYifX0=@&#8221; button_text=&#8221;Scopri di pi\u00f9&#8221; button_alignment=&#8221;center&#8221; _builder_version=&#8221;4.25.2&#8243; _dynamic_attributes=&#8221;button_url&#8221; _module_preset=&#8221;default&#8221; custom_css_main_element=&#8221;width: 100%;&#8221; global_colors_info=&#8221;{}&#8221; theme_builder_area=&#8221;post_content&#8221;][\/et_pb_button][\/et_pb_column][et_pb_column type=&#8221;1_3&#8243; _builder_version=&#8221;4.24.0&#8243; _module_preset=&#8221;default&#8221; background_color=&#8221;#efefef&#8221; custom_padding=&#8221;10px|10px|10px|10px|false|false&#8221; global_colors_info=&#8221;{}&#8221; theme_builder_area=&#8221;post_content&#8221;][et_pb_blurb title=&#8221;Trasporto confortevole per i vostri gruppi&#8221; image=&#8221;https:\/\/oztravel.hr\/wp-content\/uploads\/2024\/06\/kombi-thumb.webp&#8221; _builder_version=&#8221;4.24.0&#8243; _module_preset=&#8221;default&#8221; header_font=&#8221;|700|||||||&#8221; header_font_size=&#8221;28px&#8221; text_orientation=&#8221;center&#8221; custom_css_blurb_content=&#8221;p {||  max-width:90%;||  margin-inline:auto;||}&#8221; global_colors_info=&#8221;{}&#8221; theme_builder_area=&#8221;post_content&#8221;]<\/p>\n<p><span>La soluzione ideale per gite organizzate, escursioni aziendali e gite scolastiche. I nostri minibus e autobus offrono comfort, sicurezza e flessibilit\u00e0 per qualsiasi gruppo e occasione. <\/span><\/p>\n<p>[\/et_pb_blurb][et_pb_button button_url=&#8221;@ET-DC@eyJkeW5hbWljIjp0cnVlLCJjb250ZW50IjoicG9zdF9saW5rX3VybF9wYWdlIiwic2V0dGluZ3MiOnsicG9zdF9pZCI6IjQ0IiwiZW5hYmxlX2h0bWwiOiJvZmYifX0=@&#8221; button_text=&#8221;Scopri di pi\u00f9&#8221; button_alignment=&#8221;center&#8221; _builder_version=&#8221;4.24.0&#8243; _dynamic_attributes=&#8221;button_url&#8221; _module_preset=&#8221;default&#8221; custom_css_main_element=&#8221;width: 100%;&#8221; global_colors_info=&#8221;{}&#8221; theme_builder_area=&#8221;post_content&#8221;][\/et_pb_button][\/et_pb_column][et_pb_column type=&#8221;1_3&#8243; _builder_version=&#8221;4.24.0&#8243; _module_preset=&#8221;default&#8221; background_color=&#8221;#efefef&#8221; custom_padding=&#8221;10px|10px|10px|10px|false|false&#8221; global_colors_info=&#8221;{}&#8221; theme_builder_area=&#8221;post_content&#8221;][et_pb_blurb title=&#8221;Esclusivit\u00e0 su ruote&#8221; image=&#8221;https:\/\/oztravel.hr\/wp-content\/uploads\/2024\/06\/audi-thumb-2.webp&#8221; _builder_version=&#8221;4.24.0&#8243; _module_preset=&#8221;default&#8221; header_font=&#8221;|700|||||||&#8221; header_font_size=&#8221;28px&#8221; text_orientation=&#8221;center&#8221; custom_css_blurb_content=&#8221;p {||  max-width:90%;||  margin-inline:auto;||}&#8221; global_colors_info=&#8221;{}&#8221; theme_builder_area=&#8221;post_content&#8221;]<\/p>\n<p><span>Offriamo trasporti discreti ed eleganti con la nostra Audi A6 berlina, perfetta per clienti aziendali, eventi e occasioni speciali. Vivete il lusso di prima classe e il servizio professionale. <\/span><\/p>\n<p>[\/et_pb_blurb][et_pb_button button_url=&#8221;@ET-DC@eyJkeW5hbWljIjp0cnVlLCJjb250ZW50IjoicG9zdF9saW5rX3VybF9wYWdlIiwic2V0dGluZ3MiOnsicG9zdF9pZCI6IjYyIiwiZW5hYmxlX2h0bWwiOiJvZmYifX0=@&#8221; button_text=&#8221;Scopri di pi\u00f9&#8221; button_alignment=&#8221;center&#8221; _builder_version=&#8221;4.24.0&#8243; _dynamic_attributes=&#8221;button_url&#8221; _module_preset=&#8221;default&#8221; custom_css_main_element=&#8221;width: 100%;&#8221; global_colors_info=&#8221;{}&#8221; theme_builder_area=&#8221;post_content&#8221;][\/et_pb_button][\/et_pb_column][\/et_pb_row][\/et_pb_section][et_pb_section fb_built=&#8221;1&#8243; _builder_version=&#8221;4.24.0&#8243; _module_preset=&#8221;default&#8221; background_color=&#8221;#e5e5e5&#8243; background_image=&#8221;https:\/\/oztravel.hr\/wp-content\/uploads\/2024\/06\/wide-mercedes.webp&#8221; border_width_top=&#8221;2px&#8221; border_color_top=&#8221;#D4AF37&#8243; border_width_bottom=&#8221;2px&#8221; border_color_bottom=&#8221;#D4AF37&#8243; global_module=&#8221;126&#8243; saved_tabs=&#8221;all&#8221; locked=&#8221;off&#8221; global_colors_info=&#8221;{}&#8221; theme_builder_area=&#8221;post_content&#8221;][et_pb_row _builder_version=&#8221;4.24.0&#8243; _module_preset=&#8221;default&#8221; locked=&#8221;off&#8221; global_colors_info=&#8221;{}&#8221; theme_builder_area=&#8221;post_content&#8221;][et_pb_column type=&#8221;4_4&#8243; _builder_version=&#8221;4.24.0&#8243; _module_preset=&#8221;default&#8221; global_colors_info=&#8221;{}&#8221; theme_builder_area=&#8221;post_content&#8221;][et_pb_text _builder_version=&#8221;4.24.0&#8243; _module_preset=&#8221;default&#8221; text_font=&#8221;|700|||||||&#8221; background_layout=&#8221;dark&#8221; global_colors_info=&#8221;{}&#8221; theme_builder_area=&#8221;post_content&#8221;]<\/p>\n<h2 style=\"text-align: center;\"><span>Trasporto rapido e facile &#8211; Prenota ora!<\/span><\/h2>\n<p>[\/et_pb_text][dsm_button button_one_text=&#8221;Invia richiesta&#8221; button_one_url=&#8221;#kontakt&#8221; button_two_text=&#8221;Chiamaci&#8221; button_two_url_type=&#8221;phone&#8221; button_two_phone_number=&#8221;+385993406329&#8243; button_alignment=&#8221;center&#8221; _builder_version=&#8221;4.25.2&#8243; _module_preset=&#8221;default&#8221; global_colors_info=&#8221;{}&#8221; theme_builder_area=&#8221;post_content&#8221;][\/dsm_button][\/et_pb_column][\/et_pb_row][\/et_pb_section][et_pb_section fb_built=&#8221;1&#8243; _builder_version=&#8221;4.24.0&#8243; _module_preset=&#8221;default&#8221; global_colors_info=&#8221;{}&#8221; theme_builder_area=&#8221;post_content&#8221;][et_pb_row _builder_version=&#8221;4.24.0&#8243; _module_preset=&#8221;default&#8221; global_colors_info=&#8221;{}&#8221; theme_builder_area=&#8221;post_content&#8221;][et_pb_column type=&#8221;4_4&#8243; _builder_version=&#8221;4.24.0&#8243; _module_preset=&#8221;default&#8221; global_colors_info=&#8221;{}&#8221; theme_builder_area=&#8221;post_content&#8221;][et_pb_text _builder_version=&#8221;4.24.0&#8243; _module_preset=&#8221;default&#8221; global_colors_info=&#8221;{}&#8221; theme_builder_area=&#8221;post_content&#8221;]<\/p>\n<h2>Domande frequenti<\/h2>\n<p>[\/et_pb_text][et_pb_accordion open_toggle_text_color=&#8221;#D4AF37&#8243; open_toggle_background_color=&#8221;#EFEFEF&#8221; closed_toggle_text_color=&#8221;#000000&#8243; closed_toggle_background_color=&#8221;rgba(212,175,55,0.12)&#8221; toggle_icon=&#8221;&#x43;||divi||400&#8243; icon_color=&#8221;#D4AF37&#8243; _builder_version=&#8221;4.25.2&#8243; _module_preset=&#8221;default&#8221; toggle_font=&#8221;|700|||||||&#8221; body_text_color=&#8221;#000000&#8243; body_link_text_color=&#8221;#224400&#8243; border_width_all=&#8221;0px&#8221; global_colors_info=&#8221;{}&#8221; theme_builder_area=&#8221;post_content&#8221;][et_pb_accordion_item title=&#8221;Come posso prenotare un taxi con OZ Taxi &amp; Travel?&#8221; open=&#8221;on&#8221; _builder_version=&#8221;4.25.2&#8243; _module_preset=&#8221;default&#8221; global_colors_info=&#8221;{}&#8221; theme_builder_area=&#8221;post_content&#8221;]<\/p>\n<p>Potete prenotare un servizio taxi attraverso il nostro sito web, per telefono al <a href=\"tel:00385993406329\">+385 99 340 6329<\/a> o inviando un&#8217;email a <a href=\"mailto:oz.prijevoz@gmail.com\">oz.prijevoz@gmail.com<\/a>.<\/p>\n<p>[\/et_pb_accordion_item][et_pb_accordion_item title=&#8221;Quali tipi di veicoli sono disponibili nella vostra flotta?&#8221; _builder_version=&#8221;4.25.2&#8243; _module_preset=&#8221;default&#8221; global_colors_info=&#8221;{}&#8221; theme_builder_area=&#8221;post_content&#8221; open=&#8221;off&#8221;]La nostra flotta attualmente comprende 6 diversi veicoli per coprire tutte le esigenze, dalle auto e i furgoni alle limousine.[\/et_pb_accordion_item][et_pb_accordion_item title=&#8221;Come posso pagare per il vostro servizio &#8211; accettate carte?&#8221; _builder_version=&#8221;4.25.2&#8243; _module_preset=&#8221;default&#8221; global_colors_info=&#8221;{}&#8221; theme_builder_area=&#8221;post_content&#8221; open=&#8221;off&#8221;]S\u00ec, accettiamo pagamenti con carta di credito, carta di debito e contanti.[\/et_pb_accordion_item][\/et_pb_accordion][\/et_pb_column][\/et_pb_row][\/et_pb_section]<\/p>\n","protected":false},"excerpt":{"rendered":"<p>Ba\u0161ka, annidata in una pittoresca baia nel sud-est dell&#8217;isola di Krk, circondata da vigneti e antichi uliveti, vanta una delle spiagge di ciottoli pi\u00f9 belle dell&#8217;Adriatico. Ma Ba\u0161ka \u00e8 molto pi\u00f9 che sole e mare. \u00c8 un luogo chiave nella storia croata grazie alla Tavoletta di Ba\u0161ka, un prezioso monumento della scrittura croata risalente al 1100 circa, trovato nella chiesa di Santa Lucia a Jurandvor. Sapevate che sulla tavoletta, oltre al nome del re Zvonimir, sono menzionati anche dettagli sulla costruzione della chiesa e una maledizione per coloro che avrebbero contestato la donazione? Il nome Ba\u0161ka (precedentemente Besca) fu menzionato per la prima volta nel 1232, e lo sviluppo turistico inizi\u00f2 con l&#8217;apertura dell&#8217;Hotel Zvonimir nel 1906, grazie alla visione di Emil Geistlich, il direttore ceco della fabbrica Mundus. Ba\u0161ka apr\u00ec anche il primo stabilimento balneare sull&#8217;isola con diciotto cabine. Oltre a Jurandvor, esplorate le strette &#8220;kale&#8221; (strade) di Ba\u0161ka, salite alla chiesetta di Nostra Signora di Gori\u010dka, per la quale la leggenda narra che la statua della Vergine Maria fu trasportata sulla collina dagli angeli, o scoprite i segreti dell&#8217;Altopiano della Luna. Forse sentirete anche la storia di un drago locale che un tempo abitava queste zone. Per tutte [&hellip;]<\/p>\n","protected":false},"author":1,"featured_media":0,"parent":0,"menu_order":0,"comment_status":"closed","ping_status":"closed","template":"","meta":{"_et_pb_use_builder":"on","_et_pb_old_content":"","_et_gb_content_width":"","footnotes":""},"class_list":["post-864","page","type-page","status-publish","hentry"],"_links":{"self":[{"href":"https:\/\/oztravel.hr\/it\/wp-json\/wp\/v2\/pages\/864","targetHints":{"allow":["GET"]}}],"collection":[{"href":"https:\/\/oztravel.hr\/it\/wp-json\/wp\/v2\/pages"}],"about":[{"href":"https:\/\/oztravel.hr\/it\/wp-json\/wp\/v2\/types\/page"}],"author":[{"embeddable":true,"href":"https:\/\/oztravel.hr\/it\/wp-json\/wp\/v2\/users\/1"}],"replies":[{"embeddable":true,"href":"https:\/\/oztravel.hr\/it\/wp-json\/wp\/v2\/comments?post=864"}],"version-history":[{"count":2,"href":"https:\/\/oztravel.hr\/it\/wp-json\/wp\/v2\/pages\/864\/revisions"}],"predecessor-version":[{"id":866,"href":"https:\/\/oztravel.hr\/it\/wp-json\/wp\/v2\/pages\/864\/revisions\/866"}],"wp:attachment":[{"href":"https:\/\/oztravel.hr\/it\/wp-json\/wp\/v2\/media?parent=864"}],"curies":[{"name":"wp","href":"https:\/\/api.w.org\/{rel}","templated":true}]}}